{"id":1030,"date":"2026-03-12T15:01:49","date_gmt":"2026-03-12T15:01:49","guid":{"rendered":"https:\/\/www.anivise.fr\/?page_id=1030"},"modified":"2026-03-13T16:56:41","modified_gmt":"2026-03-13T16:56:41","slug":"recherche-organismes","status":"publish","type":"page","link":"https:\/\/www.anivise.fr\/index.php\/recherche-organismes\/","title":{"rendered":"Recherche organismes"},"content":{"rendered":"\t\t<div data-elementor-type=\"wp-page\" data-elementor-id=\"1030\" class=\"elementor elementor-1030\" data-elementor-post-type=\"page\">\n\t\t\t\t<div class=\"elementor-element elementor-element-6289922 e-con-full e-flex e-con e-parent\" data-id=\"6289922\" data-element_type=\"container\">\n\t\t<div class=\"elementor-element elementor-element-bde1d28 e-flex e-con-boxed e-con e-child\" data-id=\"bde1d28\" data-element_type=\"container\" data-settings=\"{&quot;background_background&quot;:&quot;classic&quot;}\">\n\t\t\t\t\t<div class=\"e-con-inner\">\n\t\t\t\t<div class=\"elementor-element elementor-element-9b2b1fc elementor-widget elementor-widget-heading\" data-id=\"9b2b1fc\" data-element_type=\"widget\" data-widget_type=\"heading.default\">\n\t\t\t\t<div class=\"elementor-widget-container\">\n\t\t\t\t\t<h2 class=\"elementor-heading-title elementor-size-default\">Appui aux organismes de recherche<\/h2>\t\t\t\t<\/div>\n\t\t\t\t<\/div>\n\t\t\t\t\t<\/div>\n\t\t\t\t<\/div>\n\t\t\t\t<\/div>\n\t\t<div class=\"elementor-element elementor-element-6f9f839 e-flex e-con-boxed e-con e-parent\" data-id=\"6f9f839\" data-element_type=\"container\">\n\t\t\t\t\t<div class=\"e-con-inner\">\n\t\t<div class=\"elementor-element elementor-element-4cd686b e-con-full e-flex e-con e-child\" data-id=\"4cd686b\" data-element_type=\"container\">\n\t\t\t\t<div class=\"elementor-element elementor-element-2d053f3 elementor-widget elementor-widget-heading\" data-id=\"2d053f3\" data-element_type=\"widget\" data-widget_type=\"heading.default\">\n\t\t\t\t<div class=\"elementor-widget-container\">\n\t\t\t\t\t<h2 class=\"elementor-heading-title elementor-size-default\">Un appui scientifique<\/h2>\t\t\t\t<\/div>\n\t\t\t\t<\/div>\n\t\t\t\t<\/div>\n\t\t<div class=\"elementor-element elementor-element-4298fc9 e-con-full e-flex e-con e-child\" data-id=\"4298fc9\" data-element_type=\"container\">\n\t\t\t\t<div class=\"elementor-element elementor-element-8575b64 elementor-widget elementor-widget-text-editor\" data-id=\"8575b64\" data-element_type=\"widget\" data-widget_type=\"text-editor.default\">\n\t\t\t\t<div class=\"elementor-widget-container\">\n\t\t\t\t\t\t\t\t\t<p class=\"MsoNormal\">Notre bureau d\u2019\u00e9tudes intervient en support de programmes scientifiques port\u00e9s par des laboratoires et organismes de recherche.<\/p><p data-start=\"769\" data-end=\"1008\">Nous pouvons \u00e9galement <strong data-start=\"792\" data-end=\"880\">faciliter les collaborations entre organismes de recherche et structures zoologiques<\/strong>, en contribuant \u00e0 la conception de protocoles r\u00e9alisables en captivit\u00e9 et \u00e0 l\u2019exploitation scientifique des donn\u00e9es collect\u00e9es.<\/p>\t\t\t\t\t\t\t\t<\/div>\n\t\t\t\t<\/div>\n\t\t\t\t<\/div>\n\t\t\t\t\t<\/div>\n\t\t\t\t<\/div>\n\t\t<div class=\"elementor-element elementor-element-9b23a49 e-flex e-con-boxed e-con e-parent\" data-id=\"9b23a49\" data-element_type=\"container\">\n\t\t\t\t\t<div class=\"e-con-inner\">\n\t\t<div class=\"elementor-element elementor-element-ecc803a e-con-full e-flex e-con e-child\" data-id=\"ecc803a\" data-element_type=\"container\" data-settings=\"{&quot;background_background&quot;:&quot;classic&quot;}\">\n\t\t\t\t<div class=\"elementor-element elementor-element-0dbc350 elementor-widget elementor-widget-heading\" data-id=\"0dbc350\" data-element_type=\"widget\" data-widget_type=\"heading.default\">\n\t\t\t\t<div class=\"elementor-widget-container\">\n\t\t\t\t\t<h2 class=\"elementor-heading-title elementor-size-default\">ANIVISE dispose de chercheurs \u00e0 votre disposition<\/h2>\t\t\t\t<\/div>\n\t\t\t\t<\/div>\n\t\t\t\t<div class=\"elementor-element elementor-element-bf30419 elementor-widget elementor-widget-text-editor\" data-id=\"bf30419\" data-element_type=\"widget\" data-widget_type=\"text-editor.default\">\n\t\t\t\t<div class=\"elementor-widget-container\">\n\t\t\t\t\t\t\t\t\t<div data-id=\"c310499\" data-element_type=\"container\"><div data-id=\"399af48\" data-element_type=\"widget\" data-widget_type=\"text-editor.default\"><p class=\"MsoNormal\">Nous apportons une expertise sp\u00e9cialis\u00e9e en <strong data-start=\"587\" data-end=\"667\">\u00e9cologie sensorielle, biologie des oiseaux et \u00e9volutive<\/strong>, mobilisable depuis la formulation des hypoth\u00e8ses jusqu\u2019\u00e0 la valorisation acad\u00e9mique des r\u00e9sultats.<\/p><\/div><\/div>\t\t\t\t\t\t\t\t<\/div>\n\t\t\t\t<\/div>\n\t\t\t\t<\/div>\n\t\t\t\t\t<\/div>\n\t\t\t\t<\/div>\n\t\t<div class=\"elementor-element elementor-element-a045a7b e-flex e-con-boxed e-con e-parent\" data-id=\"a045a7b\" data-element_type=\"container\">\n\t\t\t\t\t<div class=\"e-con-inner\">\n\t\t<div class=\"elementor-element elementor-element-8766ac2 e-con-full e-flex e-con e-child\" data-id=\"8766ac2\" data-element_type=\"container\">\n\t\t<div class=\"elementor-element elementor-element-33d4beb e-con-full e-flex e-con e-child\" data-id=\"33d4beb\" data-element_type=\"container\" data-settings=\"{&quot;background_background&quot;:&quot;classic&quot;}\">\n\t\t<div class=\"elementor-element elementor-element-14fb4ae e-con-full e-flex e-con e-child\" data-id=\"14fb4ae\" data-element_type=\"container\" data-settings=\"{&quot;background_background&quot;:&quot;classic&quot;}\">\n\t\t\t\t<\/div>\n\t\t<div class=\"elementor-element elementor-element-9b3cb47 e-con-full e-flex e-con e-child\" data-id=\"9b3cb47\" data-element_type=\"container\">\n\t\t<div class=\"elementor-element elementor-element-2c770b3 e-con-full e-flex e-con e-child\" data-id=\"2c770b3\" data-element_type=\"container\" data-settings=\"{&quot;background_background&quot;:&quot;classic&quot;}\">\n\t\t\t\t<div class=\"elementor-element elementor-element-816db85 elementor-view-default elementor-widget elementor-widget-icon\" data-id=\"816db85\" data-element_type=\"widget\" data-widget_type=\"icon.default\">\n\t\t\t\t<div class=\"elementor-widget-container\">\n\t\t\t\t\t\t\t<div class=\"elementor-icon-wrapper\">\n\t\t\t<div class=\"elementor-icon\">\n\t\t\t<svg aria-hidden=\"true\" class=\"e-font-icon-svg e-fas-check-circle\" viewBox=\"0 0 512 512\" xmlns=\"http:\/\/www.w3.org\/2000\/svg\"><path d=\"M504 256c0 136.967-111.033 248-248 248S8 392.967 8 256 119.033 8 256 8s248 111.033 248 248zM227.314 387.314l184-184c6.248-6.248 6.248-16.379 0-22.627l-22.627-22.627c-6.248-6.249-16.379-6.249-22.628 0L216 308.118l-70.059-70.059c-6.248-6.248-16.379-6.248-22.628 0l-22.627 22.627c-6.248 6.248-6.248 16.379 0 22.627l104 104c6.249 6.249 16.379 6.249 22.628.001z\"><\/path><\/svg>\t\t\t<\/div>\n\t\t<\/div>\n\t\t\t\t\t\t<\/div>\n\t\t\t\t<\/div>\n\t\t\t\t<\/div>\n\t\t\t\t<div class=\"elementor-element elementor-element-f82d1eb elementor-widget elementor-widget-heading\" data-id=\"f82d1eb\" data-element_type=\"widget\" data-widget_type=\"heading.default\">\n\t\t\t\t<div class=\"elementor-widget-container\">\n\t\t\t\t\t<h2 class=\"elementor-heading-title elementor-size-default\">Nos expertises<\/h2>\t\t\t\t<\/div>\n\t\t\t\t<\/div>\n\t\t\t\t<\/div>\n\t\t\t\t<div class=\"elementor-element elementor-element-00ca4ee elementor-widget elementor-widget-text-editor\" data-id=\"00ca4ee\" data-element_type=\"widget\" data-widget_type=\"text-editor.default\">\n\t\t\t\t<div class=\"elementor-widget-container\">\n\t\t\t\t\t\t\t\t\t<p>Notre bureau d\u2019\u00e9tudes apporte un appui scientifique aux programmes de recherche, depuis la <strong data-start=\"91\" data-end=\"166\">formulation des hypoth\u00e8ses et la conception de protocoles exp\u00e9rimentaux<\/strong> jusqu\u2019\u00e0 la <strong data-start=\"178\" data-end=\"245\">collecte, l\u2019analyse et l\u2019interpr\u00e9tation des donn\u00e9es biologiques<\/strong>. Notre expertise porte notamment sur <strong data-start=\"283\" data-end=\"383\">l\u2019\u00e9cologie sensorielle, la biologie des oiseaux et l\u2019\u00e9valuation scientifique du bien-\u00eatre animal<\/strong>. Nous contribuons \u00e9galement \u00e0 la <strong data-start=\"417\" data-end=\"458\">valorisation acad\u00e9mique des r\u00e9sultats<\/strong>, notamment par la r\u00e9daction et la relecture de publications dans des revues \u00e0 comit\u00e9 de lecture.<\/p>\t\t\t\t\t\t\t\t<\/div>\n\t\t\t\t<\/div>\n\t\t<div class=\"elementor-element elementor-element-b57ca25 e-con-full e-flex e-con e-child\" data-id=\"b57ca25\" data-element_type=\"container\">\n\t\t\t\t<div class=\"elementor-element elementor-element-fd01e66 elementor-view-default elementor-widget elementor-widget-icon\" data-id=\"fd01e66\" data-element_type=\"widget\" data-widget_type=\"icon.default\">\n\t\t\t\t<div class=\"elementor-widget-container\">\n\t\t\t\t\t\t\t<div class=\"elementor-icon-wrapper\">\n\t\t\t<div class=\"elementor-icon\">\n\t\t\t<svg aria-hidden=\"true\" class=\"e-font-icon-svg e-fas-check\" viewBox=\"0 0 512 512\" xmlns=\"http:\/\/www.w3.org\/2000\/svg\"><path d=\"M173.898 439.404l-166.4-166.4c-9.997-9.997-9.997-26.206 0-36.204l36.203-36.204c9.997-9.998 26.207-9.998 36.204 0L192 312.69 432.095 72.596c9.997-9.997 26.207-9.997 36.204 0l36.203 36.204c9.997 9.997 9.997 26.206 0 36.204l-294.4 294.401c-9.998 9.997-26.207 9.997-36.204-.001z\"><\/path><\/svg>\t\t\t<\/div>\n\t\t<\/div>\n\t\t\t\t\t\t<\/div>\n\t\t\t\t<\/div>\n\t\t\t\t<div class=\"elementor-element elementor-element-3776c02 elementor-widget elementor-widget-text-editor\" data-id=\"3776c02\" data-element_type=\"widget\" data-widget_type=\"text-editor.default\">\n\t\t\t\t<div class=\"elementor-widget-container\">\n\t\t\t\t\t\t\t\t\t<p>Conception scientifique<\/p>\t\t\t\t\t\t\t\t<\/div>\n\t\t\t\t<\/div>\n\t\t\t\t<\/div>\n\t\t<div class=\"elementor-element elementor-element-4122501 e-con-full e-flex e-con e-child\" data-id=\"4122501\" data-element_type=\"container\">\n\t\t\t\t<div class=\"elementor-element elementor-element-1d948bd elementor-view-default elementor-widget elementor-widget-icon\" data-id=\"1d948bd\" data-element_type=\"widget\" data-widget_type=\"icon.default\">\n\t\t\t\t<div class=\"elementor-widget-container\">\n\t\t\t\t\t\t\t<div class=\"elementor-icon-wrapper\">\n\t\t\t<div class=\"elementor-icon\">\n\t\t\t<svg aria-hidden=\"true\" class=\"e-font-icon-svg e-fas-check\" viewBox=\"0 0 512 512\" xmlns=\"http:\/\/www.w3.org\/2000\/svg\"><path d=\"M173.898 439.404l-166.4-166.4c-9.997-9.997-9.997-26.206 0-36.204l36.203-36.204c9.997-9.998 26.207-9.998 36.204 0L192 312.69 432.095 72.596c9.997-9.997 26.207-9.997 36.204 0l36.203 36.204c9.997 9.997 9.997 26.206 0 36.204l-294.4 294.401c-9.998 9.997-26.207 9.997-36.204-.001z\"><\/path><\/svg>\t\t\t<\/div>\n\t\t<\/div>\n\t\t\t\t\t\t<\/div>\n\t\t\t\t<\/div>\n\t\t\t\t<div class=\"elementor-element elementor-element-6a2f78f elementor-widget elementor-widget-text-editor\" data-id=\"6a2f78f\" data-element_type=\"widget\" data-widget_type=\"text-editor.default\">\n\t\t\t\t<div class=\"elementor-widget-container\">\n\t\t\t\t\t\t\t\t\t<p>\u00c9cologie sensorielle et biologie des oiseaux<\/p>\t\t\t\t\t\t\t\t<\/div>\n\t\t\t\t<\/div>\n\t\t\t\t<\/div>\n\t\t<div class=\"elementor-element elementor-element-e4fba72 e-con-full e-flex e-con e-child\" data-id=\"e4fba72\" data-element_type=\"container\">\n\t\t\t\t<div class=\"elementor-element elementor-element-009478e elementor-view-default elementor-widget elementor-widget-icon\" data-id=\"009478e\" data-element_type=\"widget\" data-widget_type=\"icon.default\">\n\t\t\t\t<div class=\"elementor-widget-container\">\n\t\t\t\t\t\t\t<div class=\"elementor-icon-wrapper\">\n\t\t\t<div class=\"elementor-icon\">\n\t\t\t<svg aria-hidden=\"true\" class=\"e-font-icon-svg e-fas-check\" viewBox=\"0 0 512 512\" xmlns=\"http:\/\/www.w3.org\/2000\/svg\"><path d=\"M173.898 439.404l-166.4-166.4c-9.997-9.997-9.997-26.206 0-36.204l36.203-36.204c9.997-9.998 26.207-9.998 36.204 0L192 312.69 432.095 72.596c9.997-9.997 26.207-9.997 36.204 0l36.203 36.204c9.997 9.997 9.997 26.206 0 36.204l-294.4 294.401c-9.998 9.997-26.207 9.997-36.204-.001z\"><\/path><\/svg>\t\t\t<\/div>\n\t\t<\/div>\n\t\t\t\t\t\t<\/div>\n\t\t\t\t<\/div>\n\t\t\t\t<div class=\"elementor-element elementor-element-e07c1c7 elementor-widget elementor-widget-text-editor\" data-id=\"e07c1c7\" data-element_type=\"widget\" data-widget_type=\"text-editor.default\">\n\t\t\t\t<div class=\"elementor-widget-container\">\n\t\t\t\t\t\t\t\t\t<p>Bien-\u00eatre animal<\/p>\t\t\t\t\t\t\t\t<\/div>\n\t\t\t\t<\/div>\n\t\t\t\t<\/div>\n\t\t<div class=\"elementor-element elementor-element-0010b64 e-con-full e-flex e-con e-child\" data-id=\"0010b64\" data-element_type=\"container\">\n\t\t\t\t<div class=\"elementor-element elementor-element-2ddbf3e elementor-view-default elementor-widget elementor-widget-icon\" data-id=\"2ddbf3e\" data-element_type=\"widget\" data-widget_type=\"icon.default\">\n\t\t\t\t<div class=\"elementor-widget-container\">\n\t\t\t\t\t\t\t<div class=\"elementor-icon-wrapper\">\n\t\t\t<div class=\"elementor-icon\">\n\t\t\t<svg aria-hidden=\"true\" class=\"e-font-icon-svg e-fas-check\" viewBox=\"0 0 512 512\" xmlns=\"http:\/\/www.w3.org\/2000\/svg\"><path d=\"M173.898 439.404l-166.4-166.4c-9.997-9.997-9.997-26.206 0-36.204l36.203-36.204c9.997-9.998 26.207-9.998 36.204 0L192 312.69 432.095 72.596c9.997-9.997 26.207-9.997 36.204 0l36.203 36.204c9.997 9.997 9.997 26.206 0 36.204l-294.4 294.401c-9.998 9.997-26.207 9.997-36.204-.001z\"><\/path><\/svg>\t\t\t<\/div>\n\t\t<\/div>\n\t\t\t\t\t\t<\/div>\n\t\t\t\t<\/div>\n\t\t\t\t<div class=\"elementor-element elementor-element-048105d elementor-widget elementor-widget-text-editor\" data-id=\"048105d\" data-element_type=\"widget\" data-widget_type=\"text-editor.default\">\n\t\t\t\t<div class=\"elementor-widget-container\">\n\t\t\t\t\t\t\t\t\t<p>Acquisition et traitement des donn\u00e9es<\/p>\t\t\t\t\t\t\t\t<\/div>\n\t\t\t\t<\/div>\n\t\t\t\t<\/div>\n\t\t<div class=\"elementor-element elementor-element-54a98f0 e-con-full e-flex e-con e-child\" data-id=\"54a98f0\" data-element_type=\"container\">\n\t\t\t\t<div class=\"elementor-element elementor-element-b40c987 elementor-view-default elementor-widget elementor-widget-icon\" data-id=\"b40c987\" data-element_type=\"widget\" data-widget_type=\"icon.default\">\n\t\t\t\t<div class=\"elementor-widget-container\">\n\t\t\t\t\t\t\t<div class=\"elementor-icon-wrapper\">\n\t\t\t<div class=\"elementor-icon\">\n\t\t\t<svg aria-hidden=\"true\" class=\"e-font-icon-svg e-fas-check\" viewBox=\"0 0 512 512\" xmlns=\"http:\/\/www.w3.org\/2000\/svg\"><path d=\"M173.898 439.404l-166.4-166.4c-9.997-9.997-9.997-26.206 0-36.204l36.203-36.204c9.997-9.998 26.207-9.998 36.204 0L192 312.69 432.095 72.596c9.997-9.997 26.207-9.997 36.204 0l36.203 36.204c9.997 9.997 9.997 26.206 0 36.204l-294.4 294.401c-9.998 9.997-26.207 9.997-36.204-.001z\"><\/path><\/svg>\t\t\t<\/div>\n\t\t<\/div>\n\t\t\t\t\t\t<\/div>\n\t\t\t\t<\/div>\n\t\t\t\t<div class=\"elementor-element elementor-element-b63c205 elementor-widget elementor-widget-text-editor\" data-id=\"b63c205\" data-element_type=\"widget\" data-widget_type=\"text-editor.default\">\n\t\t\t\t<div class=\"elementor-widget-container\">\n\t\t\t\t\t\t\t\t\t<p>Valorisation scientifique<\/p>\t\t\t\t\t\t\t\t<\/div>\n\t\t\t\t<\/div>\n\t\t\t\t<\/div>\n\t\t\t\t<\/div>\n\t\t\t\t<\/div>\n\t\t\t\t\t<\/div>\n\t\t\t\t<\/div>\n\t\t<div class=\"elementor-element elementor-element-f7b90b7 e-flex e-con-boxed e-con e-parent\" data-id=\"f7b90b7\" data-element_type=\"container\">\n\t\t\t\t\t<div class=\"e-con-inner\">\n\t\t<div class=\"elementor-element elementor-element-af8edbe e-con-full e-flex e-con e-child\" data-id=\"af8edbe\" data-element_type=\"container\" data-settings=\"{&quot;background_background&quot;:&quot;classic&quot;}\">\n\t\t\t\t<div class=\"elementor-element elementor-element-ba67a1f elementor-widget elementor-widget-heading\" data-id=\"ba67a1f\" data-element_type=\"widget\" data-widget_type=\"heading.default\">\n\t\t\t\t<div class=\"elementor-widget-container\">\n\t\t\t\t\t<h2 class=\"elementor-heading-title elementor-size-default\">Interface recherche \u2013 structures zoologiques<\/h2>\t\t\t\t<\/div>\n\t\t\t\t<\/div>\n\t\t\t\t<div class=\"elementor-element elementor-element-fe92e7e elementor-widget elementor-widget-text-editor\" data-id=\"fe92e7e\" data-element_type=\"widget\" data-widget_type=\"text-editor.default\">\n\t\t\t\t<div class=\"elementor-widget-container\">\n\t\t\t\t\t\t\t\t\t<div data-id=\"c310499\" data-element_type=\"container\"><div data-id=\"399af48\" data-element_type=\"widget\" data-widget_type=\"text-editor.default\"><p data-start=\"2371\" data-end=\"2512\">Notre bureau d\u2019\u00e9tudes peut \u00e9galement intervenir comme <strong data-start=\"2425\" data-end=\"2511\">interface op\u00e9rationnelle entre laboratoires de recherche et structures zoologiques<\/strong>.<\/p><p data-start=\"2514\" data-end=\"2543\">Nous accompagnons notamment :<\/p><ul data-start=\"2545\" data-end=\"2836\"><li data-section-id=\"1xjrwe2\" data-start=\"2545\" data-end=\"2638\"><p data-start=\"2547\" data-end=\"2638\">la mise en place de projets scientifiques en parc zoologique<\/p><\/li><li data-section-id=\"u6e6g9\" data-start=\"2639\" data-end=\"2711\"><p data-start=\"2641\" data-end=\"2711\">l\u2019adaptation des protocoles exp\u00e9rimentaux aux contraintes de terrain<\/p><\/li><li data-section-id=\"pmiy7p\" data-start=\"2712\" data-end=\"2770\"><p data-start=\"2714\" data-end=\"2770\">la collecte de donn\u00e9es<\/p><\/li><li data-section-id=\"be1rl2\" data-start=\"2771\" data-end=\"2836\"><p data-start=\"2773\" data-end=\"2836\">la valorisation scientifique des r\u00e9sultats obtenus en captivit\u00e9<\/p><\/li><\/ul><p data-start=\"2838\" data-end=\"3016\">Cette approche permet de <strong data-start=\"2863\" data-end=\"2929\">mobiliser le potentiel scientifique des structures zoologiques<\/strong> tout en garantissant la rigueur m\u00e9thodologique attendue dans les projets de recherche.<\/p><\/div><\/div>\t\t\t\t\t\t\t\t<\/div>\n\t\t\t\t<\/div>\n\t\t\t\t<\/div>\n\t\t\t\t\t<\/div>\n\t\t\t\t<\/div>\n\t\t<div class=\"elementor-element elementor-element-ead8257 e-flex e-con-boxed e-con e-parent\" data-id=\"ead8257\" data-element_type=\"container\">\n\t\t\t\t\t<div class=\"e-con-inner\">\n\t\t\t\t<div class=\"elementor-element elementor-element-025b98e elementor-widget elementor-widget-spacer\" data-id=\"025b98e\" data-element_type=\"widget\" data-widget_type=\"spacer.default\">\n\t\t\t\t<div class=\"elementor-widget-container\">\n\t\t\t\t\t\t\t<div class=\"elementor-spacer\">\n\t\t\t<div class=\"elementor-spacer-inner\"><\/div>\n\t\t<\/div>\n\t\t\t\t\t\t<\/div>\n\t\t\t\t<\/div>\n\t\t\t\t\t<\/div>\n\t\t\t\t<\/div>\n\t\t<div class=\"elementor-element elementor-element-2b7b83f e-flex e-con-boxed e-con e-parent\" data-id=\"2b7b83f\" data-element_type=\"container\" data-settings=\"{&quot;background_background&quot;:&quot;classic&quot;}\">\n\t\t\t\t\t<div class=\"e-con-inner\">\n\t\t\t\t<div class=\"elementor-element elementor-element-535c8e1 elementor-widget elementor-widget-heading\" data-id=\"535c8e1\" data-element_type=\"widget\" data-widget_type=\"heading.default\">\n\t\t\t\t<div class=\"elementor-widget-container\">\n\t\t\t\t\t<h2 class=\"elementor-heading-title elementor-size-default\">N'h\u00e9sitez pas \u00e0 nous contacter pour la mise en place d'un projet de recherche<\/h2>\t\t\t\t<\/div>\n\t\t\t\t<\/div>\n\t\t\t\t<div class=\"elementor-element elementor-element-ac88bf3 elementor-widget elementor-widget-button\" data-id=\"ac88bf3\" data-element_type=\"widget\" data-widget_type=\"button.default\">\n\t\t\t\t<div class=\"elementor-widget-container\">\n\t\t\t\t\t\t\t\t\t<div class=\"elementor-button-wrapper\">\n\t\t\t\t\t<a class=\"elementor-button elementor-button-link elementor-size-sm\" href=\"https:\/\/www.anivise.fr\/index.php\/contact\/\">\n\t\t\t\t\t\t<span class=\"elementor-button-content-wrapper\">\n\t\t\t\t\t\t\t\t\t<span class=\"elementor-button-text\">Demandez un devis<\/span>\n\t\t\t\t\t<\/span>\n\t\t\t\t\t<\/a>\n\t\t\t\t<\/div>\n\t\t\t\t\t\t\t\t<\/div>\n\t\t\t\t<\/div>\n\t\t\t\t\t<\/div>\n\t\t\t\t<\/div>\n\t\t\t\t<\/div>\n\t\t","protected":false},"excerpt":{"rendered":"<p>Appui aux organismes de recherche Un appui scientifique Notre bureau d\u2019\u00e9tudes intervient en support de programmes scientifiques port\u00e9s par des laboratoires et organismes de recherche. Nous pouvons \u00e9galement faciliter les collaborations entre organismes de recherche et structures zoologiques, en contribuant \u00e0 la conception de protocoles r\u00e9alisables en captivit\u00e9 et \u00e0 l\u2019exploitation scientifique des donn\u00e9es collect\u00e9es. [&hellip;]<\/p>\n","protected":false},"author":1,"featured_media":0,"parent":0,"menu_order":0,"comment_status":"closed","ping_status":"closed","template":"","meta":{"footnotes":""},"class_list":["post-1030","page","type-page","status-publish","hentry"],"_links":{"self":[{"href":"https:\/\/www.anivise.fr\/index.php\/wp-json\/wp\/v2\/pages\/1030","targetHints":{"allow":["GET"]}}],"collection":[{"href":"https:\/\/www.anivise.fr\/index.php\/wp-json\/wp\/v2\/pages"}],"about":[{"href":"https:\/\/www.anivise.fr\/index.php\/wp-json\/wp\/v2\/types\/page"}],"author":[{"embeddable":true,"href":"https:\/\/www.anivise.fr\/index.php\/wp-json\/wp\/v2\/users\/1"}],"replies":[{"embeddable":true,"href":"https:\/\/www.anivise.fr\/index.php\/wp-json\/wp\/v2\/comments?post=1030"}],"version-history":[{"count":10,"href":"https:\/\/www.anivise.fr\/index.php\/wp-json\/wp\/v2\/pages\/1030\/revisions"}],"predecessor-version":[{"id":1232,"href":"https:\/\/www.anivise.fr\/index.php\/wp-json\/wp\/v2\/pages\/1030\/revisions\/1232"}],"wp:attachment":[{"href":"https:\/\/www.anivise.fr\/index.php\/wp-json\/wp\/v2\/media?parent=1030"}],"curies":[{"name":"wp","href":"https:\/\/api.w.org\/{rel}","templated":true}]}}