{"id":1083,"date":"2026-03-12T19:57:31","date_gmt":"2026-03-12T19:57:31","guid":{"rendered":"https:\/\/www.anivise.fr\/?page_id=1083"},"modified":"2026-03-14T07:07:16","modified_gmt":"2026-03-14T07:07:16","slug":"qui-sommes-nous","status":"publish","type":"page","link":"https:\/\/www.anivise.fr\/index.php\/qui-sommes-nous\/","title":{"rendered":"Qui sommes-nous ?"},"content":{"rendered":"\t\t<div data-elementor-type=\"wp-page\" data-elementor-id=\"1083\" class=\"elementor elementor-1083\" data-elementor-post-type=\"page\">\n\t\t\t\t<div class=\"elementor-element elementor-element-7467b62 e-con-full e-flex e-con e-parent\" data-id=\"7467b62\" data-element_type=\"container\" data-settings=\"{&quot;background_background&quot;:&quot;classic&quot;}\">\n\t\t\t\t<div class=\"elementor-element elementor-element-9ca78f0 elementor-widget elementor-widget-heading\" data-id=\"9ca78f0\" data-element_type=\"widget\" data-widget_type=\"heading.default\">\n\t\t\t\t<div class=\"elementor-widget-container\">\n\t\t\t\t\t<h2 class=\"elementor-heading-title elementor-size-default\">QUI SOMMES-NOUS ?<\/h2>\t\t\t\t<\/div>\n\t\t\t\t<\/div>\n\t\t\t\t<div class=\"elementor-element elementor-element-3f11a5d elementor-widget elementor-widget-heading\" data-id=\"3f11a5d\" data-element_type=\"widget\" data-widget_type=\"heading.default\">\n\t\t\t\t<div class=\"elementor-widget-container\">\n\t\t\t\t\t<h2 class=\"elementor-heading-title elementor-size-default\">En savoir plus sur ANIVISE et Simon Potier<\/h2>\t\t\t\t<\/div>\n\t\t\t\t<\/div>\n\t\t\t\t<\/div>\n\t\t<div class=\"elementor-element elementor-element-0f86182 e-flex e-con-boxed e-con e-parent\" data-id=\"0f86182\" data-element_type=\"container\">\n\t\t\t\t\t<div class=\"e-con-inner\">\n\t\t<div class=\"elementor-element elementor-element-4769ea8 e-con-full e-flex e-con e-child\" data-id=\"4769ea8\" data-element_type=\"container\">\n\t\t\t\t<div class=\"elementor-element elementor-element-9796a58 elementor-widget elementor-widget-image\" data-id=\"9796a58\" data-element_type=\"widget\" data-widget_type=\"image.default\">\n\t\t\t\t<div class=\"elementor-widget-container\">\n\t\t\t\t\t\t\t\t\t\t\t\t\t\t\t<img fetchpriority=\"high\" decoding=\"async\" width=\"800\" height=\"600\" src=\"https:\/\/www.anivise.fr\/wp-content\/uploads\/2026\/03\/SPotier-2023-09-20-1024x768.jpg\" class=\"attachment-large size-large wp-image-1087\" alt=\"\" srcset=\"https:\/\/www.anivise.fr\/wp-content\/uploads\/2026\/03\/SPotier-2023-09-20-1024x768.jpg 1024w, https:\/\/www.anivise.fr\/wp-content\/uploads\/2026\/03\/SPotier-2023-09-20-300x225.jpg 300w, https:\/\/www.anivise.fr\/wp-content\/uploads\/2026\/03\/SPotier-2023-09-20-768x576.jpg 768w, https:\/\/www.anivise.fr\/wp-content\/uploads\/2026\/03\/SPotier-2023-09-20-1536x1152.jpg 1536w, https:\/\/www.anivise.fr\/wp-content\/uploads\/2026\/03\/SPotier-2023-09-20-2048x1536.jpg 2048w\" sizes=\"(max-width: 800px) 100vw, 800px\" \/>\t\t\t\t\t\t\t\t\t\t\t\t\t\t\t<\/div>\n\t\t\t\t<\/div>\n\t\t\t\t<div class=\"elementor-element elementor-element-f560b59 elementor-widget elementor-widget-image\" data-id=\"f560b59\" data-element_type=\"widget\" data-widget_type=\"image.default\">\n\t\t\t\t<div class=\"elementor-widget-container\">\n\t\t\t\t\t\t\t\t\t\t\t\t\t\t\t<img decoding=\"async\" width=\"800\" height=\"450\" src=\"https:\/\/www.anivise.fr\/wp-content\/uploads\/2026\/03\/Logo-Anivise-Site-1024x576.png\" class=\"attachment-large size-large wp-image-1088\" alt=\"\" srcset=\"https:\/\/www.anivise.fr\/wp-content\/uploads\/2026\/03\/Logo-Anivise-Site-1024x576.png 1024w, https:\/\/www.anivise.fr\/wp-content\/uploads\/2026\/03\/Logo-Anivise-Site-300x169.png 300w, https:\/\/www.anivise.fr\/wp-content\/uploads\/2026\/03\/Logo-Anivise-Site-768x432.png 768w, https:\/\/www.anivise.fr\/wp-content\/uploads\/2026\/03\/Logo-Anivise-Site-1536x864.png 1536w, https:\/\/www.anivise.fr\/wp-content\/uploads\/2026\/03\/Logo-Anivise-Site-2048x1152.png 2048w\" sizes=\"(max-width: 800px) 100vw, 800px\" \/>\t\t\t\t\t\t\t\t\t\t\t\t\t\t\t<\/div>\n\t\t\t\t<\/div>\n\t\t\t\t<div class=\"elementor-element elementor-element-9b7d4f0 elementor-widget elementor-widget-text-editor\" data-id=\"9b7d4f0\" data-element_type=\"widget\" data-widget_type=\"text-editor.default\">\n\t\t\t\t<div class=\"elementor-widget-container\">\n\t\t\t\t\t\t\t\t\t<p><strong>ANIVISE<\/strong> a \u00e9t\u00e9 cr\u00e9\u00e9 par <strong>Simon Potier<\/strong> en 2026, qui exer\u00e7ait avant sous le nom de Simon Potier Expert Scientifique.<\/p>\t\t\t\t\t\t\t\t<\/div>\n\t\t\t\t<\/div>\n\t\t\t\t<\/div>\n\t\t<div class=\"elementor-element elementor-element-df568b9 e-con-full e-flex e-con e-child\" data-id=\"df568b9\" data-element_type=\"container\">\n\t\t\t\t<div class=\"elementor-element elementor-element-d3e65a4 elementor-widget elementor-widget-heading\" data-id=\"d3e65a4\" data-element_type=\"widget\" data-widget_type=\"heading.default\">\n\t\t\t\t<div class=\"elementor-widget-container\">\n\t\t\t\t\t<h2 class=\"elementor-heading-title elementor-size-default\">Un parcours atypique<\/h2>\t\t\t\t<\/div>\n\t\t\t\t<\/div>\n\t\t\t\t<div class=\"elementor-element elementor-element-c96cbf9 elementor-widget elementor-widget-text-editor\" data-id=\"c96cbf9\" data-element_type=\"widget\" data-widget_type=\"text-editor.default\">\n\t\t\t\t<div class=\"elementor-widget-container\">\n\t\t\t\t\t\t\t\t\t<p data-start=\"198\" data-end=\"518\">Simon Potier a travaill\u00e9 comme <strong>chercheur en \u00e9cologie sensorielle<\/strong>, biologie de la conservation et bien-\u00eatre animal pendant huit ans au sein d\u2019institutions acad\u00e9miques (CNRS, Universit\u00e9 de Montpellier, Universit\u00e9 de Lund \u2013 Su\u00e8de), avant de poursuivre ses activit\u00e9s depuis 2021 en tant qu\u2019expert scientifique ind\u00e9pendant.<\/p><p data-start=\"520\" data-end=\"745\">Il est <strong>expert national<\/strong> depuis 2023 aupr\u00e8s de la <strong>Commission Nationale Consultative pour la Faune Sauvage Captive<\/strong> du Minist\u00e8re de la Transition \u00c9cologique, sur les questions relatives \u00e0 <strong>l\u2019\u00e9levage et \u00e0 la pr\u00e9sentation au public d\u2019oiseaux<\/strong>.<\/p><p data-start=\"747\" data-end=\"1056\">Simon Potier pratique la pr\u00e9sentation de rapaces en vol libre depuis <strong>plus de vingt ans<\/strong> et est titulaire, depuis 2018, du <strong>certificat de capacit\u00e9 pour la pr\u00e9sentation au public de tous rapaces et corvid\u00e9s<\/strong>.<\/p><p data-start=\"1058\" data-end=\"1490\">En tant qu\u2019expert scientifique, il contribue \u00e9galement aux travaux de plusieurs commissions et groupes scientifiques au sein d\u2019organisations reconnues pour leurs actions en faveur de la conservation des esp\u00e8ces, notamment l\u2019UICN (Union internationale pour la conservation de la nature), l\u2019AFdPZ (Association fran\u00e7aise des parcs zoologiques), l\u2019IAF (International Association of Falconry) et l\u2019AVM (Association des voleries mobiles).<\/p>\t\t\t\t\t\t\t\t<\/div>\n\t\t\t\t<\/div>\n\t\t\t\t<\/div>\n\t\t\t\t\t<\/div>\n\t\t\t\t<\/div>\n\t\t<div class=\"elementor-element elementor-element-13bd88c e-flex e-con-boxed e-con e-parent\" data-id=\"13bd88c\" data-element_type=\"container\">\n\t\t\t\t\t<div class=\"e-con-inner\">\n\t\t\t\t<div class=\"elementor-element elementor-element-9e08c79 elementor-widget elementor-widget-spacer\" data-id=\"9e08c79\" data-element_type=\"widget\" data-widget_type=\"spacer.default\">\n\t\t\t\t<div class=\"elementor-widget-container\">\n\t\t\t\t\t\t\t<div class=\"elementor-spacer\">\n\t\t\t<div class=\"elementor-spacer-inner\"><\/div>\n\t\t<\/div>\n\t\t\t\t\t\t<\/div>\n\t\t\t\t<\/div>\n\t\t\t\t\t<\/div>\n\t\t\t\t<\/div>\n\t\t<div class=\"elementor-element elementor-element-45e5862 e-flex e-con-boxed e-con e-parent\" data-id=\"45e5862\" data-element_type=\"container\">\n\t\t\t\t\t<div class=\"e-con-inner\">\n\t\t\t\t<div class=\"elementor-element elementor-element-d2a5fe4 elementor-widget elementor-widget-heading\" data-id=\"d2a5fe4\" data-element_type=\"widget\" data-widget_type=\"heading.default\">\n\t\t\t\t<div class=\"elementor-widget-container\">\n\t\t\t\t\t<h2 class=\"elementor-heading-title elementor-size-default\">Implication dans les structures nationales et internationales<\/h2>\t\t\t\t<\/div>\n\t\t\t\t<\/div>\n\t\t\t\t\t<\/div>\n\t\t\t\t<\/div>\n\t\t<div class=\"elementor-element elementor-element-9c211d7 e-flex e-con-boxed e-con e-parent\" data-id=\"9c211d7\" data-element_type=\"container\">\n\t\t\t\t\t<div class=\"e-con-inner\">\n\t\t<div class=\"elementor-element elementor-element-e8b2c0f e-con-full e-flex e-con e-child\" data-id=\"e8b2c0f\" data-element_type=\"container\">\n\t\t<div class=\"elementor-element elementor-element-509b312 e-con-full e-flex e-con e-child\" data-id=\"509b312\" data-element_type=\"container\">\n\t\t\t\t<div class=\"elementor-element elementor-element-3ce0033 elementor-widget elementor-widget-image\" data-id=\"3ce0033\" data-element_type=\"widget\" data-widget_type=\"image.default\">\n\t\t\t\t<div class=\"elementor-widget-container\">\n\t\t\t\t\t\t\t\t\t\t\t\t\t\t\t<img decoding=\"async\" width=\"800\" height=\"764\" src=\"https:\/\/www.anivise.fr\/wp-content\/uploads\/2026\/03\/IUCN_logo.svg_-1024x978.png\" class=\"attachment-large size-large wp-image-1093\" alt=\"\" srcset=\"https:\/\/www.anivise.fr\/wp-content\/uploads\/2026\/03\/IUCN_logo.svg_-1024x978.png 1024w, https:\/\/www.anivise.fr\/wp-content\/uploads\/2026\/03\/IUCN_logo.svg_-300x287.png 300w, https:\/\/www.anivise.fr\/wp-content\/uploads\/2026\/03\/IUCN_logo.svg_-768x734.png 768w, https:\/\/www.anivise.fr\/wp-content\/uploads\/2026\/03\/IUCN_logo.svg_.png 1280w\" sizes=\"(max-width: 800px) 100vw, 800px\" \/>\t\t\t\t\t\t\t\t\t\t\t\t\t\t\t<\/div>\n\t\t\t\t<\/div>\n\t\t\t\t<div class=\"elementor-element elementor-element-ff6ae0e elementor-widget elementor-widget-text-editor\" data-id=\"ff6ae0e\" data-element_type=\"widget\" data-widget_type=\"text-editor.default\">\n\t\t\t\t<div class=\"elementor-widget-container\">\n\t\t\t\t\t\t\t\t\t<p>R\u00e9f\u00e9rent fran\u00e7ais du groupe SUME<\/p>\t\t\t\t\t\t\t\t<\/div>\n\t\t\t\t<\/div>\n\t\t\t\t<\/div>\n\t\t<div class=\"elementor-element elementor-element-eba2057 e-con-full e-flex e-con e-child\" data-id=\"eba2057\" data-element_type=\"container\">\n\t\t\t\t<div class=\"elementor-element elementor-element-56d3aad elementor-widget elementor-widget-image\" data-id=\"56d3aad\" data-element_type=\"widget\" data-widget_type=\"image.default\">\n\t\t\t\t<div class=\"elementor-widget-container\">\n\t\t\t\t\t\t\t\t\t\t\t\t\t\t\t<img loading=\"lazy\" decoding=\"async\" width=\"543\" height=\"477\" src=\"https:\/\/www.anivise.fr\/wp-content\/uploads\/2026\/03\/AFdPZ-LOGO-vert.png\" class=\"attachment-large size-large wp-image-1098\" alt=\"\" srcset=\"https:\/\/www.anivise.fr\/wp-content\/uploads\/2026\/03\/AFdPZ-LOGO-vert.png 543w, https:\/\/www.anivise.fr\/wp-content\/uploads\/2026\/03\/AFdPZ-LOGO-vert-300x264.png 300w\" sizes=\"(max-width: 543px) 100vw, 543px\" \/>\t\t\t\t\t\t\t\t\t\t\t\t\t\t\t<\/div>\n\t\t\t\t<\/div>\n\t\t\t\t<div class=\"elementor-element elementor-element-f2ad0d1 elementor-widget elementor-widget-text-editor\" data-id=\"f2ad0d1\" data-element_type=\"widget\" data-widget_type=\"text-editor.default\">\n\t\t\t\t<div class=\"elementor-widget-container\">\n\t\t\t\t\t\t\t\t\t<p>Membre de la commission recherche<\/p>\t\t\t\t\t\t\t\t<\/div>\n\t\t\t\t<\/div>\n\t\t\t\t<\/div>\n\t\t<div class=\"elementor-element elementor-element-eb2135e e-con-full e-flex e-con e-child\" data-id=\"eb2135e\" data-element_type=\"container\">\n\t\t\t\t<div class=\"elementor-element elementor-element-4dc446c elementor-widget elementor-widget-image\" data-id=\"4dc446c\" data-element_type=\"widget\" data-widget_type=\"image.default\">\n\t\t\t\t<div class=\"elementor-widget-container\">\n\t\t\t\t\t\t\t\t\t\t\t\t\t\t\t<img loading=\"lazy\" decoding=\"async\" width=\"800\" height=\"623\" src=\"https:\/\/www.anivise.fr\/wp-content\/uploads\/2026\/03\/Ministere_de_la_Transition_ecologique_de_lEnergie_du_Climat_et_de_la_Prevention_des_risques-1024x798.png\" class=\"attachment-large size-large wp-image-1097\" alt=\"\" srcset=\"https:\/\/www.anivise.fr\/wp-content\/uploads\/2026\/03\/Ministere_de_la_Transition_ecologique_de_lEnergie_du_Climat_et_de_la_Prevention_des_risques-1024x798.png 1024w, https:\/\/www.anivise.fr\/wp-content\/uploads\/2026\/03\/Ministere_de_la_Transition_ecologique_de_lEnergie_du_Climat_et_de_la_Prevention_des_risques-300x234.png 300w, https:\/\/www.anivise.fr\/wp-content\/uploads\/2026\/03\/Ministere_de_la_Transition_ecologique_de_lEnergie_du_Climat_et_de_la_Prevention_des_risques-768x598.png 768w, https:\/\/www.anivise.fr\/wp-content\/uploads\/2026\/03\/Ministere_de_la_Transition_ecologique_de_lEnergie_du_Climat_et_de_la_Prevention_des_risques-1536x1197.png 1536w, https:\/\/www.anivise.fr\/wp-content\/uploads\/2026\/03\/Ministere_de_la_Transition_ecologique_de_lEnergie_du_Climat_et_de_la_Prevention_des_risques.png 1712w\" sizes=\"(max-width: 800px) 100vw, 800px\" \/>\t\t\t\t\t\t\t\t\t\t\t\t\t\t\t<\/div>\n\t\t\t\t<\/div>\n\t\t\t\t<div class=\"elementor-element elementor-element-fb9726b elementor-widget elementor-widget-text-editor\" data-id=\"fb9726b\" data-element_type=\"widget\" data-widget_type=\"text-editor.default\">\n\t\t\t\t<div class=\"elementor-widget-container\">\n\t\t\t\t\t\t\t\t\t<p>Membre titulaire de la CNCFSC<\/p>\t\t\t\t\t\t\t\t<\/div>\n\t\t\t\t<\/div>\n\t\t\t\t<\/div>\n\t\t<div class=\"elementor-element elementor-element-f88e75b e-con-full e-flex e-con e-child\" data-id=\"f88e75b\" data-element_type=\"container\">\n\t\t\t\t<div class=\"elementor-element elementor-element-0b00b5f elementor-widget elementor-widget-image\" data-id=\"0b00b5f\" data-element_type=\"widget\" data-widget_type=\"image.default\">\n\t\t\t\t<div class=\"elementor-widget-container\">\n\t\t\t\t\t\t\t\t\t\t\t\t\t\t\t<img loading=\"lazy\" decoding=\"async\" width=\"285\" height=\"160\" src=\"https:\/\/www.anivise.fr\/wp-content\/uploads\/2026\/03\/LADU.jpg\" class=\"attachment-large size-large wp-image-1099\" alt=\"\" \/>\t\t\t\t\t\t\t\t\t\t\t\t\t\t\t<\/div>\n\t\t\t\t<\/div>\n\t\t\t\t<div class=\"elementor-element elementor-element-207909a elementor-widget elementor-widget-text-editor\" data-id=\"207909a\" data-element_type=\"widget\" data-widget_type=\"text-editor.default\">\n\t\t\t\t<div class=\"elementor-widget-container\">\n\t\t\t\t\t\t\t\t\t<p>Capacitaire tous rapaces et tous corvid\u00e9s<\/p>\t\t\t\t\t\t\t\t<\/div>\n\t\t\t\t<\/div>\n\t\t\t\t<\/div>\n\t\t\t\t<\/div>\n\t\t\t\t\t<\/div>\n\t\t\t\t<\/div>\n\t\t<div class=\"elementor-element elementor-element-7306263 e-flex e-con-boxed e-con e-parent\" data-id=\"7306263\" data-element_type=\"container\">\n\t\t\t\t\t<div class=\"e-con-inner\">\n\t\t<div class=\"elementor-element elementor-element-4922637 e-con-full e-flex e-con e-child\" data-id=\"4922637\" data-element_type=\"container\">\n\t\t<div class=\"elementor-element elementor-element-07e3c6a e-con-full e-flex e-con e-child\" data-id=\"07e3c6a\" data-element_type=\"container\">\n\t\t\t\t<div class=\"elementor-element elementor-element-ecfb69a elementor-widget elementor-widget-image\" data-id=\"ecfb69a\" data-element_type=\"widget\" data-widget_type=\"image.default\">\n\t\t\t\t<div class=\"elementor-widget-container\">\n\t\t\t\t\t\t\t\t\t\t\t\t\t\t\t<img loading=\"lazy\" decoding=\"async\" width=\"779\" height=\"1024\" src=\"https:\/\/www.anivise.fr\/wp-content\/uploads\/2026\/03\/Logo-AVM-779x1024.png\" class=\"attachment-large size-large wp-image-1100\" alt=\"\" srcset=\"https:\/\/www.anivise.fr\/wp-content\/uploads\/2026\/03\/Logo-AVM-779x1024.png 779w, https:\/\/www.anivise.fr\/wp-content\/uploads\/2026\/03\/Logo-AVM-scaled-e1773347742661.png 228w, https:\/\/www.anivise.fr\/wp-content\/uploads\/2026\/03\/Logo-AVM-768x1010.png 768w, https:\/\/www.anivise.fr\/wp-content\/uploads\/2026\/03\/Logo-AVM-1168x1536.png 1168w, https:\/\/www.anivise.fr\/wp-content\/uploads\/2026\/03\/Logo-AVM-1557x2048.png 1557w\" sizes=\"(max-width: 779px) 100vw, 779px\" \/>\t\t\t\t\t\t\t\t\t\t\t\t\t\t\t<\/div>\n\t\t\t\t<\/div>\n\t\t\t\t<div class=\"elementor-element elementor-element-b2072aa elementor-widget elementor-widget-text-editor\" data-id=\"b2072aa\" data-element_type=\"widget\" data-widget_type=\"text-editor.default\">\n\t\t\t\t<div class=\"elementor-widget-container\">\n\t\t\t\t\t\t\t\t\t<p>Tr\u00e9sorier<\/p>\t\t\t\t\t\t\t\t<\/div>\n\t\t\t\t<\/div>\n\t\t\t\t<\/div>\n\t\t<div class=\"elementor-element elementor-element-29070d4 e-con-full e-flex e-con e-child\" data-id=\"29070d4\" data-element_type=\"container\">\n\t\t\t\t<div class=\"elementor-element elementor-element-d90fa4e elementor-widget elementor-widget-image\" data-id=\"d90fa4e\" data-element_type=\"widget\" data-widget_type=\"image.default\">\n\t\t\t\t<div class=\"elementor-widget-container\">\n\t\t\t\t\t\t\t\t\t\t\t\t\t\t\t<img loading=\"lazy\" decoding=\"async\" width=\"800\" height=\"767\" src=\"https:\/\/www.anivise.fr\/wp-content\/uploads\/2026\/03\/IAF-logo-no-white-around-circle-1-1024x982.png\" class=\"attachment-large size-large wp-image-1096\" alt=\"\" srcset=\"https:\/\/www.anivise.fr\/wp-content\/uploads\/2026\/03\/IAF-logo-no-white-around-circle-1-1024x982.png 1024w, https:\/\/www.anivise.fr\/wp-content\/uploads\/2026\/03\/IAF-logo-no-white-around-circle-1-300x288.png 300w, https:\/\/www.anivise.fr\/wp-content\/uploads\/2026\/03\/IAF-logo-no-white-around-circle-1-768x736.png 768w, https:\/\/www.anivise.fr\/wp-content\/uploads\/2026\/03\/IAF-logo-no-white-around-circle-1.png 1121w\" sizes=\"(max-width: 800px) 100vw, 800px\" \/>\t\t\t\t\t\t\t\t\t\t\t\t\t\t\t<\/div>\n\t\t\t\t<\/div>\n\t\t\t\t<div class=\"elementor-element elementor-element-5151ae2 elementor-widget elementor-widget-text-editor\" data-id=\"5151ae2\" data-element_type=\"widget\" data-widget_type=\"text-editor.default\">\n\t\t\t\t<div class=\"elementor-widget-container\">\n\t\t\t\t\t\t\t\t\t<p>Membre de la commission recherche et conservation<\/p>\t\t\t\t\t\t\t\t<\/div>\n\t\t\t\t<\/div>\n\t\t\t\t<\/div>\n\t\t<div class=\"elementor-element elementor-element-4b0d686 e-con-full e-flex e-con e-child\" data-id=\"4b0d686\" data-element_type=\"container\">\n\t\t\t\t<div class=\"elementor-element elementor-element-2dc9708 elementor-widget elementor-widget-image\" data-id=\"2dc9708\" data-element_type=\"widget\" data-widget_type=\"image.default\">\n\t\t\t\t<div class=\"elementor-widget-container\">\n\t\t\t\t\t\t\t\t\t\t\t\t\t\t\t<img loading=\"lazy\" decoding=\"async\" width=\"250\" height=\"105\" src=\"https:\/\/www.anivise.fr\/wp-content\/uploads\/2026\/03\/projet-mape.png\" class=\"attachment-large size-large wp-image-1095\" alt=\"\" \/>\t\t\t\t\t\t\t\t\t\t\t\t\t\t\t<\/div>\n\t\t\t\t<\/div>\n\t\t\t\t<div class=\"elementor-element elementor-element-98c5389 elementor-widget elementor-widget-text-editor\" data-id=\"98c5389\" data-element_type=\"widget\" data-widget_type=\"text-editor.default\">\n\t\t\t\t<div class=\"elementor-widget-container\">\n\t\t\t\t\t\t\t\t\t<p>Membre du comit\u00e9 scientifique<\/p>\t\t\t\t\t\t\t\t<\/div>\n\t\t\t\t<\/div>\n\t\t\t\t<\/div>\n\t\t<div class=\"elementor-element elementor-element-b087df9 e-con-full e-flex e-con e-child\" data-id=\"b087df9\" data-element_type=\"container\">\n\t\t\t\t<div class=\"elementor-element elementor-element-7921e43 elementor-widget elementor-widget-image\" data-id=\"7921e43\" data-element_type=\"widget\" data-widget_type=\"image.default\">\n\t\t\t\t<div class=\"elementor-widget-container\">\n\t\t\t\t\t\t\t\t\t\t\t\t\t\t\t<img loading=\"lazy\" decoding=\"async\" width=\"664\" height=\"657\" src=\"https:\/\/www.anivise.fr\/wp-content\/uploads\/2026\/03\/logo-lpo.jpg\" class=\"attachment-large size-large wp-image-1094\" alt=\"\" srcset=\"https:\/\/www.anivise.fr\/wp-content\/uploads\/2026\/03\/logo-lpo.jpg 664w, https:\/\/www.anivise.fr\/wp-content\/uploads\/2026\/03\/logo-lpo-300x297.jpg 300w\" sizes=\"(max-width: 664px) 100vw, 664px\" \/>\t\t\t\t\t\t\t\t\t\t\t\t\t\t\t<\/div>\n\t\t\t\t<\/div>\n\t\t\t\t<div class=\"elementor-element elementor-element-41160ef elementor-widget elementor-widget-text-editor\" data-id=\"41160ef\" data-element_type=\"widget\" data-widget_type=\"text-editor.default\">\n\t\t\t\t<div class=\"elementor-widget-container\">\n\t\t\t\t\t\t\t\t\t<p>Membre<\/p>\t\t\t\t\t\t\t\t<\/div>\n\t\t\t\t<\/div>\n\t\t\t\t<\/div>\n\t\t\t\t<\/div>\n\t\t\t\t\t<\/div>\n\t\t\t\t<\/div>\n\t\t<div class=\"elementor-element elementor-element-b119ead e-flex e-con-boxed e-con e-parent\" data-id=\"b119ead\" data-element_type=\"container\" data-settings=\"{&quot;background_background&quot;:&quot;classic&quot;}\">\n\t\t\t\t\t<div class=\"e-con-inner\">\n\t\t\t\t<div class=\"elementor-element elementor-element-74c6176 elementor-widget elementor-widget-heading\" data-id=\"74c6176\" data-element_type=\"widget\" data-widget_type=\"heading.default\">\n\t\t\t\t<div class=\"elementor-widget-container\">\n\t\t\t\t\t<h2 class=\"elementor-heading-title elementor-size-default\">Pour acc\u00e9der au site de Simon Potier, c'est ici :<\/h2>\t\t\t\t<\/div>\n\t\t\t\t<\/div>\n\t\t\t\t<div class=\"elementor-element elementor-element-8cd8222 elementor-widget elementor-widget-button\" data-id=\"8cd8222\" data-element_type=\"widget\" data-widget_type=\"button.default\">\n\t\t\t\t<div class=\"elementor-widget-container\">\n\t\t\t\t\t\t\t\t\t<div class=\"elementor-button-wrapper\">\n\t\t\t\t\t<a class=\"elementor-button elementor-button-link elementor-size-sm\" href=\"https:\/\/simonpotier.fr\/\">\n\t\t\t\t\t\t<span class=\"elementor-button-content-wrapper\">\n\t\t\t\t\t\t\t\t\t<span class=\"elementor-button-text\">Acc\u00e9der au site<\/span>\n\t\t\t\t\t<\/span>\n\t\t\t\t\t<\/a>\n\t\t\t\t<\/div>\n\t\t\t\t\t\t\t\t<\/div>\n\t\t\t\t<\/div>\n\t\t\t\t\t<\/div>\n\t\t\t\t<\/div>\n\t\t\t\t<\/div>\n\t\t","protected":false},"excerpt":{"rendered":"<p>QUI SOMMES-NOUS ? En savoir plus sur ANIVISE et Simon Potier ANIVISE a \u00e9t\u00e9 cr\u00e9\u00e9 par Simon Potier en 2026, qui exer\u00e7ait avant sous le nom de Simon Potier Expert Scientifique. Un parcours atypique Simon Potier a travaill\u00e9 comme chercheur en \u00e9cologie sensorielle, biologie de la conservation et bien-\u00eatre animal pendant huit ans au sein [&hellip;]<\/p>\n","protected":false},"author":1,"featured_media":0,"parent":0,"menu_order":0,"comment_status":"closed","ping_status":"closed","template":"","meta":{"footnotes":""},"class_list":["post-1083","page","type-page","status-publish","hentry"],"_links":{"self":[{"href":"https:\/\/www.anivise.fr\/index.php\/wp-json\/wp\/v2\/pages\/1083","targetHints":{"allow":["GET"]}}],"collection":[{"href":"https:\/\/www.anivise.fr\/index.php\/wp-json\/wp\/v2\/pages"}],"about":[{"href":"https:\/\/www.anivise.fr\/index.php\/wp-json\/wp\/v2\/types\/page"}],"author":[{"embeddable":true,"href":"https:\/\/www.anivise.fr\/index.php\/wp-json\/wp\/v2\/users\/1"}],"replies":[{"embeddable":true,"href":"https:\/\/www.anivise.fr\/index.php\/wp-json\/wp\/v2\/comments?post=1083"}],"version-history":[{"count":25,"href":"https:\/\/www.anivise.fr\/index.php\/wp-json\/wp\/v2\/pages\/1083\/revisions"}],"predecessor-version":[{"id":1285,"href":"https:\/\/www.anivise.fr\/index.php\/wp-json\/wp\/v2\/pages\/1083\/revisions\/1285"}],"wp:attachment":[{"href":"https:\/\/www.anivise.fr\/index.php\/wp-json\/wp\/v2\/media?parent=1083"}],"curies":[{"name":"wp","href":"https:\/\/api.w.org\/{rel}","templated":true}]}}