{"id":1107,"date":"2026-03-12T20:41:16","date_gmt":"2026-03-12T20:41:16","guid":{"rendered":"https:\/\/www.anivise.fr\/?page_id=1107"},"modified":"2026-03-12T21:22:13","modified_gmt":"2026-03-12T21:22:13","slug":"medias","status":"publish","type":"page","link":"https:\/\/www.anivise.fr\/index.php\/medias\/","title":{"rendered":"M\u00e9dias"},"content":{"rendered":"\t\t<div data-elementor-type=\"wp-page\" data-elementor-id=\"1107\" class=\"elementor elementor-1107\" data-elementor-post-type=\"page\">\n\t\t\t\t<div class=\"elementor-element elementor-element-6289922 e-con-full e-flex e-con e-parent\" data-id=\"6289922\" data-element_type=\"container\">\n\t\t<div class=\"elementor-element elementor-element-bde1d28 e-flex e-con-boxed e-con e-child\" data-id=\"bde1d28\" data-element_type=\"container\" data-settings=\"{&quot;background_background&quot;:&quot;classic&quot;}\">\n\t\t\t\t\t<div class=\"e-con-inner\">\n\t\t\t\t<div class=\"elementor-element elementor-element-9b2b1fc elementor-widget elementor-widget-heading\" data-id=\"9b2b1fc\" data-element_type=\"widget\" data-widget_type=\"heading.default\">\n\t\t\t\t<div class=\"elementor-widget-container\">\n\t\t\t\t\t<h2 class=\"elementor-heading-title elementor-size-default\">m\u00e9dias<\/h2>\t\t\t\t<\/div>\n\t\t\t\t<\/div>\n\t\t\t\t\t<\/div>\n\t\t\t\t<\/div>\n\t\t\t\t<\/div>\n\t\t<div class=\"elementor-element elementor-element-6f9f839 e-flex e-con-boxed e-con e-parent\" data-id=\"6f9f839\" data-element_type=\"container\">\n\t\t\t\t\t<div class=\"e-con-inner\">\n\t\t<div class=\"elementor-element elementor-element-4cd686b e-con-full e-flex e-con e-child\" data-id=\"4cd686b\" data-element_type=\"container\">\n\t\t\t\t<div class=\"elementor-element elementor-element-2d053f3 elementor-widget elementor-widget-heading\" data-id=\"2d053f3\" data-element_type=\"widget\" data-widget_type=\"heading.default\">\n\t\t\t\t<div class=\"elementor-widget-container\">\n\t\t\t\t\t<h2 class=\"elementor-heading-title elementor-size-default\">Ils parlent de nous<\/h2>\t\t\t\t<\/div>\n\t\t\t\t<\/div>\n\t\t\t\t<\/div>\n\t\t<div class=\"elementor-element elementor-element-4298fc9 e-con-full e-flex e-con e-child\" data-id=\"4298fc9\" data-element_type=\"container\">\n\t\t\t\t<div class=\"elementor-element elementor-element-8575b64 elementor-widget elementor-widget-text-editor\" data-id=\"8575b64\" data-element_type=\"widget\" data-widget_type=\"text-editor.default\">\n\t\t\t\t<div class=\"elementor-widget-container\">\n\t\t\t\t\t\t\t\t\t<p><strong>Reportages &#8211; Interviews TV et radio &#8211; Podcasts<\/strong><\/p>\t\t\t\t\t\t\t\t<\/div>\n\t\t\t\t<\/div>\n\t\t\t\t<\/div>\n\t\t\t\t\t<\/div>\n\t\t\t\t<\/div>\n\t\t<div class=\"elementor-element elementor-element-a045a7b e-flex e-con-boxed e-con e-parent\" data-id=\"a045a7b\" data-element_type=\"container\">\n\t\t\t\t\t<div class=\"e-con-inner\">\n\t\t<a class=\"elementor-element elementor-element-cf53c26 e-con-full e-flex e-con e-child\" data-id=\"cf53c26\" data-element_type=\"container\" href=\"https:\/\/www.radiofrance.fr\/franceculture\/podcasts\/la-science-cqfd\/la-science-cqfd-emission-du-lundi-23-decembre-2024-8461680\">\n\t\t<div class=\"elementor-element elementor-element-ddc6260 e-con-full e-flex e-con e-child\" data-id=\"ddc6260\" data-element_type=\"container\" data-settings=\"{&quot;background_background&quot;:&quot;classic&quot;}\">\n\t\t<div class=\"elementor-element elementor-element-8ab0fd0 e-con-full e-flex e-con e-child\" data-id=\"8ab0fd0\" data-element_type=\"container\" data-settings=\"{&quot;background_background&quot;:&quot;classic&quot;}\">\n\t\t\t\t<\/div>\n\t\t\t\t<div class=\"elementor-element elementor-element-220e84c elementor-widget elementor-widget-heading\" data-id=\"220e84c\" data-element_type=\"widget\" data-widget_type=\"heading.default\">\n\t\t\t\t<div class=\"elementor-widget-container\">\n\t\t\t\t\t<h2 class=\"elementor-heading-title elementor-size-default\">Rapaces nocturnes : c'est chouette - France Culture<\/h2>\t\t\t\t<\/div>\n\t\t\t\t<\/div>\n\t\t\t\t<div class=\"elementor-element elementor-element-3d47b98 elementor-widget elementor-widget-text-editor\" data-id=\"3d47b98\" data-element_type=\"widget\" data-widget_type=\"text-editor.default\">\n\t\t\t\t<div class=\"elementor-widget-container\">\n\t\t\t\t\t\t\t\t\t<p class=\"MsoNormal\">2025<\/p>\t\t\t\t\t\t\t\t<\/div>\n\t\t\t\t<\/div>\n\t\t\t\t<\/div>\n\t\t\t\t<\/a>\n\t\t<a class=\"elementor-element elementor-element-52f12fb e-con-full e-flex e-con e-child\" data-id=\"52f12fb\" data-element_type=\"container\" href=\"https:\/\/www.tf1info.fr\/player\/15ed9887-0ebd-452e-ac2f-b194b7d4481d\/\" target=\"_blank\">\n\t\t<div class=\"elementor-element elementor-element-49a9069 e-con-full e-flex e-con e-child\" data-id=\"49a9069\" data-element_type=\"container\" data-settings=\"{&quot;background_background&quot;:&quot;classic&quot;}\">\n\t\t<div class=\"elementor-element elementor-element-c3cc831 e-con-full e-flex e-con e-child\" data-id=\"c3cc831\" data-element_type=\"container\" data-settings=\"{&quot;background_background&quot;:&quot;classic&quot;}\">\n\t\t\t\t<\/div>\n\t\t\t\t<div class=\"elementor-element elementor-element-e0ee161 elementor-widget elementor-widget-heading\" data-id=\"e0ee161\" data-element_type=\"widget\" data-widget_type=\"heading.default\">\n\t\t\t\t<div class=\"elementor-widget-container\">\n\t\t\t\t\t<h2 class=\"elementor-heading-title elementor-size-default\">Inimitable chouette - TF1<\/h2>\t\t\t\t<\/div>\n\t\t\t\t<\/div>\n\t\t\t\t<div class=\"elementor-element elementor-element-a171f6f elementor-widget elementor-widget-text-editor\" data-id=\"a171f6f\" data-element_type=\"widget\" data-widget_type=\"text-editor.default\">\n\t\t\t\t<div class=\"elementor-widget-container\">\n\t\t\t\t\t\t\t\t\t<p class=\"MsoNormal\">2025<\/p>\t\t\t\t\t\t\t\t<\/div>\n\t\t\t\t<\/div>\n\t\t\t\t<\/div>\n\t\t\t\t<\/a>\n\t\t\t\t\t<\/div>\n\t\t\t\t<\/div>\n\t\t<div class=\"elementor-element elementor-element-cf688ff e-flex e-con-boxed e-con e-parent\" data-id=\"cf688ff\" data-element_type=\"container\">\n\t\t\t\t\t<div class=\"e-con-inner\">\n\t\t<a class=\"elementor-element elementor-element-268ad4c e-con-full e-flex e-con e-child\" data-id=\"268ad4c\" data-element_type=\"container\" href=\"https:\/\/www.youtube.com\/watch?v=1PrICZUvfUg\">\n\t\t<div class=\"elementor-element elementor-element-c3ba1eb e-con-full e-flex e-con e-child\" data-id=\"c3ba1eb\" data-element_type=\"container\" data-settings=\"{&quot;background_background&quot;:&quot;classic&quot;}\">\n\t\t<div class=\"elementor-element elementor-element-412493c e-con-full e-flex e-con e-child\" data-id=\"412493c\" data-element_type=\"container\" data-settings=\"{&quot;background_background&quot;:&quot;classic&quot;}\">\n\t\t\t\t<\/div>\n\t\t\t\t<div class=\"elementor-element elementor-element-21d05db elementor-widget elementor-widget-heading\" data-id=\"21d05db\" data-element_type=\"widget\" data-widget_type=\"heading.default\">\n\t\t\t\t<div class=\"elementor-widget-container\">\n\t\t\t\t\t<h2 class=\"elementor-heading-title elementor-size-default\">Absol vid\u00e9o - le quotidien d'un fauconnier expert scientifique<\/h2>\t\t\t\t<\/div>\n\t\t\t\t<\/div>\n\t\t\t\t<div class=\"elementor-element elementor-element-c40c89b elementor-widget elementor-widget-text-editor\" data-id=\"c40c89b\" data-element_type=\"widget\" data-widget_type=\"text-editor.default\">\n\t\t\t\t<div class=\"elementor-widget-container\">\n\t\t\t\t\t\t\t\t\t<p class=\"MsoNormal\">2023<\/p>\t\t\t\t\t\t\t\t<\/div>\n\t\t\t\t<\/div>\n\t\t\t\t<\/div>\n\t\t\t\t<\/a>\n\t\t<a class=\"elementor-element elementor-element-ca4fb58 e-con-full e-flex e-con e-child\" data-id=\"ca4fb58\" data-element_type=\"container\" href=\"https:\/\/www.m6.fr\/puy-du-fou-les-secrets-du-parc-dattraction-p_7324\" target=\"_blank\">\n\t\t<div class=\"elementor-element elementor-element-2c9b086 e-con-full e-flex e-con e-child\" data-id=\"2c9b086\" data-element_type=\"container\" data-settings=\"{&quot;background_background&quot;:&quot;classic&quot;}\">\n\t\t<div class=\"elementor-element elementor-element-9e90b67 e-con-full e-flex e-con e-child\" data-id=\"9e90b67\" data-element_type=\"container\" data-settings=\"{&quot;background_background&quot;:&quot;classic&quot;}\">\n\t\t\t\t<\/div>\n\t\t\t\t<div class=\"elementor-element elementor-element-9470582 elementor-widget elementor-widget-heading\" data-id=\"9470582\" data-element_type=\"widget\" data-widget_type=\"heading.default\">\n\t\t\t\t<div class=\"elementor-widget-container\">\n\t\t\t\t\t<h2 class=\"elementor-heading-title elementor-size-default\">e=m6 - Puy du Fou - M6<\/h2>\t\t\t\t<\/div>\n\t\t\t\t<\/div>\n\t\t\t\t<div class=\"elementor-element elementor-element-ebac9fe elementor-widget elementor-widget-text-editor\" data-id=\"ebac9fe\" data-element_type=\"widget\" data-widget_type=\"text-editor.default\">\n\t\t\t\t<div class=\"elementor-widget-container\">\n\t\t\t\t\t\t\t\t\t<p class=\"MsoNormal\">2023<\/p>\t\t\t\t\t\t\t\t<\/div>\n\t\t\t\t<\/div>\n\t\t\t\t<\/div>\n\t\t\t\t<\/a>\n\t\t\t\t\t<\/div>\n\t\t\t\t<\/div>\n\t\t<div class=\"elementor-element elementor-element-6fc0f84 e-flex e-con-boxed e-con e-parent\" data-id=\"6fc0f84\" data-element_type=\"container\">\n\t\t\t\t\t<div class=\"e-con-inner\">\n\t\t<a class=\"elementor-element elementor-element-22a8cb9 e-con-full e-flex e-con e-child\" data-id=\"22a8cb9\" data-element_type=\"container\" href=\"https:\/\/www.radiofrance.fr\/franceculture\/podcasts\/la-methode-scientifique\/la-methode-scientifique-emission-du-lundi-13-septembre-2021-7292786\" target=\"_blank\">\n\t\t<div class=\"elementor-element elementor-element-068f10d e-con-full e-flex e-con e-child\" data-id=\"068f10d\" data-element_type=\"container\" data-settings=\"{&quot;background_background&quot;:&quot;classic&quot;}\">\n\t\t<div class=\"elementor-element elementor-element-23855f8 e-con-full e-flex e-con e-child\" data-id=\"23855f8\" data-element_type=\"container\" data-settings=\"{&quot;background_background&quot;:&quot;classic&quot;}\">\n\t\t\t\t<\/div>\n\t\t\t\t<div class=\"elementor-element elementor-element-4952725 elementor-widget elementor-widget-heading\" data-id=\"4952725\" data-element_type=\"widget\" data-widget_type=\"heading.default\">\n\t\t\t\t<div class=\"elementor-widget-container\">\n\t\t\t\t\t<h2 class=\"elementor-heading-title elementor-size-default\">Rapaces : \u00e7a tombe \u00e0 pic - France Culture<\/h2>\t\t\t\t<\/div>\n\t\t\t\t<\/div>\n\t\t\t\t<div class=\"elementor-element elementor-element-eb16cda elementor-widget elementor-widget-text-editor\" data-id=\"eb16cda\" data-element_type=\"widget\" data-widget_type=\"text-editor.default\">\n\t\t\t\t<div class=\"elementor-widget-container\">\n\t\t\t\t\t\t\t\t\t<p class=\"MsoNormal\">2021<\/p>\t\t\t\t\t\t\t\t<\/div>\n\t\t\t\t<\/div>\n\t\t\t\t<\/div>\n\t\t\t\t<\/a>\n\t\t<a class=\"elementor-element elementor-element-1111394 e-con-full e-flex e-con e-child\" data-id=\"1111394\" data-element_type=\"container\" href=\"https:\/\/www.gedeonmediagroup.com\/production\/a-lecoute-de-la-nature\/\">\n\t\t<div class=\"elementor-element elementor-element-a807ecf e-con-full e-flex e-con e-child\" data-id=\"a807ecf\" data-element_type=\"container\" data-settings=\"{&quot;background_background&quot;:&quot;classic&quot;}\">\n\t\t<div class=\"elementor-element elementor-element-3731d53 e-con-full e-flex e-con e-child\" data-id=\"3731d53\" data-element_type=\"container\" data-settings=\"{&quot;background_background&quot;:&quot;classic&quot;}\">\n\t\t\t\t<\/div>\n\t\t\t\t<div class=\"elementor-element elementor-element-8fc02a0 elementor-widget elementor-widget-heading\" data-id=\"8fc02a0\" data-element_type=\"widget\" data-widget_type=\"heading.default\">\n\t\t\t\t<div class=\"elementor-widget-container\">\n\t\t\t\t\t<h2 class=\"elementor-heading-title elementor-size-default\">A l'\u00e9coute de la nature - Jacques Mitsch<\/h2>\t\t\t\t<\/div>\n\t\t\t\t<\/div>\n\t\t\t\t<div class=\"elementor-element elementor-element-28d57d9 elementor-widget elementor-widget-text-editor\" data-id=\"28d57d9\" data-element_type=\"widget\" data-widget_type=\"text-editor.default\">\n\t\t\t\t<div class=\"elementor-widget-container\">\n\t\t\t\t\t\t\t\t\t<p class=\"MsoNormal\">2020<\/p>\t\t\t\t\t\t\t\t<\/div>\n\t\t\t\t<\/div>\n\t\t\t\t<\/div>\n\t\t\t\t<\/a>\n\t\t\t\t\t<\/div>\n\t\t\t\t<\/div>\n\t\t<div class=\"elementor-element elementor-element-7996b58 e-flex e-con-boxed e-con e-parent\" data-id=\"7996b58\" data-element_type=\"container\">\n\t\t\t\t\t<div class=\"e-con-inner\">\n\t\t<a class=\"elementor-element elementor-element-8766ac2 e-con-full e-flex e-con e-child\" data-id=\"8766ac2\" data-element_type=\"container\" href=\"https:\/\/www.imdb.com\/fr-ca\/title\/tt15589964\/\" target=\"_blank\">\n\t\t<div class=\"elementor-element elementor-element-54ffdc1 e-con-full e-flex e-con e-child\" data-id=\"54ffdc1\" data-element_type=\"container\" data-settings=\"{&quot;background_background&quot;:&quot;classic&quot;}\">\n\t\t<div class=\"elementor-element elementor-element-ee640c6 e-con-full e-flex e-con e-child\" data-id=\"ee640c6\" data-element_type=\"container\" data-settings=\"{&quot;background_background&quot;:&quot;classic&quot;}\">\n\t\t\t\t<\/div>\n\t\t\t\t<div class=\"elementor-element elementor-element-8c39d48 elementor-widget elementor-widget-heading\" data-id=\"8c39d48\" data-element_type=\"widget\" data-widget_type=\"heading.default\">\n\t\t\t\t<div class=\"elementor-widget-container\">\n\t\t\t\t\t<h2 class=\"elementor-heading-title elementor-size-default\">Nos cinq sens - la supr\u00e9matie de la vue<\/h2>\t\t\t\t<\/div>\n\t\t\t\t<\/div>\n\t\t\t\t<div class=\"elementor-element elementor-element-df1799f elementor-widget elementor-widget-text-editor\" data-id=\"df1799f\" data-element_type=\"widget\" data-widget_type=\"text-editor.default\">\n\t\t\t\t<div class=\"elementor-widget-container\">\n\t\t\t\t\t\t\t\t\t<p class=\"MsoNormal\">2017<\/p>\t\t\t\t\t\t\t\t<\/div>\n\t\t\t\t<\/div>\n\t\t\t\t<\/div>\n\t\t\t\t<\/a>\n\t\t<a class=\"elementor-element elementor-element-7f68308 e-con-full e-flex e-con e-child\" data-id=\"7f68308\" data-element_type=\"container\" href=\"https:\/\/www.youtube.com\/watch?v=s_SBqIni_oQ\">\n\t\t<div class=\"elementor-element elementor-element-1ce6277 e-con-full e-flex e-con e-child\" data-id=\"1ce6277\" data-element_type=\"container\" data-settings=\"{&quot;background_background&quot;:&quot;classic&quot;}\">\n\t\t<div class=\"elementor-element elementor-element-0e142b1 e-con-full e-flex e-con e-child\" data-id=\"0e142b1\" data-element_type=\"container\" data-settings=\"{&quot;background_background&quot;:&quot;classic&quot;}\">\n\t\t\t\t<\/div>\n\t\t\t\t<div class=\"elementor-element elementor-element-378a1eb elementor-widget elementor-widget-heading\" data-id=\"378a1eb\" data-element_type=\"widget\" data-widget_type=\"heading.default\">\n\t\t\t\t<div class=\"elementor-widget-container\">\n\t\t\t\t\t<h2 class=\"elementor-heading-title elementor-size-default\">D\u00e9fi : voir comme un hibou ! - On n'est pas que des cobayes<\/h2>\t\t\t\t<\/div>\n\t\t\t\t<\/div>\n\t\t\t\t<div class=\"elementor-element elementor-element-7ef0cb7 elementor-widget elementor-widget-text-editor\" data-id=\"7ef0cb7\" data-element_type=\"widget\" data-widget_type=\"text-editor.default\">\n\t\t\t\t<div class=\"elementor-widget-container\">\n\t\t\t\t\t\t\t\t\t<p class=\"MsoNormal\">2016<\/p>\t\t\t\t\t\t\t\t<\/div>\n\t\t\t\t<\/div>\n\t\t\t\t<\/div>\n\t\t\t\t<\/a>\n\t\t\t\t\t<\/div>\n\t\t\t\t<\/div>\n\t\t\t\t<\/div>\n\t\t","protected":false},"excerpt":{"rendered":"<p>m\u00e9dias Ils parlent de nous Reportages &#8211; Interviews TV et radio &#8211; Podcasts Rapaces nocturnes : c&#8217;est chouette &#8211; France Culture 2025 Inimitable chouette &#8211; TF1 2025 Absol vid\u00e9o &#8211; le quotidien d&#8217;un fauconnier expert scientifique 2023 e=m6 &#8211; Puy du Fou &#8211; M6 2023 Rapaces : \u00e7a tombe \u00e0 pic &#8211; France Culture 2021 [&hellip;]<\/p>\n","protected":false},"author":1,"featured_media":0,"parent":0,"menu_order":0,"comment_status":"closed","ping_status":"closed","template":"","meta":{"footnotes":""},"class_list":["post-1107","page","type-page","status-publish","hentry"],"_links":{"self":[{"href":"https:\/\/www.anivise.fr\/index.php\/wp-json\/wp\/v2\/pages\/1107","targetHints":{"allow":["GET"]}}],"collection":[{"href":"https:\/\/www.anivise.fr\/index.php\/wp-json\/wp\/v2\/pages"}],"about":[{"href":"https:\/\/www.anivise.fr\/index.php\/wp-json\/wp\/v2\/types\/page"}],"author":[{"embeddable":true,"href":"https:\/\/www.anivise.fr\/index.php\/wp-json\/wp\/v2\/users\/1"}],"replies":[{"embeddable":true,"href":"https:\/\/www.anivise.fr\/index.php\/wp-json\/wp\/v2\/comments?post=1107"}],"version-history":[{"count":7,"href":"https:\/\/www.anivise.fr\/index.php\/wp-json\/wp\/v2\/pages\/1107\/revisions"}],"predecessor-version":[{"id":1130,"href":"https:\/\/www.anivise.fr\/index.php\/wp-json\/wp\/v2\/pages\/1107\/revisions\/1130"}],"wp:attachment":[{"href":"https:\/\/www.anivise.fr\/index.php\/wp-json\/wp\/v2\/media?parent=1107"}],"curies":[{"name":"wp","href":"https:\/\/api.w.org\/{rel}","templated":true}]}}