{"id":221,"date":"2026-02-20T17:16:09","date_gmt":"2026-02-20T17:16:09","guid":{"rendered":"https:\/\/www.anivise.fr\/?page_id=221"},"modified":"2026-03-10T21:54:24","modified_gmt":"2026-03-10T21:54:24","slug":"pedagogie","status":"publish","type":"page","link":"https:\/\/www.anivise.fr\/index.php\/pedagogie\/","title":{"rendered":"P\u00e9dagogie"},"content":{"rendered":"\t\t<div data-elementor-type=\"wp-page\" data-elementor-id=\"221\" class=\"elementor elementor-221\" data-elementor-post-type=\"page\">\n\t\t\t\t<div class=\"elementor-element elementor-element-cc4bbd5 e-flex e-con-boxed e-con e-child\" data-id=\"cc4bbd5\" data-element_type=\"container\" data-settings=\"{&quot;background_background&quot;:&quot;classic&quot;}\">\n\t\t\t\t\t<div class=\"e-con-inner\">\n\t\t\t\t<div class=\"elementor-element elementor-element-fa6dca9 elementor-widget elementor-widget-heading\" data-id=\"fa6dca9\" data-element_type=\"widget\" data-widget_type=\"heading.default\">\n\t\t\t\t<div class=\"elementor-widget-container\">\n\t\t\t\t\t<h2 class=\"elementor-heading-title elementor-size-default\">P\u00c9DAGOGIE<\/h2>\t\t\t\t<\/div>\n\t\t\t\t<\/div>\n\t\t\t\t\t<\/div>\n\t\t\t\t<\/div>\n\t\t<div class=\"elementor-element elementor-element-19fa7105 e-flex e-con-boxed e-con e-parent\" data-id=\"19fa7105\" data-element_type=\"container\">\n\t\t\t\t\t<div class=\"e-con-inner\">\n\t\t<div class=\"elementor-element elementor-element-4be63d12 e-con-full e-transform e-flex elementor-invisible e-con e-child\" data-id=\"4be63d12\" data-element_type=\"container\" data-settings=\"{&quot;animation&quot;:&quot;fadeIn&quot;,&quot;_transform_scale_effect_hover&quot;:{&quot;unit&quot;:&quot;px&quot;,&quot;size&quot;:1.1,&quot;sizes&quot;:[]},&quot;_transform_scale_effect_hover_tablet&quot;:{&quot;unit&quot;:&quot;px&quot;,&quot;size&quot;:&quot;&quot;,&quot;sizes&quot;:[]},&quot;_transform_scale_effect_hover_mobile&quot;:{&quot;unit&quot;:&quot;px&quot;,&quot;size&quot;:&quot;&quot;,&quot;sizes&quot;:[]}}\">\n\t\t\t\t<div class=\"elementor-element elementor-element-13377dee elementor-position-top elementor-widget elementor-widget-image-box\" data-id=\"13377dee\" data-element_type=\"widget\" data-widget_type=\"image-box.default\">\n\t\t\t\t<div class=\"elementor-widget-container\">\n\t\t\t\t\t<div class=\"elementor-image-box-wrapper\"><figure class=\"elementor-image-box-img\"><img fetchpriority=\"high\" decoding=\"async\" width=\"2048\" height=\"1536\" src=\"https:\/\/www.anivise.fr\/wp-content\/uploads\/2026\/02\/Panneaux-LADU.jpg\" class=\"attachment-full size-full wp-image-292\" alt=\"\" srcset=\"https:\/\/www.anivise.fr\/wp-content\/uploads\/2026\/02\/Panneaux-LADU.jpg 2048w, https:\/\/www.anivise.fr\/wp-content\/uploads\/2026\/02\/Panneaux-LADU-300x225.jpg 300w, https:\/\/www.anivise.fr\/wp-content\/uploads\/2026\/02\/Panneaux-LADU-1024x768.jpg 1024w, https:\/\/www.anivise.fr\/wp-content\/uploads\/2026\/02\/Panneaux-LADU-768x576.jpg 768w, https:\/\/www.anivise.fr\/wp-content\/uploads\/2026\/02\/Panneaux-LADU-1536x1152.jpg 1536w\" sizes=\"(max-width: 2048px) 100vw, 2048px\" \/><\/figure><div class=\"elementor-image-box-content\"><h3 class=\"elementor-image-box-title\">P\u00e9dagogie en structures zoologiques<\/h3><p class=\"elementor-image-box-description\">Cr\u00e9ation et validation de supports et discours p\u00e9dagogiques.<\/p><\/div><\/div>\t\t\t\t<\/div>\n\t\t\t\t<\/div>\n\t\t\t\t<div class=\"elementor-element elementor-element-7e36220f elementor-align-center elementor-widget elementor-widget-button\" data-id=\"7e36220f\" data-element_type=\"widget\" data-widget_type=\"button.default\">\n\t\t\t\t<div class=\"elementor-widget-container\">\n\t\t\t\t\t\t\t\t\t<div class=\"elementor-button-wrapper\">\n\t\t\t\t\t<a class=\"elementor-button elementor-button-link elementor-size-sm\" href=\"https:\/\/www.anivise.fr\/index.php\/pedagogie-en-structures-zoologiques\/\">\n\t\t\t\t\t\t<span class=\"elementor-button-content-wrapper\">\n\t\t\t\t\t\t\t\t\t<span class=\"elementor-button-text\">En savoir plus<\/span>\n\t\t\t\t\t<\/span>\n\t\t\t\t\t<\/a>\n\t\t\t\t<\/div>\n\t\t\t\t\t\t\t\t<\/div>\n\t\t\t\t<\/div>\n\t\t\t\t<\/div>\n\t\t<div class=\"elementor-element elementor-element-25593fdb e-con-full e-transform e-flex elementor-invisible e-con e-child\" data-id=\"25593fdb\" data-element_type=\"container\" data-settings=\"{&quot;animation&quot;:&quot;fadeIn&quot;,&quot;_transform_scale_effect_hover&quot;:{&quot;unit&quot;:&quot;px&quot;,&quot;size&quot;:1.1,&quot;sizes&quot;:[]},&quot;_transform_scale_effect_hover_tablet&quot;:{&quot;unit&quot;:&quot;px&quot;,&quot;size&quot;:&quot;&quot;,&quot;sizes&quot;:[]},&quot;_transform_scale_effect_hover_mobile&quot;:{&quot;unit&quot;:&quot;px&quot;,&quot;size&quot;:&quot;&quot;,&quot;sizes&quot;:[]}}\">\n\t\t\t\t<div class=\"elementor-element elementor-element-6745f851 elementor-position-top elementor-widget elementor-widget-image-box\" data-id=\"6745f851\" data-element_type=\"widget\" data-widget_type=\"image-box.default\">\n\t\t\t\t<div class=\"elementor-widget-container\">\n\t\t\t\t\t<div class=\"elementor-image-box-wrapper\"><figure class=\"elementor-image-box-img\"><img decoding=\"async\" width=\"1466\" height=\"2048\" src=\"https:\/\/www.anivise.fr\/wp-content\/uploads\/2026\/02\/479541008_631575086083323_4730205596578326893_n.jpg\" class=\"attachment-full size-full wp-image-293\" alt=\"\" srcset=\"https:\/\/www.anivise.fr\/wp-content\/uploads\/2026\/02\/479541008_631575086083323_4730205596578326893_n.jpg 1466w, https:\/\/www.anivise.fr\/wp-content\/uploads\/2026\/02\/479541008_631575086083323_4730205596578326893_n-215x300.jpg 215w, https:\/\/www.anivise.fr\/wp-content\/uploads\/2026\/02\/479541008_631575086083323_4730205596578326893_n-733x1024.jpg 733w, https:\/\/www.anivise.fr\/wp-content\/uploads\/2026\/02\/479541008_631575086083323_4730205596578326893_n-768x1073.jpg 768w, https:\/\/www.anivise.fr\/wp-content\/uploads\/2026\/02\/479541008_631575086083323_4730205596578326893_n-1100x1536.jpg 1100w\" sizes=\"(max-width: 1466px) 100vw, 1466px\" \/><\/figure><div class=\"elementor-image-box-content\"><h3 class=\"elementor-image-box-title\">Ateliers p\u00e9dagogiques avec des rapaces<\/h3><p class=\"elementor-image-box-description\">Animation d'ateliers p\u00e9dagogiques en structures scolaires et socio-\u00e9ducatives.<\/p><\/div><\/div>\t\t\t\t<\/div>\n\t\t\t\t<\/div>\n\t\t\t\t<div class=\"elementor-element elementor-element-319d42ed elementor-align-center elementor-widget elementor-widget-button\" data-id=\"319d42ed\" data-element_type=\"widget\" data-widget_type=\"button.default\">\n\t\t\t\t<div class=\"elementor-widget-container\">\n\t\t\t\t\t\t\t\t\t<div class=\"elementor-button-wrapper\">\n\t\t\t\t\t<a class=\"elementor-button elementor-button-link elementor-size-sm\" href=\"https:\/\/www.anivise.fr\/index.php\/ateliers-pedagogiques\/\">\n\t\t\t\t\t\t<span class=\"elementor-button-content-wrapper\">\n\t\t\t\t\t\t\t\t\t<span class=\"elementor-button-text\">En savoir plus<\/span>\n\t\t\t\t\t<\/span>\n\t\t\t\t\t<\/a>\n\t\t\t\t<\/div>\n\t\t\t\t\t\t\t\t<\/div>\n\t\t\t\t<\/div>\n\t\t\t\t<\/div>\n\t\t<div class=\"elementor-element elementor-element-6ca5c8e9 e-con-full e-transform e-flex elementor-invisible e-con e-child\" data-id=\"6ca5c8e9\" data-element_type=\"container\" data-settings=\"{&quot;animation&quot;:&quot;fadeIn&quot;,&quot;_transform_scale_effect_hover&quot;:{&quot;unit&quot;:&quot;px&quot;,&quot;size&quot;:1.1,&quot;sizes&quot;:[]},&quot;_transform_scale_effect_hover_tablet&quot;:{&quot;unit&quot;:&quot;px&quot;,&quot;size&quot;:&quot;&quot;,&quot;sizes&quot;:[]},&quot;_transform_scale_effect_hover_mobile&quot;:{&quot;unit&quot;:&quot;px&quot;,&quot;size&quot;:&quot;&quot;,&quot;sizes&quot;:[]}}\">\n\t\t\t\t<div class=\"elementor-element elementor-element-3786236a elementor-position-top elementor-widget elementor-widget-image-box\" data-id=\"3786236a\" data-element_type=\"widget\" data-widget_type=\"image-box.default\">\n\t\t\t\t<div class=\"elementor-widget-container\">\n\t\t\t\t\t<div class=\"elementor-image-box-wrapper\"><figure class=\"elementor-image-box-img\"><img decoding=\"async\" width=\"1920\" height=\"1280\" src=\"https:\/\/www.anivise.fr\/wp-content\/uploads\/2026\/02\/480780203_635686452338853_8096448181623959291_n.jpg\" class=\"attachment-full size-full wp-image-294\" alt=\"\" srcset=\"https:\/\/www.anivise.fr\/wp-content\/uploads\/2026\/02\/480780203_635686452338853_8096448181623959291_n.jpg 1920w, https:\/\/www.anivise.fr\/wp-content\/uploads\/2026\/02\/480780203_635686452338853_8096448181623959291_n-300x200.jpg 300w, https:\/\/www.anivise.fr\/wp-content\/uploads\/2026\/02\/480780203_635686452338853_8096448181623959291_n-1024x683.jpg 1024w, https:\/\/www.anivise.fr\/wp-content\/uploads\/2026\/02\/480780203_635686452338853_8096448181623959291_n-768x512.jpg 768w, https:\/\/www.anivise.fr\/wp-content\/uploads\/2026\/02\/480780203_635686452338853_8096448181623959291_n-1536x1024.jpg 1536w\" sizes=\"(max-width: 1920px) 100vw, 1920px\" \/><\/figure><div class=\"elementor-image-box-content\"><h3 class=\"elementor-image-box-title\">Journ\u00e9es p\u00e9dagogiques avec des rapaces<\/h3><p class=\"elementor-image-box-description\">Journ\u00e9es immersives et exp\u00e9rience compl\u00e8te avec des rapaces.<\/p><\/div><\/div>\t\t\t\t<\/div>\n\t\t\t\t<\/div>\n\t\t\t\t<div class=\"elementor-element elementor-element-5cd1fa43 elementor-align-center elementor-widget elementor-widget-button\" data-id=\"5cd1fa43\" data-element_type=\"widget\" data-widget_type=\"button.default\">\n\t\t\t\t<div class=\"elementor-widget-container\">\n\t\t\t\t\t\t\t\t\t<div class=\"elementor-button-wrapper\">\n\t\t\t\t\t<a class=\"elementor-button elementor-button-link elementor-size-sm\" href=\"#\">\n\t\t\t\t\t\t<span class=\"elementor-button-content-wrapper\">\n\t\t\t\t\t\t\t\t\t<span class=\"elementor-button-text\">A venir prochainement<\/span>\n\t\t\t\t\t<\/span>\n\t\t\t\t\t<\/a>\n\t\t\t\t<\/div>\n\t\t\t\t\t\t\t\t<\/div>\n\t\t\t\t<\/div>\n\t\t\t\t<\/div>\n\t\t\t\t\t<\/div>\n\t\t\t\t<\/div>\n\t\t<div class=\"elementor-element elementor-element-1e09b406 e-flex e-con-boxed e-con e-parent\" data-id=\"1e09b406\" data-element_type=\"container\">\n\t\t\t\t\t<div class=\"e-con-inner\">\n\t\t\t\t<div class=\"elementor-element elementor-element-21c82d15 elementor-widget elementor-widget-spacer\" data-id=\"21c82d15\" data-element_type=\"widget\" data-widget_type=\"spacer.default\">\n\t\t\t\t<div class=\"elementor-widget-container\">\n\t\t\t\t\t\t\t<div class=\"elementor-spacer\">\n\t\t\t<div class=\"elementor-spacer-inner\"><\/div>\n\t\t<\/div>\n\t\t\t\t\t\t<\/div>\n\t\t\t\t<\/div>\n\t\t\t\t\t<\/div>\n\t\t\t\t<\/div>\n\t\t\t\t<\/div>\n\t\t","protected":false},"excerpt":{"rendered":"<p>P\u00c9DAGOGIE P\u00e9dagogie en structures zoologiques Cr\u00e9ation et validation de supports et discours p\u00e9dagogiques. En savoir plus Ateliers p\u00e9dagogiques avec des rapaces Animation d&#8217;ateliers p\u00e9dagogiques en structures scolaires et socio-\u00e9ducatives. En savoir plus Journ\u00e9es p\u00e9dagogiques avec des rapaces Journ\u00e9es immersives et exp\u00e9rience compl\u00e8te avec des rapaces. A venir prochainement<\/p>\n","protected":false},"author":2,"featured_media":0,"parent":0,"menu_order":0,"comment_status":"closed","ping_status":"closed","template":"","meta":{"footnotes":""},"class_list":["post-221","page","type-page","status-publish","hentry"],"_links":{"self":[{"href":"https:\/\/www.anivise.fr\/index.php\/wp-json\/wp\/v2\/pages\/221","targetHints":{"allow":["GET"]}}],"collection":[{"href":"https:\/\/www.anivise.fr\/index.php\/wp-json\/wp\/v2\/pages"}],"about":[{"href":"https:\/\/www.anivise.fr\/index.php\/wp-json\/wp\/v2\/types\/page"}],"author":[{"embeddable":true,"href":"https:\/\/www.anivise.fr\/index.php\/wp-json\/wp\/v2\/users\/2"}],"replies":[{"embeddable":true,"href":"https:\/\/www.anivise.fr\/index.php\/wp-json\/wp\/v2\/comments?post=221"}],"version-history":[{"count":34,"href":"https:\/\/www.anivise.fr\/index.php\/wp-json\/wp\/v2\/pages\/221\/revisions"}],"predecessor-version":[{"id":619,"href":"https:\/\/www.anivise.fr\/index.php\/wp-json\/wp\/v2\/pages\/221\/revisions\/619"}],"wp:attachment":[{"href":"https:\/\/www.anivise.fr\/index.php\/wp-json\/wp\/v2\/media?parent=221"}],"curies":[{"name":"wp","href":"https:\/\/api.w.org\/{rel}","templated":true}]}}