{"id":226,"date":"2026-02-20T17:16:44","date_gmt":"2026-02-20T17:16:44","guid":{"rendered":"https:\/\/www.anivise.fr\/?page_id=226"},"modified":"2026-03-13T16:36:26","modified_gmt":"2026-03-13T16:36:26","slug":"conference","status":"publish","type":"page","link":"https:\/\/www.anivise.fr\/index.php\/conference\/","title":{"rendered":"Conf\u00e9rence"},"content":{"rendered":"\t\t<div data-elementor-type=\"wp-page\" data-elementor-id=\"226\" class=\"elementor elementor-226\" data-elementor-post-type=\"page\">\n\t\t\t\t<div class=\"elementor-element elementor-element-8dcf4c5 e-flex e-con-boxed e-con e-child\" data-id=\"8dcf4c5\" data-element_type=\"container\" data-settings=\"{&quot;background_background&quot;:&quot;classic&quot;}\">\n\t\t\t\t\t<div class=\"e-con-inner\">\n\t\t\t\t<div class=\"elementor-element elementor-element-242ed03 elementor-widget elementor-widget-heading\" data-id=\"242ed03\" data-element_type=\"widget\" data-widget_type=\"heading.default\">\n\t\t\t\t<div class=\"elementor-widget-container\">\n\t\t\t\t\t<h2 class=\"elementor-heading-title elementor-size-default\">CONF\u00c9RENCES<\/h2>\t\t\t\t<\/div>\n\t\t\t\t<\/div>\n\t\t\t\t\t<\/div>\n\t\t\t\t<\/div>\n\t\t<div class=\"elementor-element elementor-element-3224bb38 e-flex e-con-boxed e-con e-parent\" data-id=\"3224bb38\" data-element_type=\"container\">\n\t\t\t\t\t<div class=\"e-con-inner\">\n\t\t\t\t<div class=\"elementor-element elementor-element-76d3b752 elementor-widget elementor-widget-text-editor\" data-id=\"76d3b752\" data-element_type=\"widget\" data-widget_type=\"text-editor.default\">\n\t\t\t\t<div class=\"elementor-widget-container\">\n\t\t\t\t\t\t\t\t\t<p data-start=\"0\" data-end=\"173\">La science n\u2019a de valeur que si elle est partag\u00e9e au-del\u00e0 du cercle des sp\u00e9cialistes. Or, les capacit\u00e9s sensorielles des oiseaux restent largement m\u00e9connues du grand public.<\/p><p data-start=\"175\" data-end=\"369\" data-is-last-node=\"\" data-is-only-node=\"\">Nous proposons des conf\u00e9rences accessibles \u00e0 tous pour faire d\u00e9couvrir la diversit\u00e9 fascinante de ces capacit\u00e9s et montrer en quoi leur compr\u00e9hension est essentielle pour mieux prot\u00e9ger les oiseaux.<\/p>\t\t\t\t\t\t\t\t<\/div>\n\t\t\t\t<\/div>\n\t\t\t\t\t<\/div>\n\t\t\t\t<\/div>\n\t\t<div class=\"elementor-element elementor-element-51c4ebfd e-flex e-con-boxed e-con e-parent\" data-id=\"51c4ebfd\" data-element_type=\"container\">\n\t\t\t\t\t<div class=\"e-con-inner\">\n\t\t<div class=\"elementor-element elementor-element-3d7d1d37 e-con-full e-transform e-flex elementor-invisible e-con e-child\" data-id=\"3d7d1d37\" data-element_type=\"container\" data-settings=\"{&quot;animation&quot;:&quot;fadeIn&quot;,&quot;_transform_scale_effect_hover&quot;:{&quot;unit&quot;:&quot;px&quot;,&quot;size&quot;:1.1,&quot;sizes&quot;:[]},&quot;_transform_scale_effect_hover_tablet&quot;:{&quot;unit&quot;:&quot;px&quot;,&quot;size&quot;:&quot;&quot;,&quot;sizes&quot;:[]},&quot;_transform_scale_effect_hover_mobile&quot;:{&quot;unit&quot;:&quot;px&quot;,&quot;size&quot;:&quot;&quot;,&quot;sizes&quot;:[]}}\">\n\t\t\t\t<div class=\"elementor-element elementor-element-6e1727ce elementor-position-top elementor-widget elementor-widget-image-box\" data-id=\"6e1727ce\" data-element_type=\"widget\" data-widget_type=\"image-box.default\">\n\t\t\t\t<div class=\"elementor-widget-container\">\n\t\t\t\t\t<div class=\"elementor-image-box-wrapper\"><figure class=\"elementor-image-box-img\"><a href=\"http:\/\/www.anivise.fr\/wp-content\/uploads\/2026\/03\/Les-piafs-ont-ils-du-pif.pdf\" tabindex=\"-1\"><img fetchpriority=\"high\" decoding=\"async\" width=\"2560\" height=\"1711\" src=\"https:\/\/www.anivise.fr\/wp-content\/uploads\/2026\/02\/claudiafortgeblasen-albatross-4810448-scaled.jpg\" class=\"attachment-full size-full wp-image-252\" alt=\"\" srcset=\"https:\/\/www.anivise.fr\/wp-content\/uploads\/2026\/02\/claudiafortgeblasen-albatross-4810448-scaled.jpg 2560w, https:\/\/www.anivise.fr\/wp-content\/uploads\/2026\/02\/claudiafortgeblasen-albatross-4810448-300x201.jpg 300w, https:\/\/www.anivise.fr\/wp-content\/uploads\/2026\/02\/claudiafortgeblasen-albatross-4810448-1024x684.jpg 1024w, https:\/\/www.anivise.fr\/wp-content\/uploads\/2026\/02\/claudiafortgeblasen-albatross-4810448-768x513.jpg 768w, https:\/\/www.anivise.fr\/wp-content\/uploads\/2026\/02\/claudiafortgeblasen-albatross-4810448-1536x1027.jpg 1536w, https:\/\/www.anivise.fr\/wp-content\/uploads\/2026\/02\/claudiafortgeblasen-albatross-4810448-2048x1369.jpg 2048w\" sizes=\"(max-width: 2560px) 100vw, 2560px\" \/><\/a><\/figure><div class=\"elementor-image-box-content\"><h3 class=\"elementor-image-box-title\"><a href=\"http:\/\/www.anivise.fr\/wp-content\/uploads\/2026\/03\/Les-piafs-ont-ils-du-pif.pdf\">Les piafs ont-ils du pif ?<\/a><\/h3><\/div><\/div>\t\t\t\t<\/div>\n\t\t\t\t<\/div>\n\t\t\t\t<div class=\"elementor-element elementor-element-49a30628 elementor-align-center elementor-widget elementor-widget-button\" data-id=\"49a30628\" data-element_type=\"widget\" data-widget_type=\"button.default\">\n\t\t\t\t<div class=\"elementor-widget-container\">\n\t\t\t\t\t\t\t\t\t<div class=\"elementor-button-wrapper\">\n\t\t\t\t\t<a class=\"elementor-button elementor-button-link elementor-size-sm\" href=\"http:\/\/www.anivise.fr\/wp-content\/uploads\/2026\/03\/Les-piafs-ont-ils-du-pif.pdf\" target=\"_blank\">\n\t\t\t\t\t\t<span class=\"elementor-button-content-wrapper\">\n\t\t\t\t\t\t\t\t\t<span class=\"elementor-button-text\">En savoir plus<\/span>\n\t\t\t\t\t<\/span>\n\t\t\t\t\t<\/a>\n\t\t\t\t<\/div>\n\t\t\t\t\t\t\t\t<\/div>\n\t\t\t\t<\/div>\n\t\t\t\t<\/div>\n\t\t<div class=\"elementor-element elementor-element-4202ee84 e-con-full e-transform e-flex elementor-invisible e-con e-child\" data-id=\"4202ee84\" data-element_type=\"container\" data-settings=\"{&quot;animation&quot;:&quot;fadeIn&quot;,&quot;_transform_scale_effect_hover&quot;:{&quot;unit&quot;:&quot;px&quot;,&quot;size&quot;:1.1,&quot;sizes&quot;:[]},&quot;_transform_scale_effect_hover_tablet&quot;:{&quot;unit&quot;:&quot;px&quot;,&quot;size&quot;:&quot;&quot;,&quot;sizes&quot;:[]},&quot;_transform_scale_effect_hover_mobile&quot;:{&quot;unit&quot;:&quot;px&quot;,&quot;size&quot;:&quot;&quot;,&quot;sizes&quot;:[]}}\">\n\t\t\t\t<div class=\"elementor-element elementor-element-d8fea69 elementor-position-top elementor-widget elementor-widget-image-box\" data-id=\"d8fea69\" data-element_type=\"widget\" data-widget_type=\"image-box.default\">\n\t\t\t\t<div class=\"elementor-widget-container\">\n\t\t\t\t\t<div class=\"elementor-image-box-wrapper\"><figure class=\"elementor-image-box-img\"><a href=\"http:\/\/www.anivise.fr\/wp-content\/uploads\/2026\/03\/Une-vue-daigle.pdf\" tabindex=\"-1\"><img decoding=\"async\" width=\"2048\" height=\"1365\" src=\"https:\/\/www.anivise.fr\/wp-content\/uploads\/2026\/02\/quillerpl-eagle-4837273-2048x1365.jpg\" class=\"attachment-2048x2048 size-2048x2048 wp-image-251\" alt=\"\" srcset=\"https:\/\/www.anivise.fr\/wp-content\/uploads\/2026\/02\/quillerpl-eagle-4837273-2048x1365.jpg 2048w, https:\/\/www.anivise.fr\/wp-content\/uploads\/2026\/02\/quillerpl-eagle-4837273-300x200.jpg 300w, https:\/\/www.anivise.fr\/wp-content\/uploads\/2026\/02\/quillerpl-eagle-4837273-1024x683.jpg 1024w, https:\/\/www.anivise.fr\/wp-content\/uploads\/2026\/02\/quillerpl-eagle-4837273-768x512.jpg 768w, https:\/\/www.anivise.fr\/wp-content\/uploads\/2026\/02\/quillerpl-eagle-4837273-1536x1024.jpg 1536w\" sizes=\"(max-width: 2048px) 100vw, 2048px\" \/><\/a><\/figure><div class=\"elementor-image-box-content\"><h3 class=\"elementor-image-box-title\"><a href=\"http:\/\/www.anivise.fr\/wp-content\/uploads\/2026\/03\/Une-vue-daigle.pdf\">Une vue d'aigle<\/a><\/h3><\/div><\/div>\t\t\t\t<\/div>\n\t\t\t\t<\/div>\n\t\t\t\t<div class=\"elementor-element elementor-element-52edac49 elementor-align-center elementor-widget elementor-widget-button\" data-id=\"52edac49\" data-element_type=\"widget\" data-widget_type=\"button.default\">\n\t\t\t\t<div class=\"elementor-widget-container\">\n\t\t\t\t\t\t\t\t\t<div class=\"elementor-button-wrapper\">\n\t\t\t\t\t<a class=\"elementor-button elementor-button-link elementor-size-sm\" href=\"http:\/\/www.anivise.fr\/wp-content\/uploads\/2026\/03\/Une-vue-daigle.pdf\" target=\"_blank\">\n\t\t\t\t\t\t<span class=\"elementor-button-content-wrapper\">\n\t\t\t\t\t\t\t\t\t<span class=\"elementor-button-text\">En savoir plus<\/span>\n\t\t\t\t\t<\/span>\n\t\t\t\t\t<\/a>\n\t\t\t\t<\/div>\n\t\t\t\t\t\t\t\t<\/div>\n\t\t\t\t<\/div>\n\t\t\t\t<\/div>\n\t\t\t\t\t<\/div>\n\t\t\t\t<\/div>\n\t\t<div class=\"elementor-element elementor-element-2c7742d e-flex e-con-boxed e-con e-parent\" data-id=\"2c7742d\" data-element_type=\"container\">\n\t\t\t\t\t<div class=\"e-con-inner\">\n\t\t<div class=\"elementor-element elementor-element-f04305f e-con-full e-flex e-con e-child\" data-id=\"f04305f\" data-element_type=\"container\" data-settings=\"{&quot;background_background&quot;:&quot;classic&quot;}\">\n\t\t<div class=\"elementor-element elementor-element-9dd01da e-con-full e-flex e-con e-child\" data-id=\"9dd01da\" data-element_type=\"container\">\n\t\t\t\t<div class=\"elementor-element elementor-element-91b0fb1 elementor-view-default elementor-widget elementor-widget-icon\" data-id=\"91b0fb1\" data-element_type=\"widget\" data-widget_type=\"icon.default\">\n\t\t\t\t<div class=\"elementor-widget-container\">\n\t\t\t\t\t\t\t<div class=\"elementor-icon-wrapper\">\n\t\t\t<div class=\"elementor-icon\">\n\t\t\t<svg aria-hidden=\"true\" class=\"e-font-icon-svg e-fas-chalkboard-teacher\" viewBox=\"0 0 640 512\" xmlns=\"http:\/\/www.w3.org\/2000\/svg\"><path d=\"M208 352c-2.39 0-4.78.35-7.06 1.09C187.98 357.3 174.35 360 160 360c-14.35 0-27.98-2.7-40.95-6.91-2.28-.74-4.66-1.09-7.05-1.09C49.94 352-.33 402.48 0 464.62.14 490.88 21.73 512 48 512h224c26.27 0 47.86-21.12 48-47.38.33-62.14-49.94-112.62-112-112.62zm-48-32c53.02 0 96-42.98 96-96s-42.98-96-96-96-96 42.98-96 96 42.98 96 96 96zM592 0H208c-26.47 0-48 22.25-48 49.59V96c23.42 0 45.1 6.78 64 17.8V64h352v288h-64v-64H384v64h-76.24c19.1 16.69 33.12 38.73 39.69 64H592c26.47 0 48-22.25 48-49.59V49.59C640 22.25 618.47 0 592 0z\"><\/path><\/svg>\t\t\t<\/div>\n\t\t<\/div>\n\t\t\t\t\t\t<\/div>\n\t\t\t\t<\/div>\n\t\t\t\t<\/div>\n\t\t<div class=\"elementor-element elementor-element-9109971 e-con-full e-flex e-con e-child\" data-id=\"9109971\" data-element_type=\"container\">\n\t\t\t\t<div class=\"elementor-element elementor-element-1f766f9 elementor-widget elementor-widget-heading\" data-id=\"1f766f9\" data-element_type=\"widget\" data-widget_type=\"heading.default\">\n\t\t\t\t<div class=\"elementor-widget-container\">\n\t\t\t\t\t<h2 class=\"elementor-heading-title elementor-size-default\">+45 <\/h2>\t\t\t\t<\/div>\n\t\t\t\t<\/div>\n\t\t\t\t<div class=\"elementor-element elementor-element-b88dd49 elementor-widget elementor-widget-text-editor\" data-id=\"b88dd49\" data-element_type=\"widget\" data-widget_type=\"text-editor.default\">\n\t\t\t\t<div class=\"elementor-widget-container\">\n\t\t\t\t\t\t\t\t\t<p>Conf\u00e9rences r\u00e9alis\u00e9es<\/p>\t\t\t\t\t\t\t\t<\/div>\n\t\t\t\t<\/div>\n\t\t\t\t<\/div>\n\t\t\t\t<\/div>\n\t\t\t\t\t<\/div>\n\t\t\t\t<\/div>\n\t\t<div class=\"elementor-element elementor-element-1b0997f e-flex e-con-boxed e-con e-parent\" data-id=\"1b0997f\" data-element_type=\"container\" data-settings=\"{&quot;background_background&quot;:&quot;classic&quot;}\">\n\t\t\t\t\t<div class=\"e-con-inner\">\n\t\t\t\t<div class=\"elementor-element elementor-element-0db63c2 elementor-widget elementor-widget-heading\" data-id=\"0db63c2\" data-element_type=\"widget\" data-widget_type=\"heading.default\">\n\t\t\t\t<div class=\"elementor-widget-container\">\n\t\t\t\t\t<h2 class=\"elementor-heading-title elementor-size-default\">Vous souhaitez organiser une conf\u00e9rence cl\u00e9 en main ou sur un th\u00e8me de votre choix ?<\/h2>\t\t\t\t<\/div>\n\t\t\t\t<\/div>\n\t\t\t\t<div class=\"elementor-element elementor-element-1caaae3 elementor-widget elementor-widget-button\" data-id=\"1caaae3\" data-element_type=\"widget\" data-widget_type=\"button.default\">\n\t\t\t\t<div class=\"elementor-widget-container\">\n\t\t\t\t\t\t\t\t\t<div class=\"elementor-button-wrapper\">\n\t\t\t\t\t<a class=\"elementor-button elementor-button-link elementor-size-sm\" href=\"https:\/\/www.anivise.fr\/index.php\/contact\/\">\n\t\t\t\t\t\t<span class=\"elementor-button-content-wrapper\">\n\t\t\t\t\t\t\t\t\t<span class=\"elementor-button-text\">Demandez un devis<\/span>\n\t\t\t\t\t<\/span>\n\t\t\t\t\t<\/a>\n\t\t\t\t<\/div>\n\t\t\t\t\t\t\t\t<\/div>\n\t\t\t\t<\/div>\n\t\t\t\t\t<\/div>\n\t\t\t\t<\/div>\n\t\t\t\t<\/div>\n\t\t","protected":false},"excerpt":{"rendered":"<p>CONF\u00c9RENCES La science n\u2019a de valeur que si elle est partag\u00e9e au-del\u00e0 du cercle des sp\u00e9cialistes. Or, les capacit\u00e9s sensorielles des oiseaux restent largement m\u00e9connues du grand public. Nous proposons des conf\u00e9rences accessibles \u00e0 tous pour faire d\u00e9couvrir la diversit\u00e9 fascinante de ces capacit\u00e9s et montrer en quoi leur compr\u00e9hension est essentielle pour mieux prot\u00e9ger [&hellip;]<\/p>\n","protected":false},"author":2,"featured_media":0,"parent":0,"menu_order":0,"comment_status":"closed","ping_status":"closed","template":"","meta":{"footnotes":""},"class_list":["post-226","page","type-page","status-publish","hentry"],"_links":{"self":[{"href":"https:\/\/www.anivise.fr\/index.php\/wp-json\/wp\/v2\/pages\/226","targetHints":{"allow":["GET"]}}],"collection":[{"href":"https:\/\/www.anivise.fr\/index.php\/wp-json\/wp\/v2\/pages"}],"about":[{"href":"https:\/\/www.anivise.fr\/index.php\/wp-json\/wp\/v2\/types\/page"}],"author":[{"embeddable":true,"href":"https:\/\/www.anivise.fr\/index.php\/wp-json\/wp\/v2\/users\/2"}],"replies":[{"embeddable":true,"href":"https:\/\/www.anivise.fr\/index.php\/wp-json\/wp\/v2\/comments?post=226"}],"version-history":[{"count":28,"href":"https:\/\/www.anivise.fr\/index.php\/wp-json\/wp\/v2\/pages\/226\/revisions"}],"predecessor-version":[{"id":1185,"href":"https:\/\/www.anivise.fr\/index.php\/wp-json\/wp\/v2\/pages\/226\/revisions\/1185"}],"wp:attachment":[{"href":"https:\/\/www.anivise.fr\/index.php\/wp-json\/wp\/v2\/media?parent=226"}],"curies":[{"name":"wp","href":"https:\/\/api.w.org\/{rel}","templated":true}]}}