{"id":3,"date":"2026-02-06T08:55:39","date_gmt":"2026-02-06T08:55:39","guid":{"rendered":"http:\/\/www.anivise.fr\/?page_id=3"},"modified":"2026-03-11T14:12:27","modified_gmt":"2026-03-11T14:12:27","slug":"privacy-policy","status":"publish","type":"page","link":"https:\/\/www.anivise.fr\/index.php\/privacy-policy\/","title":{"rendered":"Politique de confidentialit\u00e9"},"content":{"rendered":"\t\t<div data-elementor-type=\"wp-page\" data-elementor-id=\"3\" class=\"elementor elementor-3\" data-elementor-post-type=\"page\">\n\t\t\t\t<div class=\"elementor-element elementor-element-daee8d4 e-flex e-con-boxed e-con e-parent\" data-id=\"daee8d4\" data-element_type=\"container\">\n\t\t\t\t\t<div class=\"e-con-inner\">\n\t\t\t\t<div class=\"elementor-element elementor-element-30a30fe1 elementor-widget elementor-widget-text-editor\" data-id=\"30a30fe1\" data-element_type=\"widget\" data-widget_type=\"text-editor.default\">\n\t\t\t\t<div class=\"elementor-widget-container\">\n\t\t\t\t\t\t\t\t\t\n<p data-start=\"418\" data-end=\"453\">Derni\u00e8re mise \u00e0 jour : 11 mars 2026<\/p>\n<p data-start=\"455\" data-end=\"654\">La pr\u00e9sente politique de confidentialit\u00e9 a pour objectif d\u2019informer les utilisateurs du site <strong data-start=\"548\" data-end=\"566\"><a class=\"decorated-link\" href=\"http:\/\/www.anivise.fr\" target=\"_new\" rel=\"noopener\" data-start=\"550\" data-end=\"564\">www.anivise.fr<\/a><\/strong> sur la mani\u00e8re dont leurs donn\u00e9es personnelles sont collect\u00e9es, utilis\u00e9es et prot\u00e9g\u00e9es.<\/p>\n<h2 class=\"wp-block-heading\" data-section-id=\"jxozm2\" data-start=\"656\" data-end=\"687\">1. Responsable du traitement<\/h2>\n<p data-start=\"689\" data-end=\"735\">Le responsable du traitement des donn\u00e9es est :<\/p>\n<p data-start=\"737\" data-end=\"836\"><strong data-start=\"737\" data-end=\"748\">ANIVISE<\/strong><br data-start=\"748\" data-end=\"751\" \/>SIMON POTIER \u2013 Expert Scientifique<br data-start=\"785\" data-end=\"788\" \/>1 rue du Vivier<br data-start=\"803\" data-end=\"806\" \/>27220 FOUCRAINVILLE \u2013 France<\/p>\n<p data-start=\"838\" data-end=\"896\">SIRET : 903 376 713 00017<br data-start=\"863\" data-end=\"866\" \/>Immatricul\u00e9e au RCS d\u2019\u00c9vreux<\/p>\n<p data-start=\"898\" data-end=\"1013\">Pour toute question relative \u00e0 la protection des donn\u00e9es personnelles, vous pouvez contacter :<br data-start=\"992\" data-end=\"995\" \/><a class=\"decorated-link cursor-pointer\" rel=\"noopener\" data-start=\"995\" data-end=\"1013\">contact@anivise.fr<\/a><\/p>\n<hr data-start=\"1015\" data-end=\"1018\" \/>\n<h2 data-section-id=\"19z6ros\" data-start=\"1020\" data-end=\"1044\">2. Donn\u00e9es collect\u00e9es<\/h2>\n<p data-start=\"1046\" data-end=\"1124\">Lors de l\u2019utilisation du site, les donn\u00e9es suivantes peuvent \u00eatre collect\u00e9es :<\/p>\n<h3 data-section-id=\"bpuh5j\" data-start=\"1126\" data-end=\"1158\">Donn\u00e9es fournies directement<\/h3>\n<ul data-start=\"1159\" data-end=\"1335\">\n<li data-section-id=\"xq2hqq\" data-start=\"1159\" data-end=\"1176\">\n<p data-start=\"1161\" data-end=\"1176\">Nom et pr\u00e9nom<\/p>\n<\/li>\n<li data-section-id=\"14i9cz7\" data-start=\"1177\" data-end=\"1194\">\n<p data-start=\"1179\" data-end=\"1194\">Adresse email<\/p>\n<\/li>\n<li data-section-id=\"1qebsru\" data-start=\"1195\" data-end=\"1253\">\n<p data-start=\"1197\" data-end=\"1253\">Informations transmises via les formulaires de contact<\/p>\n<\/li>\n<li data-section-id=\"1859d4k\" data-start=\"1254\" data-end=\"1335\">\n<p data-start=\"1256\" data-end=\"1335\">Informations n\u00e9cessaires \u00e0 la cr\u00e9ation d\u2019un compte utilisateur (le cas \u00e9ch\u00e9ant)<\/p>\n<\/li>\n<\/ul>\n<h3 data-section-id=\"zt5dsu\" data-start=\"1337\" data-end=\"1375\">Donn\u00e9es collect\u00e9es automatiquement<\/h3>\n<p data-start=\"1376\" data-end=\"1470\">Lors de la navigation sur le site, certaines donn\u00e9es peuvent \u00eatre collect\u00e9es automatiquement :<\/p>\n<ul data-start=\"1472\" data-end=\"1578\">\n<li data-section-id=\"4rp7gm\" data-start=\"1472\" data-end=\"1484\">\n<p data-start=\"1474\" data-end=\"1484\">Adresse IP<\/p>\n<\/li>\n<li data-section-id=\"thyvqp\" data-start=\"1485\" data-end=\"1505\">\n<p data-start=\"1487\" data-end=\"1505\">Type de navigateur<\/p>\n<\/li>\n<li data-section-id=\"ogqm9i\" data-start=\"1506\" data-end=\"1530\">\n<p data-start=\"1508\" data-end=\"1530\">Syst\u00e8me d\u2019exploitation<\/p>\n<\/li>\n<li data-section-id=\"1v3rfaj\" data-start=\"1531\" data-end=\"1549\">\n<p data-start=\"1533\" data-end=\"1549\">Pages consult\u00e9es<\/p>\n<\/li>\n<li data-section-id=\"1l2pr2y\" data-start=\"1550\" data-end=\"1578\">\n<p data-start=\"1552\" data-end=\"1578\">Date et heure de connexion<\/p>\n<\/li>\n<\/ul>\n<p data-start=\"1580\" data-end=\"1661\">Ces informations permettent d\u2019am\u00e9liorer le fonctionnement et la s\u00e9curit\u00e9 du site.<\/p>\n<hr data-start=\"1663\" data-end=\"1666\" \/>\n<h2 data-section-id=\"1mrrr67\" data-start=\"1668\" data-end=\"1697\">3. Finalit\u00e9s du traitement<\/h2>\n<p data-start=\"1699\" data-end=\"1751\">Les donn\u00e9es collect\u00e9es peuvent \u00eatre utilis\u00e9es pour :<\/p>\n<ul data-start=\"1753\" data-end=\"2128\">\n<li data-section-id=\"73vrq6\" data-start=\"1753\" data-end=\"1818\">\n<p data-start=\"1755\" data-end=\"1818\">r\u00e9pondre aux demandes envoy\u00e9es via les formulaires de contact<\/p>\n<\/li>\n<li data-section-id=\"11k1aiu\" data-start=\"1819\" data-end=\"1882\">\n<p data-start=\"1821\" data-end=\"1882\">permettre la cr\u00e9ation et la gestion d\u2019un compte utilisateur<\/p>\n<\/li>\n<li data-section-id=\"ibmuks\" data-start=\"1883\" data-end=\"1950\">\n<p data-start=\"1885\" data-end=\"1950\">fournir l\u2019acc\u00e8s \u00e0 des contenus ou services propos\u00e9s sur le site<\/p>\n<\/li>\n<li data-section-id=\"xi52mn\" data-start=\"1951\" data-end=\"2018\">\n<p data-start=\"1953\" data-end=\"2018\">am\u00e9liorer le fonctionnement et l\u2019exp\u00e9rience utilisateur du site<\/p>\n<\/li>\n<li data-section-id=\"vfzhw0\" data-start=\"2019\" data-end=\"2074\">\n<p data-start=\"2021\" data-end=\"2074\">assurer la s\u00e9curit\u00e9 du site et pr\u00e9venir les fraudes<\/p>\n<\/li>\n<li data-section-id=\"fwfjdt\" data-start=\"2075\" data-end=\"2128\">\n<p data-start=\"2077\" data-end=\"2128\">respecter les obligations l\u00e9gales et r\u00e9glementaires<\/p>\n<\/li>\n<\/ul>\n<hr data-start=\"2130\" data-end=\"2133\" \/>\n<h2 data-section-id=\"drenh8\" data-start=\"2135\" data-end=\"2166\">4. Base l\u00e9gale du traitement<\/h2>\n<p data-start=\"2168\" data-end=\"2212\">Les traitements de donn\u00e9es sont fond\u00e9s sur :<\/p>\n<ul data-start=\"2214\" data-end=\"2551\">\n<li data-section-id=\"4h0ajy\" data-start=\"2214\" data-end=\"2299\">\n<p data-start=\"2216\" data-end=\"2299\"><strong data-start=\"2216\" data-end=\"2252\">le consentement de l\u2019utilisateur<\/strong> (formulaire de contact, cookies facultatifs)<\/p>\n<\/li>\n<li data-section-id=\"1cuiuc5\" data-start=\"2300\" data-end=\"2407\">\n<p data-start=\"2302\" data-end=\"2407\"><strong data-start=\"2302\" data-end=\"2362\">l\u2019ex\u00e9cution d\u2019un contrat ou de mesures pr\u00e9contractuelles<\/strong> (cr\u00e9ation de compte, acc\u00e8s \u00e0 des services)<\/p>\n<\/li>\n<li data-section-id=\"a7hphx\" data-start=\"2408\" data-end=\"2509\">\n<p data-start=\"2410\" data-end=\"2509\"><strong data-start=\"2410\" data-end=\"2461\">l\u2019int\u00e9r\u00eat l\u00e9gitime du responsable du traitement<\/strong> (s\u00e9curit\u00e9 du site, am\u00e9lioration des services)<\/p>\n<\/li>\n<li data-section-id=\"1syestw\" data-start=\"2510\" data-end=\"2551\">\n<p data-start=\"2512\" data-end=\"2551\"><strong data-start=\"2512\" data-end=\"2539\">les obligations l\u00e9gales<\/strong> applicables<\/p>\n<\/li>\n<\/ul>\n<hr data-start=\"2553\" data-end=\"2556\" \/>\n<h2 data-section-id=\"1kkt880\" data-start=\"2558\" data-end=\"2589\">5. Destinataires des donn\u00e9es<\/h2>\n<p data-start=\"2591\" data-end=\"2645\">Les donn\u00e9es personnelles sont destin\u00e9es uniquement \u00e0 :<\/p>\n<ul data-start=\"2647\" data-end=\"2774\">\n<li data-section-id=\"1hct7nv\" data-start=\"2647\" data-end=\"2673\">\n<p data-start=\"2649\" data-end=\"2673\">ANIVISE \/ Simon Potier<\/p>\n<\/li>\n<li data-section-id=\"1grzjcy\" data-start=\"2674\" data-end=\"2774\">\n<p data-start=\"2676\" data-end=\"2774\">les prestataires techniques n\u00e9cessaires au fonctionnement du site (h\u00e9bergement, maintenance, etc.)<\/p>\n<\/li>\n<\/ul>\n<p data-start=\"2776\" data-end=\"2833\">Les donn\u00e9es ne sont <strong data-start=\"2796\" data-end=\"2832\">ni vendues ni c\u00e9d\u00e9es \u00e0 des tiers<\/strong>.<\/p>\n<hr data-start=\"2835\" data-end=\"2838\" \/>\n<h2 data-section-id=\"7qr4f2\" data-start=\"2840\" data-end=\"2867\">6. Dur\u00e9e de conservation<\/h2>\n<p data-start=\"2869\" data-end=\"3005\">Les donn\u00e9es personnelles sont conserv\u00e9es uniquement pendant la dur\u00e9e n\u00e9cessaire aux finalit\u00e9s pour lesquelles elles ont \u00e9t\u00e9 collect\u00e9es :<\/p>\n<ul data-start=\"3007\" data-end=\"3256\">\n<li data-section-id=\"1rzuxep\" data-start=\"3007\" data-end=\"3076\">\n<p data-start=\"3009\" data-end=\"3076\">donn\u00e9es de contact : dur\u00e9e n\u00e9cessaire au traitement de la demande<\/p>\n<\/li>\n<li data-section-id=\"1w8zih1\" data-start=\"3077\" data-end=\"3165\">\n<p data-start=\"3079\" data-end=\"3165\">donn\u00e9es li\u00e9es \u00e0 un compte utilisateur : pendant toute la dur\u00e9e d\u2019existence du compte<\/p>\n<\/li>\n<li data-section-id=\"1xmigsf\" data-start=\"3166\" data-end=\"3256\">\n<p data-start=\"3168\" data-end=\"3256\">donn\u00e9es techniques de navigation : dur\u00e9e limit\u00e9e conforme \u00e0 la r\u00e9glementation applicable<\/p>\n<\/li>\n<\/ul>\n<hr data-start=\"3258\" data-end=\"3261\" \/>\n<h2 data-section-id=\"qodumj\" data-start=\"3263\" data-end=\"3276\">7. Cookies<\/h2>\n<p data-start=\"3278\" data-end=\"3321\">Le site peut utiliser des cookies afin de :<\/p>\n<ul data-start=\"3323\" data-end=\"3420\">\n<li data-section-id=\"xh9j60\" data-start=\"3323\" data-end=\"3364\">\n<p data-start=\"3325\" data-end=\"3364\">assurer le bon fonctionnement du site<\/p>\n<\/li>\n<li data-section-id=\"qho852\" data-start=\"3365\" data-end=\"3420\">\n<p data-start=\"3367\" data-end=\"3420\">mesurer l\u2019audience et am\u00e9liorer les services propos\u00e9s<\/p>\n<\/li>\n<\/ul>\n<p data-start=\"3422\" data-end=\"3549\">Un bandeau d\u2019information permet \u00e0 l\u2019utilisateur d\u2019accepter ou de refuser les cookies non essentiels lors de sa premi\u00e8re visite.<\/p>\n<hr data-start=\"3551\" data-end=\"3554\" \/>\n<h2 data-section-id=\"11mi9j3\" data-start=\"3556\" data-end=\"3582\">8. S\u00e9curit\u00e9 des donn\u00e9es<\/h2>\n<p data-start=\"3584\" data-end=\"3815\">Le responsable du traitement met en \u0153uvre des mesures techniques et organisationnelles appropri\u00e9es afin de garantir la s\u00e9curit\u00e9 des donn\u00e9es personnelles et emp\u00eacher tout acc\u00e8s non autoris\u00e9, modification, divulgation ou destruction.<\/p>\n<hr data-start=\"3817\" data-end=\"3820\" \/>\n<h2 data-section-id=\"11dls4t\" data-start=\"3822\" data-end=\"3851\">9. Droits des utilisateurs<\/h2>\n<p data-start=\"3853\" data-end=\"3977\">Conform\u00e9ment au <strong data-start=\"3869\" data-end=\"3927\">R\u00e8glement G\u00e9n\u00e9ral sur la Protection des Donn\u00e9es (RGPD)<\/strong>, les utilisateurs disposent des droits suivants :<\/p>\n<ul data-start=\"3979\" data-end=\"4207\">\n<li data-section-id=\"omeglm\" data-start=\"3979\" data-end=\"4025\">\n<p data-start=\"3981\" data-end=\"4025\">droit d\u2019acc\u00e8s \u00e0 leurs donn\u00e9es personnelles<\/p>\n<\/li>\n<li data-section-id=\"xanhyt\" data-start=\"4026\" data-end=\"4052\">\n<p data-start=\"4028\" data-end=\"4052\">droit de rectification<\/p>\n<\/li>\n<li data-section-id=\"eqymto\" data-start=\"4053\" data-end=\"4093\">\n<p data-start=\"4055\" data-end=\"4093\">droit d\u2019effacement (droit \u00e0 l\u2019oubli)<\/p>\n<\/li>\n<li data-section-id=\"fqj3cl\" data-start=\"4094\" data-end=\"4133\">\n<p data-start=\"4096\" data-end=\"4133\">droit \u00e0 la limitation du traitement<\/p>\n<\/li>\n<li data-section-id=\"6m7apa\" data-start=\"4134\" data-end=\"4170\">\n<p data-start=\"4136\" data-end=\"4170\">droit d\u2019opposition au traitement<\/p>\n<\/li>\n<li data-section-id=\"9ol9vw\" data-start=\"4171\" data-end=\"4207\">\n<p data-start=\"4173\" data-end=\"4207\">droit \u00e0 la portabilit\u00e9 des donn\u00e9es<\/p>\n<\/li>\n<\/ul>\n<p data-start=\"4209\" data-end=\"4257\">Pour exercer ces droits, vous pouvez contacter :<\/p>\n<p data-start=\"4259\" data-end=\"4277\"><a class=\"decorated-link cursor-pointer\" rel=\"noopener\" data-start=\"4259\" data-end=\"4277\">contact@anivise.fr<\/a><\/p>\n<p data-start=\"4279\" data-end=\"4337\">Une r\u00e9ponse sera apport\u00e9e dans un d\u00e9lai maximum d\u2019un mois.<\/p>\n<hr data-start=\"4339\" data-end=\"4342\" \/>\n<h2 data-section-id=\"1igg0g6\" data-start=\"4344\" data-end=\"4380\">10. R\u00e9clamation aupr\u00e8s de la CNIL<\/h2>\n<p data-start=\"4382\" data-end=\"4486\">Si vous estimez que vos droits ne sont pas respect\u00e9s, vous pouvez introduire une r\u00e9clamation aupr\u00e8s de :<\/p>\n<p data-start=\"4488\" data-end=\"4567\"><strong data-start=\"4488\" data-end=\"4553\">CNIL \u2013 Commission Nationale de l\u2019Informatique et des Libert\u00e9s<\/strong><br data-start=\"4553\" data-end=\"4556\" \/><a class=\"decorated-link cursor-pointer\" target=\"_new\" rel=\"noopener\" data-start=\"4556\" data-end=\"4567\">www.cnil.fr<\/a><\/p>\n<hr data-start=\"4569\" data-end=\"4572\" \/>\n<h2 data-section-id=\"1js3woo\" data-start=\"4574\" data-end=\"4628\">11. Modification de la politique de confidentialit\u00e9<\/h2>\n<p data-start=\"4630\" data-end=\"4780\">La pr\u00e9sente politique de confidentialit\u00e9 peut \u00eatre mise \u00e0 jour \u00e0 tout moment afin de tenir compte des \u00e9volutions l\u00e9gales ou des modifications du site.<\/p>\n<p data-start=\"4782\" data-end=\"4841\">Les utilisateurs sont invit\u00e9s \u00e0 la consulter r\u00e9guli\u00e8rement.<\/p>\t\t\t\t\t\t\t\t<\/div>\n\t\t\t\t<\/div>\n\t\t\t\t\t<\/div>\n\t\t\t\t<\/div>\n\t\t\t\t<\/div>\n\t\t","protected":false},"excerpt":{"rendered":"<p>Derni\u00e8re mise \u00e0 jour : 11 mars 2026 La pr\u00e9sente politique de confidentialit\u00e9 a pour objectif d\u2019informer les utilisateurs du site www.anivise.fr sur la mani\u00e8re dont leurs donn\u00e9es personnelles sont collect\u00e9es, utilis\u00e9es et prot\u00e9g\u00e9es. 1. Responsable du traitement Le responsable du traitement des donn\u00e9es est : ANIVISESIMON POTIER \u2013 Expert Scientifique1 rue du Vivier27220 FOUCRAINVILLE [&hellip;]<\/p>\n","protected":false},"author":1,"featured_media":0,"parent":0,"menu_order":0,"comment_status":"closed","ping_status":"open","template":"","meta":{"footnotes":""},"class_list":["post-3","page","type-page","status-publish","hentry"],"_links":{"self":[{"href":"https:\/\/www.anivise.fr\/index.php\/wp-json\/wp\/v2\/pages\/3","targetHints":{"allow":["GET"]}}],"collection":[{"href":"https:\/\/www.anivise.fr\/index.php\/wp-json\/wp\/v2\/pages"}],"about":[{"href":"https:\/\/www.anivise.fr\/index.php\/wp-json\/wp\/v2\/types\/page"}],"author":[{"embeddable":true,"href":"https:\/\/www.anivise.fr\/index.php\/wp-json\/wp\/v2\/users\/1"}],"replies":[{"embeddable":true,"href":"https:\/\/www.anivise.fr\/index.php\/wp-json\/wp\/v2\/comments?post=3"}],"version-history":[{"count":4,"href":"https:\/\/www.anivise.fr\/index.php\/wp-json\/wp\/v2\/pages\/3\/revisions"}],"predecessor-version":[{"id":672,"href":"https:\/\/www.anivise.fr\/index.php\/wp-json\/wp\/v2\/pages\/3\/revisions\/672"}],"wp:attachment":[{"href":"https:\/\/www.anivise.fr\/index.php\/wp-json\/wp\/v2\/media?parent=3"}],"curies":[{"name":"wp","href":"https:\/\/api.w.org\/{rel}","templated":true}]}}