{"id":323,"date":"2026-03-06T12:53:20","date_gmt":"2026-03-06T12:53:20","guid":{"rendered":"https:\/\/www.anivise.fr\/?page_id=323"},"modified":"2026-03-11T14:19:30","modified_gmt":"2026-03-11T14:19:30","slug":"mentions-legales","status":"publish","type":"page","link":"https:\/\/www.anivise.fr\/index.php\/mentions-legales\/","title":{"rendered":"Mentions l\u00e9gales"},"content":{"rendered":"\t\t<div data-elementor-type=\"wp-page\" data-elementor-id=\"323\" class=\"elementor elementor-323\" data-elementor-post-type=\"page\">\n\t\t\t\t<div class=\"elementor-element elementor-element-5dd8431 e-flex e-con-boxed e-con e-parent\" data-id=\"5dd8431\" data-element_type=\"container\">\n\t\t\t\t\t<div class=\"e-con-inner\">\n\t\t\t\t<div class=\"elementor-element elementor-element-79e6a63 elementor-widget elementor-widget-text-editor\" data-id=\"79e6a63\" data-element_type=\"widget\" data-widget_type=\"text-editor.default\">\n\t\t\t\t<div class=\"elementor-widget-container\">\n\t\t\t\t\t\t\t\t\t<p data-start=\"267\" data-end=\"302\">Derni\u00e8re mise \u00e0 jour : 11 mars 2026<\/p><p data-start=\"304\" data-end=\"566\">Conform\u00e9ment aux dispositions de la <strong data-start=\"340\" data-end=\"418\">loi n\u00b02004-575 du 21 juin 2004 pour la confiance dans l\u2019\u00e9conomie num\u00e9rique<\/strong>, il est pr\u00e9cis\u00e9 aux utilisateurs du site <strong data-start=\"460\" data-end=\"478\"><a class=\"decorated-link\" href=\"http:\/\/www.anivise.fr\" target=\"_new\" rel=\"noopener\" data-start=\"462\" data-end=\"476\">www.anivise.fr<\/a><\/strong> l\u2019identit\u00e9 des diff\u00e9rents intervenants dans le cadre de sa r\u00e9alisation et de son suivi.<\/p><hr data-start=\"568\" data-end=\"571\" \/><h1 data-section-id=\"1a2g3f5\" data-start=\"573\" data-end=\"593\">1. \u00c9diteur du site<\/h1><p data-start=\"595\" data-end=\"626\">Le pr\u00e9sent site est \u00e9dit\u00e9 par :<\/p><p data-start=\"628\" data-end=\"678\"><strong data-start=\"628\" data-end=\"639\">ANIVISE<\/strong><br data-start=\"639\" data-end=\"642\" \/>SIMON POTIER \u2013 Expert Scientifique<\/p><p data-start=\"680\" data-end=\"728\">1 rue du Vivier<br data-start=\"695\" data-end=\"698\" \/>27220 FOUCRAINVILLE \u2013 France<\/p><p data-start=\"730\" data-end=\"794\">SIRET : <strong data-start=\"738\" data-end=\"759\">903 376 713 00017<\/strong><br data-start=\"759\" data-end=\"762\" \/>Immatricul\u00e9e au <strong data-start=\"778\" data-end=\"794\">RCS d\u2019\u00c9vreux<\/strong><\/p><p data-start=\"796\" data-end=\"842\">Directeur de la publication : <strong data-start=\"826\" data-end=\"842\">Simon Potier<\/strong><\/p><p data-start=\"844\" data-end=\"874\">Contact :<br data-start=\"853\" data-end=\"856\" \/><a class=\"decorated-link cursor-pointer\" rel=\"noopener\" data-start=\"856\" data-end=\"874\">contact@anivise.fr<\/a><\/p><hr data-start=\"876\" data-end=\"879\" \/><h1 data-section-id=\"ydcim\" data-start=\"881\" data-end=\"897\">2. H\u00e9bergement<\/h1><p data-start=\"899\" data-end=\"924\">Le site est h\u00e9berg\u00e9 par :<\/p><p data-start=\"926\" data-end=\"983\"><strong data-start=\"926\" data-end=\"937\">OVH SAS<\/strong><br data-start=\"937\" data-end=\"940\" \/>2 rue Kellermann<br data-start=\"956\" data-end=\"959\" \/>59100 Roubaix \u2013 France<\/p><p data-start=\"985\" data-end=\"1030\">Site : <a class=\"decorated-link\" href=\"https:\/\/www.ovh.com\" target=\"_new\" rel=\"noopener\" data-start=\"992\" data-end=\"1011\">https:\/\/www.ovh.com<\/a><br data-start=\"1011\" data-end=\"1014\" \/>T\u00e9l\u00e9phone : 1007<\/p><hr data-start=\"1032\" data-end=\"1035\" \/><h1 data-section-id=\"oohxko\" data-start=\"1037\" data-end=\"1066\">3. Propri\u00e9t\u00e9 intellectuelle<\/h1><p data-start=\"1068\" data-end=\"1150\">L\u2019ensemble du contenu pr\u00e9sent sur le site <strong data-start=\"1110\" data-end=\"1128\"><a class=\"decorated-link\" href=\"http:\/\/www.anivise.fr\" target=\"_new\" rel=\"noopener\" data-start=\"1112\" data-end=\"1126\">www.anivise.fr<\/a><\/strong>, incluant notamment :<\/p><ul data-start=\"1152\" data-end=\"1266\"><li data-section-id=\"irntc3\" data-start=\"1152\" data-end=\"1162\"><p data-start=\"1154\" data-end=\"1162\">textes<\/p><\/li><li data-section-id=\"1g8wk4c\" data-start=\"1163\" data-end=\"1173\"><p data-start=\"1165\" data-end=\"1173\">images<\/p><\/li><li data-section-id=\"3ky59z\" data-start=\"1174\" data-end=\"1191\"><p data-start=\"1176\" data-end=\"1191\">photographies<\/p><\/li><li data-section-id=\"13aq5gv\" data-start=\"1192\" data-end=\"1209\"><p data-start=\"1194\" data-end=\"1209\">illustrations<\/p><\/li><li data-section-id=\"17f8s1n\" data-start=\"1210\" data-end=\"1230\"><p data-start=\"1212\" data-end=\"1230\">bases de donn\u00e9es<\/p><\/li><li data-section-id=\"co5fxh\" data-start=\"1231\" data-end=\"1245\"><p data-start=\"1233\" data-end=\"1245\">graphismes<\/p><\/li><li data-section-id=\"zhsgeo\" data-start=\"1246\" data-end=\"1255\"><p data-start=\"1248\" data-end=\"1255\">logos<\/p><\/li><li data-section-id=\"19vdj46\" data-start=\"1256\" data-end=\"1266\"><p data-start=\"1258\" data-end=\"1266\">vid\u00e9os<\/p><\/li><\/ul><p data-start=\"1268\" data-end=\"1344\">est prot\u00e9g\u00e9 par les dispositions du <strong data-start=\"1304\" data-end=\"1343\">Code de la propri\u00e9t\u00e9 intellectuelle<\/strong>.<\/p><p data-start=\"1346\" data-end=\"1558\">Sauf autorisation \u00e9crite pr\u00e9alable, toute reproduction, repr\u00e9sentation, modification, publication ou adaptation de tout ou partie des \u00e9l\u00e9ments du site, quel que soit le moyen ou le proc\u00e9d\u00e9 utilis\u00e9, est interdite.<\/p><p data-start=\"1560\" data-end=\"1814\">Toute exploitation non autoris\u00e9e du site ou de l\u2019un quelconque des \u00e9l\u00e9ments qu\u2019il contient pourra \u00eatre consid\u00e9r\u00e9e comme constitutive d\u2019une contrefa\u00e7on et poursuivie conform\u00e9ment aux articles <strong data-start=\"1751\" data-end=\"1813\">L.335-2 et suivants du Code de la propri\u00e9t\u00e9 intellectuelle<\/strong>.<\/p><hr data-start=\"1816\" data-end=\"1819\" \/><h1 data-section-id=\"1ln9m14\" data-start=\"1821\" data-end=\"1840\">4. Responsabilit\u00e9<\/h1><p data-start=\"1842\" data-end=\"1933\">Les informations diffus\u00e9es sur le site <strong data-start=\"1881\" data-end=\"1899\"><a class=\"decorated-link\" href=\"http:\/\/www.anivise.fr\" target=\"_new\" rel=\"noopener\" data-start=\"1883\" data-end=\"1897\">www.anivise.fr<\/a><\/strong> sont fournies \u00e0 titre informatif.<\/p><p data-start=\"1935\" data-end=\"2128\">Malgr\u00e9 le soin apport\u00e9 \u00e0 leur exactitude, elles peuvent contenir des inexactitudes ou omissions.<br data-start=\"2031\" data-end=\"2034\" \/>L\u2019\u00e9diteur du site ne saurait \u00eatre tenu responsable de l\u2019utilisation faite de ces informations.<\/p><p data-start=\"2130\" data-end=\"2271\">L\u2019utilisateur du site s\u2019engage \u00e0 acc\u00e9der au site en utilisant un mat\u00e9riel r\u00e9cent, ne contenant pas de virus et avec un navigateur mis \u00e0 jour.<\/p><hr data-start=\"2273\" data-end=\"2276\" \/><h1 data-section-id=\"1k7sol9\" data-start=\"2278\" data-end=\"2300\">5. Liens hypertextes<\/h1><p data-start=\"2302\" data-end=\"2382\">Le site <strong data-start=\"2310\" data-end=\"2328\"><a class=\"decorated-link\" href=\"http:\/\/www.anivise.fr\" target=\"_new\" rel=\"noopener\" data-start=\"2312\" data-end=\"2326\">www.anivise.fr<\/a><\/strong> peut contenir des liens vers d\u2019autres sites internet.<\/p><p data-start=\"2384\" data-end=\"2518\">ANIVISE ne peut \u00eatre tenu responsable du contenu de ces sites externes ni des \u00e9ventuels dommages pouvant r\u00e9sulter de leur utilisation.<\/p><hr data-start=\"2520\" data-end=\"2523\" \/><h1 data-section-id=\"2ddkgy\" data-start=\"2525\" data-end=\"2550\">6. Donn\u00e9es personnelles<\/h1><p data-start=\"2552\" data-end=\"2715\">Les informations relatives \u00e0 la collecte et au traitement des donn\u00e9es personnelles sont d\u00e9taill\u00e9es dans la <strong data-start=\"2659\" data-end=\"2691\">politique de confidentialit\u00e9<\/strong> accessible sur le site.<\/p><hr data-start=\"2717\" data-end=\"2720\" \/><h1 data-section-id=\"1pwznp2\" data-start=\"2722\" data-end=\"2743\">7. Droit applicable<\/h1><p data-start=\"2745\" data-end=\"2814\">Les pr\u00e9sentes mentions l\u00e9gales sont r\u00e9gies par le <strong data-start=\"2795\" data-end=\"2813\">droit fran\u00e7ais<\/strong>.<\/p><p data-start=\"2816\" data-end=\"2916\">En cas de litige, et \u00e0 d\u00e9faut de r\u00e9solution amiable, les tribunaux fran\u00e7ais seront seuls comp\u00e9tents.<\/p>\t\t\t\t\t\t\t\t<\/div>\n\t\t\t\t<\/div>\n\t\t\t\t\t<\/div>\n\t\t\t\t<\/div>\n\t\t\t\t<\/div>\n\t\t","protected":false},"excerpt":{"rendered":"<p>Derni\u00e8re mise \u00e0 jour : 11 mars 2026 Conform\u00e9ment aux dispositions de la loi n\u00b02004-575 du 21 juin 2004 pour la confiance dans l\u2019\u00e9conomie num\u00e9rique, il est pr\u00e9cis\u00e9 aux utilisateurs du site www.anivise.fr l\u2019identit\u00e9 des diff\u00e9rents intervenants dans le cadre de sa r\u00e9alisation et de son suivi. 1. \u00c9diteur du site Le pr\u00e9sent site est [&hellip;]<\/p>\n","protected":false},"author":2,"featured_media":0,"parent":0,"menu_order":0,"comment_status":"closed","ping_status":"closed","template":"","meta":{"footnotes":""},"class_list":["post-323","page","type-page","status-publish","hentry"],"_links":{"self":[{"href":"https:\/\/www.anivise.fr\/index.php\/wp-json\/wp\/v2\/pages\/323","targetHints":{"allow":["GET"]}}],"collection":[{"href":"https:\/\/www.anivise.fr\/index.php\/wp-json\/wp\/v2\/pages"}],"about":[{"href":"https:\/\/www.anivise.fr\/index.php\/wp-json\/wp\/v2\/types\/page"}],"author":[{"embeddable":true,"href":"https:\/\/www.anivise.fr\/index.php\/wp-json\/wp\/v2\/users\/2"}],"replies":[{"embeddable":true,"href":"https:\/\/www.anivise.fr\/index.php\/wp-json\/wp\/v2\/comments?post=323"}],"version-history":[{"count":4,"href":"https:\/\/www.anivise.fr\/index.php\/wp-json\/wp\/v2\/pages\/323\/revisions"}],"predecessor-version":[{"id":676,"href":"https:\/\/www.anivise.fr\/index.php\/wp-json\/wp\/v2\/pages\/323\/revisions\/676"}],"wp:attachment":[{"href":"https:\/\/www.anivise.fr\/index.php\/wp-json\/wp\/v2\/media?parent=323"}],"curies":[{"name":"wp","href":"https:\/\/api.w.org\/{rel}","templated":true}]}}