{"id":463,"date":"2026-03-09T22:44:39","date_gmt":"2026-03-09T22:44:39","guid":{"rendered":"https:\/\/www.anivise.fr\/?page_id=463"},"modified":"2026-03-13T16:37:21","modified_gmt":"2026-03-13T16:37:21","slug":"conseil-2","status":"publish","type":"page","link":"https:\/\/www.anivise.fr\/index.php\/conseil-2\/","title":{"rendered":"Design"},"content":{"rendered":"\t\t<div data-elementor-type=\"wp-page\" data-elementor-id=\"463\" class=\"elementor elementor-463\" data-elementor-post-type=\"page\">\n\t\t\t\t<div class=\"elementor-element elementor-element-6289922 e-con-full e-flex e-con e-parent\" data-id=\"6289922\" data-element_type=\"container\">\n\t\t<div class=\"elementor-element elementor-element-bde1d28 e-flex e-con-boxed e-con e-child\" data-id=\"bde1d28\" data-element_type=\"container\" data-settings=\"{&quot;background_background&quot;:&quot;classic&quot;}\">\n\t\t\t\t\t<div class=\"e-con-inner\">\n\t\t\t\t<div class=\"elementor-element elementor-element-9b2b1fc elementor-widget elementor-widget-heading\" data-id=\"9b2b1fc\" data-element_type=\"widget\" data-widget_type=\"heading.default\">\n\t\t\t\t<div class=\"elementor-widget-container\">\n\t\t\t\t\t<h2 class=\"elementor-heading-title elementor-size-default\">DESIGN DES VOLI\u00c8RES<\/h2>\t\t\t\t<\/div>\n\t\t\t\t<\/div>\n\t\t\t\t\t<\/div>\n\t\t\t\t<\/div>\n\t\t\t\t<\/div>\n\t\t<div class=\"elementor-element elementor-element-6f9f839 e-flex e-con-boxed e-con e-parent\" data-id=\"6f9f839\" data-element_type=\"container\">\n\t\t\t\t\t<div class=\"e-con-inner\">\n\t\t<div class=\"elementor-element elementor-element-4cd686b e-con-full e-flex e-con e-child\" data-id=\"4cd686b\" data-element_type=\"container\">\n\t\t\t\t<div class=\"elementor-element elementor-element-2d053f3 elementor-widget elementor-widget-heading\" data-id=\"2d053f3\" data-element_type=\"widget\" data-widget_type=\"heading.default\">\n\t\t\t\t<div class=\"elementor-widget-container\">\n\t\t\t\t\t<h2 class=\"elementor-heading-title elementor-size-default\">Des solutions d'herb\u00e9rgement en croissante am\u00e9lioration<\/h2>\t\t\t\t<\/div>\n\t\t\t\t<\/div>\n\t\t\t\t<\/div>\n\t\t<div class=\"elementor-element elementor-element-4298fc9 e-con-full e-flex e-con e-child\" data-id=\"4298fc9\" data-element_type=\"container\">\n\t\t\t\t<div class=\"elementor-element elementor-element-8575b64 elementor-widget elementor-widget-text-editor\" data-id=\"8575b64\" data-element_type=\"widget\" data-widget_type=\"text-editor.default\">\n\t\t\t\t<div class=\"elementor-widget-container\">\n\t\t\t\t\t\t\t\t\t<p>La pr\u00e9sentation des rapaces \u00e0 l\u2019attache sur diff\u00e9rents types de perches reste une pratique courante, h\u00e9rit\u00e9e de la fauconnerie traditionnelle.<br data-start=\"611\" data-end=\"614\" \/>Bien que les syst\u00e8mes de perches aient \u00e9volu\u00e9 ces derni\u00e8res ann\u00e9es, cette m\u00e9thode soul\u00e8ve encore des questions li\u00e9es au bien-\u00eatre des individus.<\/p>\t\t\t\t\t\t\t\t<\/div>\n\t\t\t\t<\/div>\n\t\t\t\t<\/div>\n\t\t\t\t\t<\/div>\n\t\t\t\t<\/div>\n\t\t<div class=\"elementor-element elementor-element-9b23a49 e-flex e-con-boxed e-con e-parent\" data-id=\"9b23a49\" data-element_type=\"container\">\n\t\t\t\t\t<div class=\"e-con-inner\">\n\t\t<div class=\"elementor-element elementor-element-5f7c9c2 e-con-full e-flex e-con e-child\" data-id=\"5f7c9c2\" data-element_type=\"container\">\n\t\t\t\t<div class=\"elementor-element elementor-element-6243c63 elementor-widget__width-inherit elementor-widget elementor-widget-aic-image-comparison\" data-id=\"6243c63\" data-element_type=\"widget\" data-widget_type=\"aic-image-comparison.default\">\n\t\t\t\t<div class=\"elementor-widget-container\">\n\t\t\t\t\t        \n        <div id=\"aic-image-comparison-6243c63\" class=\"aic-image-container\" data-offset=\"0.5\" data-orientation=\"horizontal\" data-before_label=\"Avant\" data-after_label=\"Apr\u00e8s\" data-overlay=\"no\" data-onhover=\"yes\" data-click_to_move=\"no\">\n\t\t\t<img decoding=\"async\" class=\"aic-before-img\" alt=\"Before image alt\" src=\"http:\/\/www.anivise.fr\/wp-content\/uploads\/2026\/03\/Harris-perche.tif.jpg\">\n\t\t\t<img decoding=\"async\" class=\"aic-after-img\" alt=\"After image alt\" src=\"http:\/\/www.anivise.fr\/wp-content\/uploads\/2026\/03\/IMG_4293-scaled.jpg\">\n        <\/div>\n\n        \t\t\t\t<\/div>\n\t\t\t\t<\/div>\n\t\t\t\t<\/div>\n\t\t<div class=\"elementor-element elementor-element-ecc803a e-con-full e-flex e-con e-child\" data-id=\"ecc803a\" data-element_type=\"container\" data-settings=\"{&quot;background_background&quot;:&quot;classic&quot;}\">\n\t\t\t\t<div class=\"elementor-element elementor-element-0dbc350 elementor-widget elementor-widget-heading\" data-id=\"0dbc350\" data-element_type=\"widget\" data-widget_type=\"heading.default\">\n\t\t\t\t<div class=\"elementor-widget-container\">\n\t\t\t\t\t<h2 class=\"elementor-heading-title elementor-size-default\">Il existe aujourd\u2019hui des solutions alternatives \u00e0 la pr\u00e9sentation en perche.<\/h2>\t\t\t\t<\/div>\n\t\t\t\t<\/div>\n\t\t\t\t<div class=\"elementor-element elementor-element-bf30419 elementor-widget elementor-widget-text-editor\" data-id=\"bf30419\" data-element_type=\"widget\" data-widget_type=\"text-editor.default\">\n\t\t\t\t<div class=\"elementor-widget-container\">\n\t\t\t\t\t\t\t\t\t<p>Celles-ci permettent de respecter l\u2019int\u00e9grit\u00e9 du plumage des oiseaux tout en am\u00e9liorant leurs conditions de maintien.<br \/><br \/>Sur la base de notre exp\u00e9rience personnelle, de visites dans diff\u00e9rentes structures internationales et de mes comp\u00e9tences professionnelles, nous proposons la mise en place de solutions alternatives \u00e0 l\u2019attache permettant \u00e0 la majorit\u00e9 des individus d\u2019\u00eatre h\u00e9berg\u00e9s dans des installations adapt\u00e9es.<\/p>\t\t\t\t\t\t\t\t<\/div>\n\t\t\t\t<\/div>\n\t\t\t\t<\/div>\n\t\t\t\t\t<\/div>\n\t\t\t\t<\/div>\n\t\t<div class=\"elementor-element elementor-element-022108d e-flex e-con-boxed e-con e-parent\" data-id=\"022108d\" data-element_type=\"container\">\n\t\t\t\t\t<div class=\"e-con-inner\">\n\t\t<div class=\"elementor-element elementor-element-471fb5d e-con-full e-flex e-con e-child\" data-id=\"471fb5d\" data-element_type=\"container\">\n\t\t\t\t<div class=\"elementor-element elementor-element-7bf60a4 elementor-widget elementor-widget-heading\" data-id=\"7bf60a4\" data-element_type=\"widget\" data-widget_type=\"heading.default\">\n\t\t\t\t<div class=\"elementor-widget-container\">\n\t\t\t\t\t<h2 class=\"elementor-heading-title elementor-size-default\">Une approche bas\u00e9e sur l'exp\u00e9rience de terrain<\/h2>\t\t\t\t<\/div>\n\t\t\t\t<\/div>\n\t\t\t\t<div class=\"elementor-element elementor-element-34ff038 elementor-widget elementor-widget-text-editor\" data-id=\"34ff038\" data-element_type=\"widget\" data-widget_type=\"text-editor.default\">\n\t\t\t\t<div class=\"elementor-widget-container\">\n\t\t\t\t\t\t\t\t\t<p>Les structures peuvent \u00eatre repens\u00e9es afin de permettre aux oiseaux de se maintenir dans des voli\u00e8res adapt\u00e9es tout en conservant la possibilit\u00e9 de vol.\u00a0<\/p>\t\t\t\t\t\t\t\t<\/div>\n\t\t\t\t<\/div>\n\t\t<div class=\"elementor-element elementor-element-9c39deb e-con-full e-flex e-con e-child\" data-id=\"9c39deb\" data-element_type=\"container\">\n\t\t\t\t<div class=\"elementor-element elementor-element-4631179 elementor-view-default elementor-widget elementor-widget-icon\" data-id=\"4631179\" data-element_type=\"widget\" data-widget_type=\"icon.default\">\n\t\t\t\t<div class=\"elementor-widget-container\">\n\t\t\t\t\t\t\t<div class=\"elementor-icon-wrapper\">\n\t\t\t<div class=\"elementor-icon\">\n\t\t\t<svg aria-hidden=\"true\" class=\"e-font-icon-svg e-far-check-circle\" viewBox=\"0 0 512 512\" xmlns=\"http:\/\/www.w3.org\/2000\/svg\"><path d=\"M256 8C119.033 8 8 119.033 8 256s111.033 248 248 248 248-111.033 248-248S392.967 8 256 8zm0 48c110.532 0 200 89.451 200 200 0 110.532-89.451 200-200 200-110.532 0-200-89.451-200-200 0-110.532 89.451-200 200-200m140.204 130.267l-22.536-22.718c-4.667-4.705-12.265-4.736-16.97-.068L215.346 303.697l-59.792-60.277c-4.667-4.705-12.265-4.736-16.97-.069l-22.719 22.536c-4.705 4.667-4.736 12.265-.068 16.971l90.781 91.516c4.667 4.705 12.265 4.736 16.97.068l172.589-171.204c4.704-4.668 4.734-12.266.067-16.971z\"><\/path><\/svg>\t\t\t<\/div>\n\t\t<\/div>\n\t\t\t\t\t\t<\/div>\n\t\t\t\t<\/div>\n\t\t<div class=\"elementor-element elementor-element-79db496 e-con-full e-flex e-con e-child\" data-id=\"79db496\" data-element_type=\"container\">\n\t\t\t\t<div class=\"elementor-element elementor-element-de94ef3 elementor-widget elementor-widget-heading\" data-id=\"de94ef3\" data-element_type=\"widget\" data-widget_type=\"heading.default\">\n\t\t\t\t<div class=\"elementor-widget-container\">\n\t\t\t\t\t<h2 class=\"elementor-heading-title elementor-size-default\">Bien-\u00eatre animal<\/h2>\t\t\t\t<\/div>\n\t\t\t\t<\/div>\n\t\t\t\t<div class=\"elementor-element elementor-element-b51d6b0 elementor-widget elementor-widget-text-editor\" data-id=\"b51d6b0\" data-element_type=\"widget\" data-widget_type=\"text-editor.default\">\n\t\t\t\t<div class=\"elementor-widget-container\">\n\t\t\t\t\t\t\t\t\t<p>Pr\u00e9servation du plumage et optimisation du r\u00e9pertoire comportemental.<\/p>\t\t\t\t\t\t\t\t<\/div>\n\t\t\t\t<\/div>\n\t\t\t\t<\/div>\n\t\t\t\t<\/div>\n\t\t<div class=\"elementor-element elementor-element-bd9a89e e-con-full e-flex e-con e-child\" data-id=\"bd9a89e\" data-element_type=\"container\">\n\t\t\t\t<div class=\"elementor-element elementor-element-51246f3 elementor-view-default elementor-widget elementor-widget-icon\" data-id=\"51246f3\" data-element_type=\"widget\" data-widget_type=\"icon.default\">\n\t\t\t\t<div class=\"elementor-widget-container\">\n\t\t\t\t\t\t\t<div class=\"elementor-icon-wrapper\">\n\t\t\t<div class=\"elementor-icon\">\n\t\t\t<svg aria-hidden=\"true\" class=\"e-font-icon-svg e-far-check-circle\" viewBox=\"0 0 512 512\" xmlns=\"http:\/\/www.w3.org\/2000\/svg\"><path d=\"M256 8C119.033 8 8 119.033 8 256s111.033 248 248 248 248-111.033 248-248S392.967 8 256 8zm0 48c110.532 0 200 89.451 200 200 0 110.532-89.451 200-200 200-110.532 0-200-89.451-200-200 0-110.532 89.451-200 200-200m140.204 130.267l-22.536-22.718c-4.667-4.705-12.265-4.736-16.97-.068L215.346 303.697l-59.792-60.277c-4.667-4.705-12.265-4.736-16.97-.069l-22.719 22.536c-4.705 4.667-4.736 12.265-.068 16.971l90.781 91.516c4.667 4.705 12.265 4.736 16.97.068l172.589-171.204c4.704-4.668 4.734-12.266.067-16.971z\"><\/path><\/svg>\t\t\t<\/div>\n\t\t<\/div>\n\t\t\t\t\t\t<\/div>\n\t\t\t\t<\/div>\n\t\t<div class=\"elementor-element elementor-element-67002a1 e-con-full e-flex e-con e-child\" data-id=\"67002a1\" data-element_type=\"container\">\n\t\t\t\t<div class=\"elementor-element elementor-element-f14a26a elementor-widget elementor-widget-heading\" data-id=\"f14a26a\" data-element_type=\"widget\" data-widget_type=\"heading.default\">\n\t\t\t\t<div class=\"elementor-widget-container\">\n\t\t\t\t\t<h2 class=\"elementor-heading-title elementor-size-default\">Installations adapt\u00e9es<\/h2>\t\t\t\t<\/div>\n\t\t\t\t<\/div>\n\t\t\t\t<div class=\"elementor-element elementor-element-deb2658 elementor-widget elementor-widget-text-editor\" data-id=\"deb2658\" data-element_type=\"widget\" data-widget_type=\"text-editor.default\">\n\t\t\t\t<div class=\"elementor-widget-container\">\n\t\t\t\t\t\t\t\t\t<p>Conception compatible avec les contraintes des structures zoologiques.<\/p>\t\t\t\t\t\t\t\t<\/div>\n\t\t\t\t<\/div>\n\t\t\t\t<\/div>\n\t\t\t\t<\/div>\n\t\t<div class=\"elementor-element elementor-element-9850a97 e-con-full e-flex e-con e-child\" data-id=\"9850a97\" data-element_type=\"container\">\n\t\t\t\t<div class=\"elementor-element elementor-element-b2ea6b7 elementor-view-default elementor-widget elementor-widget-icon\" data-id=\"b2ea6b7\" data-element_type=\"widget\" data-widget_type=\"icon.default\">\n\t\t\t\t<div class=\"elementor-widget-container\">\n\t\t\t\t\t\t\t<div class=\"elementor-icon-wrapper\">\n\t\t\t<div class=\"elementor-icon\">\n\t\t\t<svg aria-hidden=\"true\" class=\"e-font-icon-svg e-far-check-circle\" viewBox=\"0 0 512 512\" xmlns=\"http:\/\/www.w3.org\/2000\/svg\"><path d=\"M256 8C119.033 8 8 119.033 8 256s111.033 248 248 248 248-111.033 248-248S392.967 8 256 8zm0 48c110.532 0 200 89.451 200 200 0 110.532-89.451 200-200 200-110.532 0-200-89.451-200-200 0-110.532 89.451-200 200-200m140.204 130.267l-22.536-22.718c-4.667-4.705-12.265-4.736-16.97-.068L215.346 303.697l-59.792-60.277c-4.667-4.705-12.265-4.736-16.97-.069l-22.719 22.536c-4.705 4.667-4.736 12.265-.068 16.971l90.781 91.516c4.667 4.705 12.265 4.736 16.97.068l172.589-171.204c4.704-4.668 4.734-12.266.067-16.971z\"><\/path><\/svg>\t\t\t<\/div>\n\t\t<\/div>\n\t\t\t\t\t\t<\/div>\n\t\t\t\t<\/div>\n\t\t<div class=\"elementor-element elementor-element-2b7bee9 e-con-full e-flex e-con e-child\" data-id=\"2b7bee9\" data-element_type=\"container\">\n\t\t\t\t<div class=\"elementor-element elementor-element-3ed0ff8 elementor-widget elementor-widget-heading\" data-id=\"3ed0ff8\" data-element_type=\"widget\" data-widget_type=\"heading.default\">\n\t\t\t\t<div class=\"elementor-widget-container\">\n\t\t\t\t\t<h2 class=\"elementor-heading-title elementor-size-default\">Approche scientifique<\/h2>\t\t\t\t<\/div>\n\t\t\t\t<\/div>\n\t\t\t\t<div class=\"elementor-element elementor-element-d32deb7 elementor-widget elementor-widget-text-editor\" data-id=\"d32deb7\" data-element_type=\"widget\" data-widget_type=\"text-editor.default\">\n\t\t\t\t<div class=\"elementor-widget-container\">\n\t\t\t\t\t\t\t\t\t<p>R\u00e9flexion bas\u00e9e sur l&#8217;exp\u00e9rience et l&#8217;observation.<\/p>\t\t\t\t\t\t\t\t<\/div>\n\t\t\t\t<\/div>\n\t\t\t\t<\/div>\n\t\t\t\t<\/div>\n\t\t\t\t<\/div>\n\t\t<div class=\"elementor-element elementor-element-eb223f2 e-con-full e-flex e-con e-child\" data-id=\"eb223f2\" data-element_type=\"container\">\n\t\t\t\t<div class=\"elementor-element elementor-element-543f2a5 elementor-widget elementor-widget-image\" data-id=\"543f2a5\" data-element_type=\"widget\" data-widget_type=\"image.default\">\n\t\t\t\t<div class=\"elementor-widget-container\">\n\t\t\t\t\t\t\t\t\t\t\t\t\t\t\t<img fetchpriority=\"high\" decoding=\"async\" width=\"1920\" height=\"1280\" src=\"https:\/\/www.anivise.fr\/wp-content\/uploads\/2026\/02\/480487675_634516579122507_7484027294954720886_n.jpg\" class=\"attachment-full size-full wp-image-282\" alt=\"\" srcset=\"https:\/\/www.anivise.fr\/wp-content\/uploads\/2026\/02\/480487675_634516579122507_7484027294954720886_n.jpg 1920w, https:\/\/www.anivise.fr\/wp-content\/uploads\/2026\/02\/480487675_634516579122507_7484027294954720886_n-300x200.jpg 300w, https:\/\/www.anivise.fr\/wp-content\/uploads\/2026\/02\/480487675_634516579122507_7484027294954720886_n-1024x683.jpg 1024w, https:\/\/www.anivise.fr\/wp-content\/uploads\/2026\/02\/480487675_634516579122507_7484027294954720886_n-768x512.jpg 768w, https:\/\/www.anivise.fr\/wp-content\/uploads\/2026\/02\/480487675_634516579122507_7484027294954720886_n-1536x1024.jpg 1536w\" sizes=\"(max-width: 1920px) 100vw, 1920px\" \/>\t\t\t\t\t\t\t\t\t\t\t\t\t\t\t<\/div>\n\t\t\t\t<\/div>\n\t\t\t\t<\/div>\n\t\t\t\t\t<\/div>\n\t\t\t\t<\/div>\n\t\t<div class=\"elementor-element elementor-element-d7f8762 e-flex e-con-boxed e-con e-parent\" data-id=\"d7f8762\" data-element_type=\"container\" data-settings=\"{&quot;background_background&quot;:&quot;classic&quot;}\">\n\t\t\t\t\t<div class=\"e-con-inner\">\n\t\t\t\t<div class=\"elementor-element elementor-element-e9311e1 elementor-widget elementor-widget-heading\" data-id=\"e9311e1\" data-element_type=\"widget\" data-widget_type=\"heading.default\">\n\t\t\t\t<div class=\"elementor-widget-container\">\n\t\t\t\t\t<h2 class=\"elementor-heading-title elementor-size-default\">Revoir la pr\u00e9sentation de vos individus<\/h2>\t\t\t\t<\/div>\n\t\t\t\t<\/div>\n\t\t\t\t<div class=\"elementor-element elementor-element-bf59c22 elementor-widget elementor-widget-text-editor\" data-id=\"bf59c22\" data-element_type=\"widget\" data-widget_type=\"text-editor.default\">\n\t\t\t\t<div class=\"elementor-widget-container\">\n\t\t\t\t\t\t\t\t\t<p>Repensez la pr\u00e9sentation de vos oiseaux de vol libre avec un accompagnement sur mesure, pens\u00e9 pour garantir leur int\u00e9grit\u00e9 tout en optimisant leur r\u00e9pertoire comportemental.<\/p>\t\t\t\t\t\t\t\t<\/div>\n\t\t\t\t<\/div>\n\t\t\t\t<div class=\"elementor-element elementor-element-95c114e elementor-widget elementor-widget-button\" data-id=\"95c114e\" data-element_type=\"widget\" data-widget_type=\"button.default\">\n\t\t\t\t<div class=\"elementor-widget-container\">\n\t\t\t\t\t\t\t\t\t<div class=\"elementor-button-wrapper\">\n\t\t\t\t\t<a class=\"elementor-button elementor-button-link elementor-size-sm\" href=\"https:\/\/www.anivise.fr\/index.php\/contact\/\">\n\t\t\t\t\t\t<span class=\"elementor-button-content-wrapper\">\n\t\t\t\t\t\t\t\t\t<span class=\"elementor-button-text\">Demandez un devis<\/span>\n\t\t\t\t\t<\/span>\n\t\t\t\t\t<\/a>\n\t\t\t\t<\/div>\n\t\t\t\t\t\t\t\t<\/div>\n\t\t\t\t<\/div>\n\t\t\t\t\t<\/div>\n\t\t\t\t<\/div>\n\t\t\t\t<\/div>\n\t\t","protected":false},"excerpt":{"rendered":"<p>DESIGN DES VOLI\u00c8RES Des solutions d&#8217;herb\u00e9rgement en croissante am\u00e9lioration La pr\u00e9sentation des rapaces \u00e0 l\u2019attache sur diff\u00e9rents types de perches reste une pratique courante, h\u00e9rit\u00e9e de la fauconnerie traditionnelle.Bien que les syst\u00e8mes de perches aient \u00e9volu\u00e9 ces derni\u00e8res ann\u00e9es, cette m\u00e9thode soul\u00e8ve encore des questions li\u00e9es au bien-\u00eatre des individus. Il existe aujourd\u2019hui des solutions [&hellip;]<\/p>\n","protected":false},"author":1,"featured_media":0,"parent":0,"menu_order":0,"comment_status":"closed","ping_status":"closed","template":"","meta":{"footnotes":""},"class_list":["post-463","page","type-page","status-publish","hentry"],"_links":{"self":[{"href":"https:\/\/www.anivise.fr\/index.php\/wp-json\/wp\/v2\/pages\/463","targetHints":{"allow":["GET"]}}],"collection":[{"href":"https:\/\/www.anivise.fr\/index.php\/wp-json\/wp\/v2\/pages"}],"about":[{"href":"https:\/\/www.anivise.fr\/index.php\/wp-json\/wp\/v2\/types\/page"}],"author":[{"embeddable":true,"href":"https:\/\/www.anivise.fr\/index.php\/wp-json\/wp\/v2\/users\/1"}],"replies":[{"embeddable":true,"href":"https:\/\/www.anivise.fr\/index.php\/wp-json\/wp\/v2\/comments?post=463"}],"version-history":[{"count":33,"href":"https:\/\/www.anivise.fr\/index.php\/wp-json\/wp\/v2\/pages\/463\/revisions"}],"predecessor-version":[{"id":1188,"href":"https:\/\/www.anivise.fr\/index.php\/wp-json\/wp\/v2\/pages\/463\/revisions\/1188"}],"wp:attachment":[{"href":"https:\/\/www.anivise.fr\/index.php\/wp-json\/wp\/v2\/media?parent=463"}],"curies":[{"name":"wp","href":"https:\/\/api.w.org\/{rel}","templated":true}]}}