{"id":500,"date":"2026-03-10T10:50:48","date_gmt":"2026-03-10T10:50:48","guid":{"rendered":"https:\/\/www.anivise.fr\/?page_id=500"},"modified":"2026-03-13T16:59:42","modified_gmt":"2026-03-13T16:59:42","slug":"tenue-administrative","status":"publish","type":"page","link":"https:\/\/www.anivise.fr\/index.php\/tenue-administrative\/","title":{"rendered":"Tenue administrative"},"content":{"rendered":"\t\t<div data-elementor-type=\"wp-page\" data-elementor-id=\"500\" class=\"elementor elementor-500\" data-elementor-post-type=\"page\">\n\t\t\t\t<div class=\"elementor-element elementor-element-6289922 e-con-full e-flex e-con e-parent\" data-id=\"6289922\" data-element_type=\"container\">\n\t\t<div class=\"elementor-element elementor-element-bde1d28 e-flex e-con-boxed e-con e-child\" data-id=\"bde1d28\" data-element_type=\"container\" data-settings=\"{&quot;background_background&quot;:&quot;classic&quot;}\">\n\t\t\t\t\t<div class=\"e-con-inner\">\n\t\t\t\t<div class=\"elementor-element elementor-element-9b2b1fc elementor-widget elementor-widget-heading\" data-id=\"9b2b1fc\" data-element_type=\"widget\" data-widget_type=\"heading.default\">\n\t\t\t\t<div class=\"elementor-widget-container\">\n\t\t\t\t\t<h2 class=\"elementor-heading-title elementor-size-default\">TENUE ADMINISTRATIVE<\/h2>\t\t\t\t<\/div>\n\t\t\t\t<\/div>\n\t\t\t\t\t<\/div>\n\t\t\t\t<\/div>\n\t\t\t\t<\/div>\n\t\t<div class=\"elementor-element elementor-element-6f9f839 e-flex e-con-boxed e-con e-parent\" data-id=\"6f9f839\" data-element_type=\"container\">\n\t\t\t\t\t<div class=\"e-con-inner\">\n\t\t<div class=\"elementor-element elementor-element-4cd686b e-con-full e-flex e-con e-child\" data-id=\"4cd686b\" data-element_type=\"container\">\n\t\t\t\t<div class=\"elementor-element elementor-element-2d053f3 elementor-widget elementor-widget-heading\" data-id=\"2d053f3\" data-element_type=\"widget\" data-widget_type=\"heading.default\">\n\t\t\t\t<div class=\"elementor-widget-container\">\n\t\t\t\t\t<h2 class=\"elementor-heading-title elementor-size-default\">Un suivi adapt\u00e9 de vos \u00e9tablissements afin de respecter une r\u00e9glementation en mouvement<\/h2>\t\t\t\t<\/div>\n\t\t\t\t<\/div>\n\t\t\t\t<\/div>\n\t\t<div class=\"elementor-element elementor-element-4298fc9 e-con-full e-flex e-con e-child\" data-id=\"4298fc9\" data-element_type=\"container\">\n\t\t\t\t<div class=\"elementor-element elementor-element-8575b64 elementor-widget elementor-widget-text-editor\" data-id=\"8575b64\" data-element_type=\"widget\" data-widget_type=\"text-editor.default\">\n\t\t\t\t<div class=\"elementor-widget-container\">\n\t\t\t\t\t\t\t\t\t<p>La r\u00e9glementation encadrant l\u2019h\u00e9bergement d\u2019animaux d\u2019esp\u00e8ces non domestiques \u00e9volue r\u00e9guli\u00e8rement. Dans ce contexte, la gestion administrative d\u2019un \u00e9tablissement peut rapidement devenir complexe, d\u2019autant plus que les informations r\u00e9glementaires sont souvent difficiles \u00e0 trouver, \u00e0 comprendre et \u00e0 appliquer correctement.<\/p>\t\t\t\t\t\t\t\t<\/div>\n\t\t\t\t<\/div>\n\t\t\t\t<\/div>\n\t\t\t\t\t<\/div>\n\t\t\t\t<\/div>\n\t\t<div class=\"elementor-element elementor-element-9b23a49 e-flex e-con-boxed e-con e-parent\" data-id=\"9b23a49\" data-element_type=\"container\">\n\t\t\t\t\t<div class=\"e-con-inner\">\n\t\t<div class=\"elementor-element elementor-element-ecc803a e-con-full e-flex e-con e-child\" data-id=\"ecc803a\" data-element_type=\"container\" data-settings=\"{&quot;background_background&quot;:&quot;classic&quot;}\">\n\t\t\t\t<div class=\"elementor-element elementor-element-0dbc350 elementor-widget elementor-widget-heading\" data-id=\"0dbc350\" data-element_type=\"widget\" data-widget_type=\"heading.default\">\n\t\t\t\t<div class=\"elementor-widget-container\">\n\t\t\t\t\t<h2 class=\"elementor-heading-title elementor-size-default\">ANIVISE, un bureau sp\u00e9cialis\u00e9 dans la r\u00e9glementation<\/h2>\t\t\t\t<\/div>\n\t\t\t\t<\/div>\n\t\t\t\t<div class=\"elementor-element elementor-element-bf30419 elementor-widget elementor-widget-text-editor\" data-id=\"bf30419\" data-element_type=\"widget\" data-widget_type=\"text-editor.default\">\n\t\t\t\t<div class=\"elementor-widget-container\">\n\t\t\t\t\t\t\t\t\t<div class=\"elementor-element elementor-element-c310499 e-flex e-con-boxed parallax_section_no qode_elementor_container_no e-con e-parent e-lazyloaded\" data-id=\"c310499\" data-element_type=\"container\"><div class=\"e-con-inner\"><div class=\"elementor-element elementor-element-399af48 elementor-widget elementor-widget-text-editor\" data-id=\"399af48\" data-element_type=\"widget\" data-widget_type=\"text-editor.default\"><div class=\"elementor-widget-container\"><p>Au sein de notre structure, nous comptons des capacitaires pour la pr\u00e9sentation au public. Notre expertise, renforc\u00e9e depuis 2023 par notre participation aux travaux de la CNCFSC (Commission Nationale Consultative pour la Faune Sauvage Captive) aupr\u00e8s du Minist\u00e8re de la Transition \u00c9cologique et de la Coh\u00e9sion des Territoires, notamment sur les questions li\u00e9es \u00e0 la d\u00e9livrance des Certificats de Capacit\u00e9 et \u00e0 l\u2019\u00e9tude des textes r\u00e9glementaires, nous permet de vous apporter une expertise solide pour la gestion de vos \u00e9tablissements.<\/p><\/div><\/div><\/div><\/div><div class=\"elementor-element elementor-element-ca2da4d e-flex e-con-boxed parallax_section_no qode_elementor_container_no e-con e-parent e-lazyloaded\" data-id=\"ca2da4d\" data-element_type=\"container\"><div class=\"e-con-inner\"><div class=\"elementor-element elementor-element-e4f5968 elementor-widget elementor-widget-spacer\" data-id=\"e4f5968\" data-element_type=\"widget\" data-widget_type=\"spacer.default\"><div class=\"elementor-widget-container\"><div class=\"elementor-spacer\">\u00a0<\/div><\/div><\/div><\/div><\/div>\t\t\t\t\t\t\t\t<\/div>\n\t\t\t\t<\/div>\n\t\t\t\t<\/div>\n\t\t\t\t\t<\/div>\n\t\t\t\t<\/div>\n\t\t<div class=\"elementor-element elementor-element-9c5e38b e-flex e-con-boxed e-con e-parent\" data-id=\"9c5e38b\" data-element_type=\"container\">\n\t\t\t\t\t<div class=\"e-con-inner\">\n\t\t\t\t<div class=\"elementor-element elementor-element-fc7ea3f elementor-widget elementor-widget-heading\" data-id=\"fc7ea3f\" data-element_type=\"widget\" data-widget_type=\"heading.default\">\n\t\t\t\t<div class=\"elementor-widget-container\">\n\t\t\t\t\t<h2 class=\"elementor-heading-title elementor-size-default\">ANIVISE vous propose un suivi personnalis\u00e9 pour des projets uniques<\/h2>\t\t\t\t<\/div>\n\t\t\t\t<\/div>\n\t\t<div class=\"elementor-element elementor-element-e518a00 e-con-full e-flex e-con e-child\" data-id=\"e518a00\" data-element_type=\"container\">\n\t\t<div class=\"elementor-element elementor-element-e536286 e-con-full e-flex e-con e-child\" data-id=\"e536286\" data-element_type=\"container\" data-settings=\"{&quot;background_background&quot;:&quot;classic&quot;}\">\n\t\t\t\t<div class=\"elementor-element elementor-element-a715e08 elementor-widget elementor-widget-image\" data-id=\"a715e08\" data-element_type=\"widget\" data-widget_type=\"image.default\">\n\t\t\t\t<div class=\"elementor-widget-container\">\n\t\t\t\t\t\t\t\t\t\t\t\t\t\t\t<img fetchpriority=\"high\" decoding=\"async\" width=\"800\" height=\"530\" src=\"https:\/\/www.anivise.fr\/wp-content\/uploads\/2026\/03\/Capture-decran-2026-03-10-132456-1024x679.png\" class=\"attachment-large size-large wp-image-510\" alt=\"\" srcset=\"https:\/\/www.anivise.fr\/wp-content\/uploads\/2026\/03\/Capture-decran-2026-03-10-132456-1024x679.png 1024w, https:\/\/www.anivise.fr\/wp-content\/uploads\/2026\/03\/Capture-decran-2026-03-10-132456-300x199.png 300w, https:\/\/www.anivise.fr\/wp-content\/uploads\/2026\/03\/Capture-decran-2026-03-10-132456-768x510.png 768w, https:\/\/www.anivise.fr\/wp-content\/uploads\/2026\/03\/Capture-decran-2026-03-10-132456.png 1135w\" sizes=\"(max-width: 800px) 100vw, 800px\" \/>\t\t\t\t\t\t\t\t\t\t\t\t\t\t\t<\/div>\n\t\t\t\t<\/div>\n\t\t\t\t<div class=\"elementor-element elementor-element-ac79441 elementor-view-default elementor-widget elementor-widget-icon\" data-id=\"ac79441\" data-element_type=\"widget\" data-widget_type=\"icon.default\">\n\t\t\t\t<div class=\"elementor-widget-container\">\n\t\t\t\t\t\t\t<div class=\"elementor-icon-wrapper\">\n\t\t\t<div class=\"elementor-icon\">\n\t\t\t<svg aria-hidden=\"true\" class=\"e-font-icon-svg e-fas-book-open\" viewBox=\"0 0 576 512\" xmlns=\"http:\/\/www.w3.org\/2000\/svg\"><path d=\"M542.22 32.05c-54.8 3.11-163.72 14.43-230.96 55.59-4.64 2.84-7.27 7.89-7.27 13.17v363.87c0 11.55 12.63 18.85 23.28 13.49 69.18-34.82 169.23-44.32 218.7-46.92 16.89-.89 30.02-14.43 30.02-30.66V62.75c.01-17.71-15.35-31.74-33.77-30.7zM264.73 87.64C197.5 46.48 88.58 35.17 33.78 32.05 15.36 31.01 0 45.04 0 62.75V400.6c0 16.24 13.13 29.78 30.02 30.66 49.49 2.6 149.59 12.11 218.77 46.95 10.62 5.35 23.21-1.94 23.21-13.46V100.63c0-5.29-2.62-10.14-7.27-12.99z\"><\/path><\/svg>\t\t\t<\/div>\n\t\t<\/div>\n\t\t\t\t\t\t<\/div>\n\t\t\t\t<\/div>\n\t\t\t\t<div class=\"elementor-element elementor-element-f53beca elementor-widget elementor-widget-heading\" data-id=\"f53beca\" data-element_type=\"widget\" data-widget_type=\"heading.default\">\n\t\t\t\t<div class=\"elementor-widget-container\">\n\t\t\t\t\t<h2 class=\"elementor-heading-title elementor-size-default\">Tenue des registres<\/h2>\t\t\t\t<\/div>\n\t\t\t\t<\/div>\n\t\t\t\t<div class=\"elementor-element elementor-element-1900b55 elementor-widget elementor-widget-text-editor\" data-id=\"1900b55\" data-element_type=\"widget\" data-widget_type=\"text-editor.default\">\n\t\t\t\t<div class=\"elementor-widget-container\">\n\t\t\t\t\t\t\t\t\t<p>Gestion des registres r\u00e9glementaires.<\/p>\t\t\t\t\t\t\t\t<\/div>\n\t\t\t\t<\/div>\n\t\t\t\t<\/div>\n\t\t<div class=\"elementor-element elementor-element-2c8ecb8 e-con-full e-flex e-con e-child\" data-id=\"2c8ecb8\" data-element_type=\"container\" data-settings=\"{&quot;background_background&quot;:&quot;classic&quot;}\">\n\t\t\t\t<div class=\"elementor-element elementor-element-81ea79d elementor-widget elementor-widget-image\" data-id=\"81ea79d\" data-element_type=\"widget\" data-widget_type=\"image.default\">\n\t\t\t\t<div class=\"elementor-widget-container\">\n\t\t\t\t\t\t\t\t\t\t\t\t\t\t\t<img decoding=\"async\" width=\"800\" height=\"534\" src=\"https:\/\/www.anivise.fr\/wp-content\/uploads\/2026\/03\/ChatGPT-Image-10-mars-2026-13_26_56-1024x683.png\" class=\"attachment-large size-large wp-image-514\" alt=\"\" srcset=\"https:\/\/www.anivise.fr\/wp-content\/uploads\/2026\/03\/ChatGPT-Image-10-mars-2026-13_26_56-1024x683.png 1024w, https:\/\/www.anivise.fr\/wp-content\/uploads\/2026\/03\/ChatGPT-Image-10-mars-2026-13_26_56-300x200.png 300w, https:\/\/www.anivise.fr\/wp-content\/uploads\/2026\/03\/ChatGPT-Image-10-mars-2026-13_26_56-768x512.png 768w, https:\/\/www.anivise.fr\/wp-content\/uploads\/2026\/03\/ChatGPT-Image-10-mars-2026-13_26_56.png 1536w\" sizes=\"(max-width: 800px) 100vw, 800px\" \/>\t\t\t\t\t\t\t\t\t\t\t\t\t\t\t<\/div>\n\t\t\t\t<\/div>\n\t\t\t\t<div class=\"elementor-element elementor-element-bcd2ce2 elementor-view-default elementor-widget elementor-widget-icon\" data-id=\"bcd2ce2\" data-element_type=\"widget\" data-widget_type=\"icon.default\">\n\t\t\t\t<div class=\"elementor-widget-container\">\n\t\t\t\t\t\t\t<div class=\"elementor-icon-wrapper\">\n\t\t\t<div class=\"elementor-icon\">\n\t\t\t<svg aria-hidden=\"true\" class=\"e-font-icon-svg e-fab-earlybirds\" viewBox=\"0 0 480 512\" xmlns=\"http:\/\/www.w3.org\/2000\/svg\"><path d=\"M313.2 47.5c1.2-13 21.3-14 36.6-8.7.9.3 26.2 9.7 19 15.2-27.9-7.4-56.4 18.2-55.6-6.5zm-201 6.9c30.7-8.1 62 20 61.1-7.1-1.3-14.2-23.4-15.3-40.2-9.6-1 .3-28.7 10.5-20.9 16.7zM319.4 160c-8.8 0-16 7.2-16 16s7.2 16 16 16 16-7.2 16-16-7.2-16-16-16zm-159.7 0c-8.8 0-16 7.2-16 16s7.2 16 16 16 16-7.2 16-16-7.2-16-16-16zm318.5 163.2c-9.9 24-40.7 11-63.9-1.2-13.5 69.1-58.1 111.4-126.3 124.2.3.9-2-.1 24 1 33.6 1.4 63.8-3.1 97.4-8-19.8-13.8-11.4-37.1-9.8-38.1 1.4-.9 14.7 1.7 21.6 11.5 8.6-12.5 28.4-14.8 30.2-13.6 1.6 1.1 6.6 20.9-6.9 34.6 4.7-.9 8.2-1.6 9.8-2.1 2.6-.8 17.7 11.3 3.1 13.3-14.3 2.3-22.6 5.1-47.1 10.8-45.9 10.7-85.9 11.8-117.7 12.8l1 11.6c3.8 18.1-23.4 24.3-27.6 6.2.8 17.9-27.1 21.8-28.4-1l-.5 5.3c-.7 18.4-28.4 17.9-28.3-.6-7.5 13.5-28.1 6.8-26.4-8.5l1.2-12.4c-36.7.9-59.7 3.1-61.8 3.1-20.9 0-20.9-31.6 0-31.6 2.4 0 27.7 1.3 63.2 2.8-61.1-15.5-103.7-55-114.9-118.2-25 12.8-57.5 26.8-68.2.8-10.5-25.4 21.5-42.6 66.8-73.4.7-6.6 1.6-13.3 2.7-19.8-14.4-19.6-11.6-36.3-16.1-60.4-16.8 2.4-23.2-9.1-23.6-23.1.3-7.3 2.1-14.9 2.4-15.4 1.1-1.8 10.1-2 12.7-2.6 6-31.7 50.6-33.2 90.9-34.5 19.7-21.8 45.2-41.5 80.9-48.3C203.3 29 215.2 8.5 216.2 8c1.7-.8 21.2 4.3 26.3 23.2 5.2-8.8 18.3-11.4 19.6-10.7 1.1.6 6.4 15-4.9 25.9 40.3 3.5 72.2 24.7 96 50.7 36.1 1.5 71.8 5.9 77.1 34 2.7.6 11.6.8 12.7 2.6.3.5 2.1 8.1 2.4 15.4-.5 13.9-6.8 25.4-23.6 23.1-3.2 17.3-2.7 32.9-8.7 47.7 2.4 11.7 4 23.8 4.8 36.4 37 25.4 70.3 42.5 60.3 66.9zM207.4 159.9c.9-44-37.9-42.2-78.6-40.3-21.7 1-38.9 1.9-45.5 13.9-11.4 20.9 5.9 92.9 23.2 101.2 9.8 4.7 73.4 7.9 86.3-7.1 8.2-9.4 15-49.4 14.6-67.7zm52 58.3c-4.3-12.4-6-30.1-15.3-32.7-2-.5-9-.5-11 0-10 2.8-10.8 22.1-17 37.2 15.4 0 19.3 9.7 23.7 9.7 4.3 0 6.3-11.3 19.6-14.2zm135.7-84.7c-6.6-12.1-24.8-12.9-46.5-13.9-40.2-1.9-78.2-3.8-77.3 40.3-.5 18.3 5 58.3 13.2 67.8 13 14.9 76.6 11.8 86.3 7.1 15.8-7.6 36.5-78.9 24.3-101.3z\"><\/path><\/svg>\t\t\t<\/div>\n\t\t<\/div>\n\t\t\t\t\t\t<\/div>\n\t\t\t\t<\/div>\n\t\t\t\t<div class=\"elementor-element elementor-element-1bb8a0d elementor-widget elementor-widget-heading\" data-id=\"1bb8a0d\" data-element_type=\"widget\" data-widget_type=\"heading.default\">\n\t\t\t\t<div class=\"elementor-widget-container\">\n\t\t\t\t\t<h2 class=\"elementor-heading-title elementor-size-default\">Papiers individuels<\/h2>\t\t\t\t<\/div>\n\t\t\t\t<\/div>\n\t\t\t\t<div class=\"elementor-element elementor-element-1d0a6e8 elementor-widget elementor-widget-text-editor\" data-id=\"1d0a6e8\" data-element_type=\"widget\" data-widget_type=\"text-editor.default\">\n\t\t\t\t<div class=\"elementor-widget-container\">\n\t\t\t\t\t\t\t\t\t<p>I-fap, d\u00e9claration de marquage, CIC, cessions.<\/p>\t\t\t\t\t\t\t\t<\/div>\n\t\t\t\t<\/div>\n\t\t\t\t<\/div>\n\t\t<div class=\"elementor-element elementor-element-3364137 e-con-full e-flex e-con e-child\" data-id=\"3364137\" data-element_type=\"container\" data-settings=\"{&quot;background_background&quot;:&quot;classic&quot;}\">\n\t\t\t\t<div class=\"elementor-element elementor-element-4386854 elementor-widget elementor-widget-image\" data-id=\"4386854\" data-element_type=\"widget\" data-widget_type=\"image.default\">\n\t\t\t\t<div class=\"elementor-widget-container\">\n\t\t\t\t\t\t\t\t\t\t\t\t\t\t\t<img decoding=\"async\" width=\"800\" height=\"528\" src=\"https:\/\/www.anivise.fr\/wp-content\/uploads\/2026\/03\/Capture-decran-2026-03-10-132504-1024x676.png\" class=\"attachment-large size-large wp-image-511\" alt=\"\" srcset=\"https:\/\/www.anivise.fr\/wp-content\/uploads\/2026\/03\/Capture-decran-2026-03-10-132504-1024x676.png 1024w, https:\/\/www.anivise.fr\/wp-content\/uploads\/2026\/03\/Capture-decran-2026-03-10-132504-300x198.png 300w, https:\/\/www.anivise.fr\/wp-content\/uploads\/2026\/03\/Capture-decran-2026-03-10-132504-768x507.png 768w, https:\/\/www.anivise.fr\/wp-content\/uploads\/2026\/03\/Capture-decran-2026-03-10-132504.png 1141w\" sizes=\"(max-width: 800px) 100vw, 800px\" \/>\t\t\t\t\t\t\t\t\t\t\t\t\t\t\t<\/div>\n\t\t\t\t<\/div>\n\t\t\t\t<div class=\"elementor-element elementor-element-acd7358 elementor-view-default elementor-widget elementor-widget-icon\" data-id=\"acd7358\" data-element_type=\"widget\" data-widget_type=\"icon.default\">\n\t\t\t\t<div class=\"elementor-widget-container\">\n\t\t\t\t\t\t\t<div class=\"elementor-icon-wrapper\">\n\t\t\t<div class=\"elementor-icon\">\n\t\t\t<svg aria-hidden=\"true\" class=\"e-font-icon-svg e-fas-university\" viewBox=\"0 0 512 512\" xmlns=\"http:\/\/www.w3.org\/2000\/svg\"><path d=\"M496 128v16a8 8 0 0 1-8 8h-24v12c0 6.627-5.373 12-12 12H60c-6.627 0-12-5.373-12-12v-12H24a8 8 0 0 1-8-8v-16a8 8 0 0 1 4.941-7.392l232-88a7.996 7.996 0 0 1 6.118 0l232 88A8 8 0 0 1 496 128zm-24 304H40c-13.255 0-24 10.745-24 24v16a8 8 0 0 0 8 8h464a8 8 0 0 0 8-8v-16c0-13.255-10.745-24-24-24zM96 192v192H60c-6.627 0-12 5.373-12 12v20h416v-20c0-6.627-5.373-12-12-12h-36V192h-64v192h-64V192h-64v192h-64V192H96z\"><\/path><\/svg>\t\t\t<\/div>\n\t\t<\/div>\n\t\t\t\t\t\t<\/div>\n\t\t\t\t<\/div>\n\t\t\t\t<div class=\"elementor-element elementor-element-01f6e10 elementor-widget elementor-widget-heading\" data-id=\"01f6e10\" data-element_type=\"widget\" data-widget_type=\"heading.default\">\n\t\t\t\t<div class=\"elementor-widget-container\">\n\t\t\t\t\t<h2 class=\"elementor-heading-title elementor-size-default\">Veille r\u00e9glementaire<\/h2>\t\t\t\t<\/div>\n\t\t\t\t<\/div>\n\t\t\t\t<div class=\"elementor-element elementor-element-4533801 elementor-widget elementor-widget-text-editor\" data-id=\"4533801\" data-element_type=\"widget\" data-widget_type=\"text-editor.default\">\n\t\t\t\t<div class=\"elementor-widget-container\">\n\t\t\t\t\t\t\t\t\t<p>Suivi des obligations l\u00e9gales.<\/p>\t\t\t\t\t\t\t\t<\/div>\n\t\t\t\t<\/div>\n\t\t\t\t<\/div>\n\t\t<div class=\"elementor-element elementor-element-2556711 e-con-full e-flex e-con e-child\" data-id=\"2556711\" data-element_type=\"container\" data-settings=\"{&quot;background_background&quot;:&quot;classic&quot;}\">\n\t\t\t\t<div class=\"elementor-element elementor-element-6991534 elementor-widget elementor-widget-image\" data-id=\"6991534\" data-element_type=\"widget\" data-widget_type=\"image.default\">\n\t\t\t\t<div class=\"elementor-widget-container\">\n\t\t\t\t\t\t\t\t\t\t\t\t\t\t\t<img loading=\"lazy\" decoding=\"async\" width=\"800\" height=\"530\" src=\"https:\/\/www.anivise.fr\/wp-content\/uploads\/2026\/03\/Capture-decran-2026-03-10-132514-1024x678.png\" class=\"attachment-large size-large wp-image-512\" alt=\"\" srcset=\"https:\/\/www.anivise.fr\/wp-content\/uploads\/2026\/03\/Capture-decran-2026-03-10-132514-1024x678.png 1024w, https:\/\/www.anivise.fr\/wp-content\/uploads\/2026\/03\/Capture-decran-2026-03-10-132514-300x199.png 300w, https:\/\/www.anivise.fr\/wp-content\/uploads\/2026\/03\/Capture-decran-2026-03-10-132514-768x508.png 768w, https:\/\/www.anivise.fr\/wp-content\/uploads\/2026\/03\/Capture-decran-2026-03-10-132514.png 1136w\" sizes=\"(max-width: 800px) 100vw, 800px\" \/>\t\t\t\t\t\t\t\t\t\t\t\t\t\t\t<\/div>\n\t\t\t\t<\/div>\n\t\t\t\t<div class=\"elementor-element elementor-element-cd1a295 elementor-view-default elementor-widget elementor-widget-icon\" data-id=\"cd1a295\" data-element_type=\"widget\" data-widget_type=\"icon.default\">\n\t\t\t\t<div class=\"elementor-widget-container\">\n\t\t\t\t\t\t\t<div class=\"elementor-icon-wrapper\">\n\t\t\t<div class=\"elementor-icon\">\n\t\t\t<svg aria-hidden=\"true\" class=\"e-font-icon-svg e-fas-folder-open\" viewBox=\"0 0 576 512\" xmlns=\"http:\/\/www.w3.org\/2000\/svg\"><path d=\"M572.694 292.093L500.27 416.248A63.997 63.997 0 0 1 444.989 448H45.025c-18.523 0-30.064-20.093-20.731-36.093l72.424-124.155A64 64 0 0 1 152 256h399.964c18.523 0 30.064 20.093 20.73 36.093zM152 224h328v-48c0-26.51-21.49-48-48-48H272l-64-64H48C21.49 64 0 85.49 0 112v278.046l69.077-118.418C86.214 242.25 117.989 224 152 224z\"><\/path><\/svg>\t\t\t<\/div>\n\t\t<\/div>\n\t\t\t\t\t\t<\/div>\n\t\t\t\t<\/div>\n\t\t\t\t<div class=\"elementor-element elementor-element-296ff6f elementor-widget elementor-widget-heading\" data-id=\"296ff6f\" data-element_type=\"widget\" data-widget_type=\"heading.default\">\n\t\t\t\t<div class=\"elementor-widget-container\">\n\t\t\t\t\t<h2 class=\"elementor-heading-title elementor-size-default\">Dossiers administratifs<\/h2>\t\t\t\t<\/div>\n\t\t\t\t<\/div>\n\t\t\t\t<div class=\"elementor-element elementor-element-6e04862 elementor-widget elementor-widget-text-editor\" data-id=\"6e04862\" data-element_type=\"widget\" data-widget_type=\"text-editor.default\">\n\t\t\t\t<div class=\"elementor-widget-container\">\n\t\t\t\t\t\t\t\t\t<p>Certificats de capacit\u00e9, autorisation d&#8217;ouverture d&#8217;\u00e9tablissement.<\/p>\t\t\t\t\t\t\t\t<\/div>\n\t\t\t\t<\/div>\n\t\t\t\t<\/div>\n\t\t\t\t<\/div>\n\t\t\t\t\t<\/div>\n\t\t\t\t<\/div>\n\t\t<div class=\"elementor-element elementor-element-d7f8762 e-flex e-con-boxed e-con e-parent\" data-id=\"d7f8762\" data-element_type=\"container\" data-settings=\"{&quot;background_background&quot;:&quot;classic&quot;}\">\n\t\t\t\t\t<div class=\"e-con-inner\">\n\t\t\t\t<div class=\"elementor-element elementor-element-e9311e1 elementor-widget elementor-widget-heading\" data-id=\"e9311e1\" data-element_type=\"widget\" data-widget_type=\"heading.default\">\n\t\t\t\t<div class=\"elementor-widget-container\">\n\t\t\t\t\t<h2 class=\"elementor-heading-title elementor-size-default\">Une r\u00e9glementation trop complexe ?<\/h2>\t\t\t\t<\/div>\n\t\t\t\t<\/div>\n\t\t\t\t<div class=\"elementor-element elementor-element-bf59c22 elementor-widget elementor-widget-text-editor\" data-id=\"bf59c22\" data-element_type=\"widget\" data-widget_type=\"text-editor.default\">\n\t\t\t\t<div class=\"elementor-widget-container\">\n\t\t\t\t\t\t\t\t\t<p>ANIVISE vous aide \u00e0 comprendre, appliquer <br \/>et anticiper les obligations r\u00e9glementaires <br \/>li\u00e9es \u00e0 l&#8217;h\u00e9bergement d\u2019animaux d\u2019esp\u00e8ces non domestiques.<\/p>\t\t\t\t\t\t\t\t<\/div>\n\t\t\t\t<\/div>\n\t\t\t\t<div class=\"elementor-element elementor-element-95c114e elementor-widget elementor-widget-button\" data-id=\"95c114e\" data-element_type=\"widget\" data-widget_type=\"button.default\">\n\t\t\t\t<div class=\"elementor-widget-container\">\n\t\t\t\t\t\t\t\t\t<div class=\"elementor-button-wrapper\">\n\t\t\t\t\t<a class=\"elementor-button elementor-button-link elementor-size-sm\" href=\"https:\/\/www.anivise.fr\/index.php\/contact\/\">\n\t\t\t\t\t\t<span class=\"elementor-button-content-wrapper\">\n\t\t\t\t\t\t\t\t\t<span class=\"elementor-button-text\">Demandez un devis<\/span>\n\t\t\t\t\t<\/span>\n\t\t\t\t\t<\/a>\n\t\t\t\t<\/div>\n\t\t\t\t\t\t\t\t<\/div>\n\t\t\t\t<\/div>\n\t\t\t\t\t<\/div>\n\t\t\t\t<\/div>\n\t\t\t\t<\/div>\n\t\t","protected":false},"excerpt":{"rendered":"<p>TENUE ADMINISTRATIVE Un suivi adapt\u00e9 de vos \u00e9tablissements afin de respecter une r\u00e9glementation en mouvement La r\u00e9glementation encadrant l\u2019h\u00e9bergement d\u2019animaux d\u2019esp\u00e8ces non domestiques \u00e9volue r\u00e9guli\u00e8rement. Dans ce contexte, la gestion administrative d\u2019un \u00e9tablissement peut rapidement devenir complexe, d\u2019autant plus que les informations r\u00e9glementaires sont souvent difficiles \u00e0 trouver, \u00e0 comprendre et \u00e0 appliquer correctement. ANIVISE, [&hellip;]<\/p>\n","protected":false},"author":1,"featured_media":0,"parent":0,"menu_order":0,"comment_status":"closed","ping_status":"closed","template":"","meta":{"footnotes":""},"class_list":["post-500","page","type-page","status-publish","hentry"],"_links":{"self":[{"href":"https:\/\/www.anivise.fr\/index.php\/wp-json\/wp\/v2\/pages\/500","targetHints":{"allow":["GET"]}}],"collection":[{"href":"https:\/\/www.anivise.fr\/index.php\/wp-json\/wp\/v2\/pages"}],"about":[{"href":"https:\/\/www.anivise.fr\/index.php\/wp-json\/wp\/v2\/types\/page"}],"author":[{"embeddable":true,"href":"https:\/\/www.anivise.fr\/index.php\/wp-json\/wp\/v2\/users\/1"}],"replies":[{"embeddable":true,"href":"https:\/\/www.anivise.fr\/index.php\/wp-json\/wp\/v2\/comments?post=500"}],"version-history":[{"count":16,"href":"https:\/\/www.anivise.fr\/index.php\/wp-json\/wp\/v2\/pages\/500\/revisions"}],"predecessor-version":[{"id":1241,"href":"https:\/\/www.anivise.fr\/index.php\/wp-json\/wp\/v2\/pages\/500\/revisions\/1241"}],"wp:attachment":[{"href":"https:\/\/www.anivise.fr\/index.php\/wp-json\/wp\/v2\/media?parent=500"}],"curies":[{"name":"wp","href":"https:\/\/api.w.org\/{rel}","templated":true}]}}